{"id":1114,"date":"2013-09-02T15:08:19","date_gmt":"2013-09-02T15:08:19","guid":{"rendered":"https:\/\/cinemascop.eu\/2013\/?page_id=1114"},"modified":"2013-09-03T04:48:28","modified_gmt":"2013-09-03T04:48:28","slug":"falticeni","status":"publish","type":"page","link":"https:\/\/cinemascop.eu\/2013\/program\/falticeni\/","title":{"rendered":"F\u0102LTICENI"},"content":{"rendered":"<div class=\"title\"><h2>F\u0102LTICENI- octombrie 2013<\/h2><\/div>\nCENTRUL CULTURAL &#8220;GRIGORE VASILIU BIRLIC&#8221;<\/p>\n<span class=\"highlight1\">Miercuri 16 octombrie<\/span>\n<p>17.00 &#8211; PIELEA \u00ceN CARE TR\u0102IESC<br \/>\n19.00 &#8211; MINCIUNI ADEV\u0102RATE<\/p>\n<span class=\"highlight1\">Joi 17 octombrie<\/span>\n<p>17.00 &#8211; V\u00c2N\u0102TOAREA<br \/>\n19.00 &#8211; STARBUCK<\/p>\n","protected":false},"excerpt":{"rendered":"<p>CENTRUL CULTURAL &#8220;GRIGORE VASILIU BIRLIC&#8221; 17.00 &#8211; PIELEA \u00ceN CARE TR\u0102IESC 19.00 &#8211; MINCIUNI ADEV\u0102RATE 17.00 &#8211; V\u00c2N\u0102TOAREA 19.00 &#8211; STARBUCK<\/p>\n","protected":false},"author":4,"featured_media":0,"parent":24,"menu_order":0,"comment_status":"open","ping_status":"closed","template":"side-navigation.php","meta":[],"_links":{"self":[{"href":"https:\/\/cinemascop.eu\/2013\/wp-json\/wp\/v2\/pages\/1114"}],"collection":[{"href":"https:\/\/cinemascop.eu\/2013\/wp-json\/wp\/v2\/pages"}],"about":[{"href":"https:\/\/cinemascop.eu\/2013\/wp-json\/wp\/v2\/types\/page"}],"author":[{"embeddable":true,"href":"https:\/\/cinemascop.eu\/2013\/wp-json\/wp\/v2\/users\/4"}],"replies":[{"embeddable":true,"href":"https:\/\/cinemascop.eu\/2013\/wp-json\/wp\/v2\/comments?post=1114"}],"version-history":[{"count":3,"href":"https:\/\/cinemascop.eu\/2013\/wp-json\/wp\/v2\/pages\/1114\/revisions"}],"predecessor-version":[{"id":1156,"href":"https:\/\/cinemascop.eu\/2013\/wp-json\/wp\/v2\/pages\/1114\/revisions\/1156"}],"up":[{"embeddable":true,"href":"https:\/\/cinemascop.eu\/2013\/wp-json\/wp\/v2\/pages\/24"}],"wp:attachment":[{"href":"https:\/\/cinemascop.eu\/2013\/wp-json\/wp\/v2\/media?parent=1114"}],"curies":[{"name":"wp","href":"https:\/\/api.w.org\/{rel}","templated":true}]}}