{"id":1118,"date":"2013-09-02T15:17:17","date_gmt":"2013-09-02T15:17:17","guid":{"rendered":"https:\/\/cinemascop.eu\/2013\/?page_id=1118"},"modified":"2013-10-06T08:31:52","modified_gmt":"2013-10-06T08:31:52","slug":"oradea","status":"publish","type":"page","link":"https:\/\/cinemascop.eu\/2013\/program\/oradea\/","title":{"rendered":"ORADEA"},"content":{"rendered":"<div class=\"title\"><h2>ORADEA &#8211; octombrie 2013<\/h2><\/div>\nCASA DE CULTUR\u0102 A SINDICATELOR<\/p>\n<span class=\"highlight1\">Mar\u021bi  01 octombrie <\/span>\n<p>19.30 &#8211; CINE ZICE, \u0102LA ESTE<\/p>\n<span class=\"highlight1\">Miercuri  02 octombrie <\/span>\n<p>19.30 &#8211; \u00ceN CEA\u021a\u0102<\/p>\n<span class=\"highlight1\">Joi  03 octombrie <\/span>\n<p>19.30 &#8211; STR\u0102INA<\/p>\n<span class=\"highlight1\">Miercuri 9 octombrie <\/span>\n<p>19.30 &#8211; PIELEA \u00ceN CARE TR\u0102IESC<\/p>\n<span class=\"highlight1\">Joi  10 octombrie <\/span>\n<p>19.30 &#8211; MOTOARE SFINTE<\/p>\n<span class=\"highlight1\">Duminic\u0103  13 octombrie <\/span>\n<p>19.30 &#8211; STARBUCK<\/p>\n<span class=\"highlight1\">Marti  15 octombrie <\/span>\n<p>19.30 &#8211; MINCIUNI ADEV\u0102RATE<\/p>\n<span class=\"highlight1\">Miercuri  16 octombrie <\/span>\n<p>19.30 &#8211; INCENDII<\/p>\n<span class=\"highlight1\">Vineri  18 octombrie  <\/span>\n<p>19.30 &#8211; CU PAPA LA PSIHIATRU<\/p>\n<span class=\"highlight1\">Duminic\u0103 20 octombrie <\/span>\n<p>19.30 &#8211; V\u00c2N\u0102TOAREA<\/p>\n","protected":false},"excerpt":{"rendered":"<p>CASA DE CULTUR\u0102 A SINDICATELOR 19.30 &#8211; CINE ZICE, \u0102LA ESTE 19.30 &#8211; \u00ceN CEA\u021a\u0102 19.30 &#8211; STR\u0102INA 19.30 &#8211; PIELEA \u00ceN CARE TR\u0102IESC 19.30 &#8211; MOTOARE SFINTE 19.30 &#8211; STARBUCK 19.30 &#8211; MINCIUNI ADEV\u0102RATE 19.30 &#8211; INCENDII 19.30 &#8211; CU PAPA LA PSIHIATRU 19.30 &#8211; V\u00c2N\u0102TOAREA<\/p>\n","protected":false},"author":4,"featured_media":0,"parent":24,"menu_order":0,"comment_status":"open","ping_status":"closed","template":"side-navigation.php","meta":[],"_links":{"self":[{"href":"https:\/\/cinemascop.eu\/2013\/wp-json\/wp\/v2\/pages\/1118"}],"collection":[{"href":"https:\/\/cinemascop.eu\/2013\/wp-json\/wp\/v2\/pages"}],"about":[{"href":"https:\/\/cinemascop.eu\/2013\/wp-json\/wp\/v2\/types\/page"}],"author":[{"embeddable":true,"href":"https:\/\/cinemascop.eu\/2013\/wp-json\/wp\/v2\/users\/4"}],"replies":[{"embeddable":true,"href":"https:\/\/cinemascop.eu\/2013\/wp-json\/wp\/v2\/comments?post=1118"}],"version-history":[{"count":5,"href":"https:\/\/cinemascop.eu\/2013\/wp-json\/wp\/v2\/pages\/1118\/revisions"}],"predecessor-version":[{"id":1300,"href":"https:\/\/cinemascop.eu\/2013\/wp-json\/wp\/v2\/pages\/1118\/revisions\/1300"}],"up":[{"embeddable":true,"href":"https:\/\/cinemascop.eu\/2013\/wp-json\/wp\/v2\/pages\/24"}],"wp:attachment":[{"href":"https:\/\/cinemascop.eu\/2013\/wp-json\/wp\/v2\/media?parent=1118"}],"curies":[{"name":"wp","href":"https:\/\/api.w.org\/{rel}","templated":true}]}}