{"id":1121,"date":"2013-09-02T15:19:31","date_gmt":"2013-09-02T15:19:31","guid":{"rendered":"https:\/\/cinemascop.eu\/2013\/?page_id=1121"},"modified":"2013-09-03T04:48:59","modified_gmt":"2013-09-03T04:48:59","slug":"roman","status":"publish","type":"page","link":"https:\/\/cinemascop.eu\/2013\/program\/roman\/","title":{"rendered":"ROMAN"},"content":{"rendered":"<div class=\"title\"><h2>ROMAN &#8211; octombrie 2013<\/h2><\/div>\nCASA DE CULTURA ROMAN<\/p>\n<span class=\"highlight1\">vineri 11 octombrie<\/span>\n<p>18.00 \u2013 DUP\u0102 DEALURI<br \/>\n21.00 \u2013 POZI\u021aIA COPILULUI<\/p>\n<span class=\"highlight1\">s\u00e2mb\u0103t\u0103 12 octombrie<\/span>\n<p>17.00 &#8211; CU PAPA LA PSIHIATRU<br \/>\n19.00 &#8211; STARBUCK<br \/>\n21.00 &#8211; PIELEA \u00ceN CARE TR\u0102IESC<\/p>\n","protected":false},"excerpt":{"rendered":"<p>CASA DE CULTURA ROMAN 18.00 \u2013 DUP\u0102 DEALURI 21.00 \u2013 POZI\u021aIA COPILULUI 17.00 &#8211; CU PAPA LA PSIHIATRU 19.00 &#8211; STARBUCK 21.00 &#8211; PIELEA \u00ceN CARE TR\u0102IESC<\/p>\n","protected":false},"author":4,"featured_media":0,"parent":24,"menu_order":0,"comment_status":"open","ping_status":"closed","template":"side-navigation.php","meta":[],"_links":{"self":[{"href":"https:\/\/cinemascop.eu\/2013\/wp-json\/wp\/v2\/pages\/1121"}],"collection":[{"href":"https:\/\/cinemascop.eu\/2013\/wp-json\/wp\/v2\/pages"}],"about":[{"href":"https:\/\/cinemascop.eu\/2013\/wp-json\/wp\/v2\/types\/page"}],"author":[{"embeddable":true,"href":"https:\/\/cinemascop.eu\/2013\/wp-json\/wp\/v2\/users\/4"}],"replies":[{"embeddable":true,"href":"https:\/\/cinemascop.eu\/2013\/wp-json\/wp\/v2\/comments?post=1121"}],"version-history":[{"count":2,"href":"https:\/\/cinemascop.eu\/2013\/wp-json\/wp\/v2\/pages\/1121\/revisions"}],"predecessor-version":[{"id":1157,"href":"https:\/\/cinemascop.eu\/2013\/wp-json\/wp\/v2\/pages\/1121\/revisions\/1157"}],"up":[{"embeddable":true,"href":"https:\/\/cinemascop.eu\/2013\/wp-json\/wp\/v2\/pages\/24"}],"wp:attachment":[{"href":"https:\/\/cinemascop.eu\/2013\/wp-json\/wp\/v2\/media?parent=1121"}],"curies":[{"name":"wp","href":"https:\/\/api.w.org\/{rel}","templated":true}]}}