{"id":1123,"date":"2013-09-02T15:22:48","date_gmt":"2013-09-02T15:22:48","guid":{"rendered":"https:\/\/cinemascop.eu\/2013\/?page_id=1123"},"modified":"2013-09-09T09:59:11","modified_gmt":"2013-09-09T09:59:11","slug":"slobozia","status":"publish","type":"page","link":"https:\/\/cinemascop.eu\/2013\/program\/slobozia\/","title":{"rendered":"SLOBOZIA"},"content":{"rendered":"<div class=\"title\"><h2>SLOBOZIA &#8211; septembrie 2013<\/h2><\/div>\nCASA DE CULTURA A MUNICIPIULUI SLOBOZIA (FOSTUL CINEMA GALAX)<\/p>\n<span class=\"highlight1\">S\u00e2mb\u0103t\u0103 21 septembrie<\/span>\n<p>16.00 &#8211; V\u00c2N\u0102TOAREA<\/p>\n<span class=\"highlight1\">Duminic\u0103 22\u00a0septembrie <\/span>\n<p>16.00 &#8211; MOTOARE SFINTE<\/p>\n<span class=\"highlight1\">S\u00e2mb\u0103t\u0103 28\u00a0septembrie <\/span>\n<p>16.00 &#8211; \u00ceN CEA\u021a\u0102<\/p>\n<span class=\"highlight1\">Duminic\u0103 29\u00a0septembrie <\/span>\n<p>16.00 &#8211; PIELEA \u00ceN CARE TR\u0102IESC<br \/>\n20.00 &#8211; CU PAPA LA PSIHIATRU<\/p>\n","protected":false},"excerpt":{"rendered":"<p>CASA DE CULTURA A MUNICIPIULUI SLOBOZIA (FOSTUL CINEMA GALAX) 16.00 &#8211; V\u00c2N\u0102TOAREA 16.00 &#8211; MOTOARE SFINTE 16.00 &#8211; \u00ceN CEA\u021a\u0102 16.00 &#8211; PIELEA \u00ceN CARE TR\u0102IESC 20.00 &#8211; CU PAPA LA PSIHIATRU<\/p>\n","protected":false},"author":4,"featured_media":0,"parent":24,"menu_order":0,"comment_status":"open","ping_status":"closed","template":"side-navigation.php","meta":[],"_links":{"self":[{"href":"https:\/\/cinemascop.eu\/2013\/wp-json\/wp\/v2\/pages\/1123"}],"collection":[{"href":"https:\/\/cinemascop.eu\/2013\/wp-json\/wp\/v2\/pages"}],"about":[{"href":"https:\/\/cinemascop.eu\/2013\/wp-json\/wp\/v2\/types\/page"}],"author":[{"embeddable":true,"href":"https:\/\/cinemascop.eu\/2013\/wp-json\/wp\/v2\/users\/4"}],"replies":[{"embeddable":true,"href":"https:\/\/cinemascop.eu\/2013\/wp-json\/wp\/v2\/comments?post=1123"}],"version-history":[{"count":5,"href":"https:\/\/cinemascop.eu\/2013\/wp-json\/wp\/v2\/pages\/1123\/revisions"}],"predecessor-version":[{"id":1222,"href":"https:\/\/cinemascop.eu\/2013\/wp-json\/wp\/v2\/pages\/1123\/revisions\/1222"}],"up":[{"embeddable":true,"href":"https:\/\/cinemascop.eu\/2013\/wp-json\/wp\/v2\/pages\/24"}],"wp:attachment":[{"href":"https:\/\/cinemascop.eu\/2013\/wp-json\/wp\/v2\/media?parent=1123"}],"curies":[{"name":"wp","href":"https:\/\/api.w.org\/{rel}","templated":true}]}}