{"id":1127,"date":"2013-09-02T15:26:48","date_gmt":"2013-09-02T15:26:48","guid":{"rendered":"https:\/\/cinemascop.eu\/2013\/?page_id=1127"},"modified":"2013-09-03T04:51:02","modified_gmt":"2013-09-03T04:51:02","slug":"suceava","status":"publish","type":"page","link":"https:\/\/cinemascop.eu\/2013\/program\/suceava\/","title":{"rendered":"SUCEAVA"},"content":{"rendered":"<div class=\"title\"><h2>SUCEAVA- octombrie 2013<\/h2><\/div>\nUNIVERSITATEA &#8220;STEFAN CEL MARE SUCEAVA&#8221;<br \/>\nSALA AUDITORIUM &#8220;JOSEPH SCHMIDT&#8221; DIN CADRUL CORPULUI F.<\/p>\n<span class=\"highlight1\">Duminic\u0103 13 octombrie<\/span>\n<p>17.00 &#8211; V\u00c2N\u0102TOAREA<br \/>\n19.00 &#8211; STARBUCK<\/p>\n<span class=\"highlight1\">Luni 14 octombrie<\/span>\n<p>17.00 &#8211; STR\u0102INA<br \/>\n19.00 &#8211; CU PAPA LA PSIHIATRU<\/p>\n<span class=\"highlight1\">Mar\u021bi 15 octombrie<\/span>\n<p>17.00 &#8211; INCENDII<br \/>\n19.00 &#8211; CINE ZICE, \u0102LA ESTE<\/p>\n","protected":false},"excerpt":{"rendered":"<p>UNIVERSITATEA &#8220;STEFAN CEL MARE SUCEAVA&#8221; SALA AUDITORIUM &#8220;JOSEPH SCHMIDT&#8221; DIN CADRUL CORPULUI F. 17.00 &#8211; V\u00c2N\u0102TOAREA 19.00 &#8211; STARBUCK 17.00 &#8211; STR\u0102INA 19.00 &#8211; CU PAPA LA PSIHIATRU 17.00 &#8211; INCENDII 19.00 &#8211; CINE ZICE, \u0102LA ESTE<\/p>\n","protected":false},"author":4,"featured_media":0,"parent":24,"menu_order":0,"comment_status":"open","ping_status":"closed","template":"side-navigation.php","meta":[],"_links":{"self":[{"href":"https:\/\/cinemascop.eu\/2013\/wp-json\/wp\/v2\/pages\/1127"}],"collection":[{"href":"https:\/\/cinemascop.eu\/2013\/wp-json\/wp\/v2\/pages"}],"about":[{"href":"https:\/\/cinemascop.eu\/2013\/wp-json\/wp\/v2\/types\/page"}],"author":[{"embeddable":true,"href":"https:\/\/cinemascop.eu\/2013\/wp-json\/wp\/v2\/users\/4"}],"replies":[{"embeddable":true,"href":"https:\/\/cinemascop.eu\/2013\/wp-json\/wp\/v2\/comments?post=1127"}],"version-history":[{"count":4,"href":"https:\/\/cinemascop.eu\/2013\/wp-json\/wp\/v2\/pages\/1127\/revisions"}],"predecessor-version":[{"id":1159,"href":"https:\/\/cinemascop.eu\/2013\/wp-json\/wp\/v2\/pages\/1127\/revisions\/1159"}],"up":[{"embeddable":true,"href":"https:\/\/cinemascop.eu\/2013\/wp-json\/wp\/v2\/pages\/24"}],"wp:attachment":[{"href":"https:\/\/cinemascop.eu\/2013\/wp-json\/wp\/v2\/media?parent=1127"}],"curies":[{"name":"wp","href":"https:\/\/api.w.org\/{rel}","templated":true}]}}