{"id":1130,"date":"2013-09-02T15:29:13","date_gmt":"2013-09-02T15:29:13","guid":{"rendered":"https:\/\/cinemascop.eu\/2013\/?page_id=1130"},"modified":"2013-09-02T15:32:36","modified_gmt":"2013-09-02T15:32:36","slug":"zalau","status":"publish","type":"page","link":"https:\/\/cinemascop.eu\/2013\/program\/zalau\/","title":{"rendered":"ZAL\u0102U"},"content":{"rendered":"<div class=\"title\"><h2>ZALAU &#8211; octombrie 2013<\/h2><\/div>\nCASA MUNICIPAL\u0102 DE CULTUR\u0102<\/p>\n<span class=\"highlight1\">Mar\u021bi  22 octombrie<\/span>\n<p>17.00 &#8211; STR\u0102INA<br \/>\n20.00 &#8211; CU PAPA LA PSIHIATRU<\/p>\n<span class=\"highlight1\">Miercuri  23 octombrie <\/span>\n<p>17.00 &#8211; INCENDII<br \/>\n20.00 &#8211; PIELEA \u00ceN CARE TR\u0102IESC<\/p>\n","protected":false},"excerpt":{"rendered":"<p>CASA MUNICIPAL\u0102 DE CULTUR\u0102 17.00 &#8211; STR\u0102INA 20.00 &#8211; CU PAPA LA PSIHIATRU 17.00 &#8211; INCENDII 20.00 &#8211; PIELEA \u00ceN CARE TR\u0102IESC<\/p>\n","protected":false},"author":4,"featured_media":0,"parent":24,"menu_order":0,"comment_status":"open","ping_status":"closed","template":"side-navigation.php","meta":[],"_links":{"self":[{"href":"https:\/\/cinemascop.eu\/2013\/wp-json\/wp\/v2\/pages\/1130"}],"collection":[{"href":"https:\/\/cinemascop.eu\/2013\/wp-json\/wp\/v2\/pages"}],"about":[{"href":"https:\/\/cinemascop.eu\/2013\/wp-json\/wp\/v2\/types\/page"}],"author":[{"embeddable":true,"href":"https:\/\/cinemascop.eu\/2013\/wp-json\/wp\/v2\/users\/4"}],"replies":[{"embeddable":true,"href":"https:\/\/cinemascop.eu\/2013\/wp-json\/wp\/v2\/comments?post=1130"}],"version-history":[{"count":4,"href":"https:\/\/cinemascop.eu\/2013\/wp-json\/wp\/v2\/pages\/1130\/revisions"}],"predecessor-version":[{"id":1161,"href":"https:\/\/cinemascop.eu\/2013\/wp-json\/wp\/v2\/pages\/1130\/revisions\/1161"}],"up":[{"embeddable":true,"href":"https:\/\/cinemascop.eu\/2013\/wp-json\/wp\/v2\/pages\/24"}],"wp:attachment":[{"href":"https:\/\/cinemascop.eu\/2013\/wp-json\/wp\/v2\/media?parent=1130"}],"curies":[{"name":"wp","href":"https:\/\/api.w.org\/{rel}","templated":true}]}}