{"id":1133,"date":"2013-09-02T15:30:38","date_gmt":"2013-09-02T15:30:38","guid":{"rendered":"https:\/\/cinemascop.eu\/2013\/?page_id=1133"},"modified":"2013-09-02T15:30:38","modified_gmt":"2013-09-02T15:30:38","slug":"brasov","status":"publish","type":"page","link":"https:\/\/cinemascop.eu\/2013\/program\/brasov\/","title":{"rendered":"BRASOV"},"content":{"rendered":"<div class=\"title\"><h2>BRASOV &#8211; octombrie 2013<\/h2><\/div>\nCENTRUL CULTURAL REDUTA<\/p>\n<span class=\"highlight1\">Vineri 04 octombrie<\/span>\n<p>16.30 &#8211; MINCIUNI ADEV\u0102RATE<br \/>\n18.45 &#8211; CINE ZICE, \u0102LA ESTE<br \/>\n21.00 &#8211; INCENDII<\/p>\n<span class=\"highlight1\">S\u00e2mb\u0103t\u0103 05 octombrie<\/span>\n<p>16.30 &#8211; \u00ceN CEA\u021a\u0102<br \/>\n18.45 &#8211; CU PAPA LA PSIHIATRU<br \/>\n21.00 &#8211; STR\u0102INA<\/p>\n<span class=\"highlight1\"> Duminic\u0103 06 octombrie<\/span>\n<p>15.00 &#8211; MOTOARE SFINTE<br \/>\n17.30 &#8211; STARBUCK<br \/>\n20.00 &#8211; V\u00c2N\u0102TOAREA<\/p>\n","protected":false},"excerpt":{"rendered":"<p>CENTRUL CULTURAL REDUTA 16.30 &#8211; MINCIUNI ADEV\u0102RATE 18.45 &#8211; CINE ZICE, \u0102LA ESTE 21.00 &#8211; INCENDII 16.30 &#8211; \u00ceN CEA\u021a\u0102 18.45 &#8211; CU PAPA LA PSIHIATRU 21.00 &#8211; STR\u0102INA 15.00 &#8211; MOTOARE SFINTE 17.30 &#8211; STARBUCK 20.00 &#8211; V\u00c2N\u0102TOAREA<\/p>\n","protected":false},"author":4,"featured_media":0,"parent":24,"menu_order":0,"comment_status":"open","ping_status":"closed","template":"side-navigation.php","meta":[],"_links":{"self":[{"href":"https:\/\/cinemascop.eu\/2013\/wp-json\/wp\/v2\/pages\/1133"}],"collection":[{"href":"https:\/\/cinemascop.eu\/2013\/wp-json\/wp\/v2\/pages"}],"about":[{"href":"https:\/\/cinemascop.eu\/2013\/wp-json\/wp\/v2\/types\/page"}],"author":[{"embeddable":true,"href":"https:\/\/cinemascop.eu\/2013\/wp-json\/wp\/v2\/users\/4"}],"replies":[{"embeddable":true,"href":"https:\/\/cinemascop.eu\/2013\/wp-json\/wp\/v2\/comments?post=1133"}],"version-history":[{"count":1,"href":"https:\/\/cinemascop.eu\/2013\/wp-json\/wp\/v2\/pages\/1133\/revisions"}],"predecessor-version":[{"id":1134,"href":"https:\/\/cinemascop.eu\/2013\/wp-json\/wp\/v2\/pages\/1133\/revisions\/1134"}],"up":[{"embeddable":true,"href":"https:\/\/cinemascop.eu\/2013\/wp-json\/wp\/v2\/pages\/24"}],"wp:attachment":[{"href":"https:\/\/cinemascop.eu\/2013\/wp-json\/wp\/v2\/media?parent=1133"}],"curies":[{"name":"wp","href":"https:\/\/api.w.org\/{rel}","templated":true}]}}