{"id":1193,"date":"2013-09-04T11:14:28","date_gmt":"2013-09-04T11:14:28","guid":{"rendered":"https:\/\/cinemascop.eu\/2013\/?page_id=1193"},"modified":"2013-09-04T11:19:19","modified_gmt":"2013-09-04T11:19:19","slug":"constanta","status":"publish","type":"page","link":"https:\/\/cinemascop.eu\/2013\/program\/constanta\/","title":{"rendered":"CONSTAN\u021aA"},"content":{"rendered":"<div class=\"title\"><h2>CONSTAN\u021aA- octombrie 2013<\/h2><\/div>\nCASA DE CULTUR\u0102 A SINDICATELOR<\/p>\n<span class=\"highlight1\">S\u00e2mb\u0103t\u0103 26 octombrie<\/span>\n<p>17.00 &#8211; V\u00c2N\u0102TOAREA<\/p>\n<span class=\"highlight1\">Duminic\u0103 27 octombrie<\/span>\n<p>14.00 &#8211; STARBUCK<\/p>\n","protected":false},"excerpt":{"rendered":"<p>CASA DE CULTUR\u0102 A SINDICATELOR 17.00 &#8211; V\u00c2N\u0102TOAREA 14.00 &#8211; STARBUCK<\/p>\n","protected":false},"author":4,"featured_media":0,"parent":24,"menu_order":0,"comment_status":"open","ping_status":"closed","template":"side-navigation.php","meta":[],"_links":{"self":[{"href":"https:\/\/cinemascop.eu\/2013\/wp-json\/wp\/v2\/pages\/1193"}],"collection":[{"href":"https:\/\/cinemascop.eu\/2013\/wp-json\/wp\/v2\/pages"}],"about":[{"href":"https:\/\/cinemascop.eu\/2013\/wp-json\/wp\/v2\/types\/page"}],"author":[{"embeddable":true,"href":"https:\/\/cinemascop.eu\/2013\/wp-json\/wp\/v2\/users\/4"}],"replies":[{"embeddable":true,"href":"https:\/\/cinemascop.eu\/2013\/wp-json\/wp\/v2\/comments?post=1193"}],"version-history":[{"count":3,"href":"https:\/\/cinemascop.eu\/2013\/wp-json\/wp\/v2\/pages\/1193\/revisions"}],"predecessor-version":[{"id":1195,"href":"https:\/\/cinemascop.eu\/2013\/wp-json\/wp\/v2\/pages\/1193\/revisions\/1195"}],"up":[{"embeddable":true,"href":"https:\/\/cinemascop.eu\/2013\/wp-json\/wp\/v2\/pages\/24"}],"wp:attachment":[{"href":"https:\/\/cinemascop.eu\/2013\/wp-json\/wp\/v2\/media?parent=1193"}],"curies":[{"name":"wp","href":"https:\/\/api.w.org\/{rel}","templated":true}]}}