{"id":1236,"date":"2013-09-10T09:08:56","date_gmt":"2013-09-10T09:08:56","guid":{"rendered":"https:\/\/cinemascop.eu\/2013\/?page_id=1236"},"modified":"2013-09-10T09:19:18","modified_gmt":"2013-09-10T09:19:18","slug":"vaslui","status":"publish","type":"page","link":"https:\/\/cinemascop.eu\/2013\/program\/vaslui\/","title":{"rendered":"VASLUI"},"content":{"rendered":"<div class=\"title\"><h2>VASLUI &#8211; septembrie 2013<\/h2><\/div>\n<p>EUROCINEMA SILVER MALL<\/p>\n<p>&nbsp;<\/p>\n<div class=\"one_third\">\n<span class=\"highlight1\">Vineri 20 septembrie<\/span>\n<p><b><i><br \/>\nSala 1 Galben\u0103 <\/i><\/b><\/p>\n<p>18.00 &#8211; PIELEA \u00ceN CARE TR\u0102IESC<\/p>\n<p>20.15 &#8211; HABEMUS PAPAM<\/p>\n<p>&nbsp;<\/p>\n<p>&nbsp;<\/p>\n<p><b><i>Sala 2 Ro\u0219ie<\/i><\/b><\/p>\n<p>18.15 &#8211; STARBUCK<\/p>\n<p>20.00 &#8211; MINCIUNI ADEV\u0102RATE<br \/>\n<\/div>\n<div class=\"one_third\">\n<span class=\"highlight1\">S\u00e2mb\u0103t\u0103 21 septembrie<\/span>\n<p><b><i><br \/>\nSala 1 Galben\u0103 <\/i><\/b><\/p>\n<p>14.15 &#8211; HABEMUS PAPAM<\/p>\n<p>16.00 &#8211; MOTOARE SFINTE<\/p>\n<p>18.00 &#8211; INCENDII<\/p>\n<p>20.15 &#8211; HABEMUS PAPAM<\/p>\n<p><b><i>Sala 2 Ro\u0219ie<\/i><\/b><\/p>\n<p>14.15 &#8211; MINCIUNI ADEV\u0102RATE<\/p>\n<p>16.15 &#8211; STARBUCK<\/p>\n<p>18.15 &#8211; MINCIUNI ADEV\u0102RATE<\/p>\n<p>20.00 &#8211; CINE ZICE, \u0102LA ESTE!<br \/>\n<\/div>\n<div class=\"one_third last\">\n<span class=\"highlight1\">Duminic\u0103\u00a0 22 septembrie<\/span>\n<p><b><i><br \/>\nSala 1 Galben\u0103 <\/i><\/b><\/p>\n<p>14.00 &#8211; INCENDII<\/p>\n<p>16.00 &#8211; MOTOARE SFINTE<\/p>\n<p>18.00 &#8211; HABEMUS PAPAM<\/p>\n<p>20.10 &#8211; PIELEA \u00ceN CARE TR\u0102IESC<\/p>\n<p><b><i>Sala 2 Ro\u0219ie<\/i><\/b><\/p>\n<p>14.15 &#8211; CINE ZICE, \u0102LA ESTE!<\/p>\n<p>16.15 &#8211; MINCIUNI ADEV\u0102RATE<\/p>\n<p>18.15 &#8211; CINE ZICE, \u0102LA ESTE!<\/p>\n<p>20.00 &#8211; STARBUCK<br \/>\n<\/div><div class=\"clearboth\"><\/div>\n<div class=\"one_third\">\n<span class=\"highlight1\">Mar\u021bi 24 septembrie<\/span>\n<p><b><i><br \/>\nSala 1 Galben\u0103 <\/i><\/b><\/p>\n<p>18.00 &#8211; PIELEA \u00ceN CARE TR\u0102IESC<\/p>\n<p>20.15 &#8211; MOTOARE SFINTE<br \/>\n<\/div>\n<div class=\"one_third\">\n<span class=\"highlight1\">Miercuri 25 septembrie<\/span>\n<p><b><i><br \/>\nSala 1 Galben\u0103 <\/i><\/b><\/p>\n<p>18.00 &#8211; INCENDII<\/p>\n<p>20.15 &#8211; HABEMUS PAPAM<\/p>\n<p><i>\u00a0<\/i><\/p>\n<p><b><i>Sala 2 Ro\u0219ie<\/i><\/b><\/p>\n<p>18.15 &#8211; CINE ZICE, \u0102LA ESTE!<\/p>\n<p>20.15 &#8211; MINCIUNI ADEV\u0102RATE<br \/>\n<\/div>\n<div class=\"one_third last\">\n<span class=\"highlight1\">Joi \u00a026 septembrie<\/span>\n<p><b><i><br \/>\nSala 1 Galben\u0103 <\/i><\/b><\/p>\n<p>18.00 &#8211; PIELEA \u00ceN CARE TR\u0102IESC<\/p>\n<p>20.15 &#8211; MOTOARE SFINTE<\/p>\n<p><i>\u00a0<\/i><\/p>\n<p><b><i>Sala 2 Ro\u0219ie<\/i><\/b><\/p>\n<p>18.15 &#8211; MINCIUNI ADEV\u0102RATE<\/p>\n<p>20.15 &#8211; STARBUCK<br \/>\n<\/div><div class=\"clearboth\"><\/div>\n","protected":false},"excerpt":{"rendered":"<p>EUROCINEMA SILVER MALL &nbsp;<\/p>\n","protected":false},"author":4,"featured_media":0,"parent":24,"menu_order":0,"comment_status":"open","ping_status":"closed","template":"side-navigation.php","meta":[],"_links":{"self":[{"href":"https:\/\/cinemascop.eu\/2013\/wp-json\/wp\/v2\/pages\/1236"}],"collection":[{"href":"https:\/\/cinemascop.eu\/2013\/wp-json\/wp\/v2\/pages"}],"about":[{"href":"https:\/\/cinemascop.eu\/2013\/wp-json\/wp\/v2\/types\/page"}],"author":[{"embeddable":true,"href":"https:\/\/cinemascop.eu\/2013\/wp-json\/wp\/v2\/users\/4"}],"replies":[{"embeddable":true,"href":"https:\/\/cinemascop.eu\/2013\/wp-json\/wp\/v2\/comments?post=1236"}],"version-history":[{"count":5,"href":"https:\/\/cinemascop.eu\/2013\/wp-json\/wp\/v2\/pages\/1236\/revisions"}],"predecessor-version":[{"id":1253,"href":"https:\/\/cinemascop.eu\/2013\/wp-json\/wp\/v2\/pages\/1236\/revisions\/1253"}],"up":[{"embeddable":true,"href":"https:\/\/cinemascop.eu\/2013\/wp-json\/wp\/v2\/pages\/24"}],"wp:attachment":[{"href":"https:\/\/cinemascop.eu\/2013\/wp-json\/wp\/v2\/media?parent=1236"}],"curies":[{"name":"wp","href":"https:\/\/api.w.org\/{rel}","templated":true}]}}