{"id":1307,"date":"2013-11-03T17:14:56","date_gmt":"2013-11-03T17:14:56","guid":{"rendered":"https:\/\/cinemascop.eu\/2013\/?page_id=1307"},"modified":"2013-11-03T17:15:20","modified_gmt":"2013-11-03T17:15:20","slug":"craiova","status":"publish","type":"page","link":"https:\/\/cinemascop.eu\/2013\/program\/craiova\/","title":{"rendered":"CRAIOVA"},"content":{"rendered":"<div class=\"title\"><h2>CRAIOVA &#8211; noiembrie 2013<\/h2><\/div>\n<span class=\"highlight1\">Vineri 08 noiembrie<\/span>\n<p>19.00 &#8211; LOVE BUILDING <\/p>\n<span class=\"highlight1\">S\u00e2mb\u0103t\u0103 09 noiembrie<\/span>\n<p>14.00 &#8211; DOLCE FAR NIENTE<br \/>\n16.00 &#8211; O LUN\u0102 \u00ceN THAILANDA<br \/>\n18.00 &#8211; BUN\u0102! CE FACI?<br \/>\n20.00 &#8211; POZI\u021aIA COPILULUI<\/p>\n<span class=\"highlight1\"> Duminic\u0103 10 noiembrie<\/span>\n<p>14.00 &#8211; OCCIDENT<br \/>\n16.00 &#8211; DOMESTIC<br \/>\n18.00 &#8211; AMINTIRI DIN EPOCA DE AUR<br \/>\n20.00 &#8211; DUP\u0102 DEALURI<\/p>\n","protected":false},"excerpt":{"rendered":"<p>19.00 &#8211; LOVE BUILDING 14.00 &#8211; DOLCE FAR NIENTE 16.00 &#8211; O LUN\u0102 \u00ceN THAILANDA 18.00 &#8211; BUN\u0102! CE FACI? 20.00 &#8211; POZI\u021aIA COPILULUI 14.00 &#8211; OCCIDENT 16.00 &#8211; DOMESTIC 18.00 &#8211; AMINTIRI DIN EPOCA DE AUR 20.00 &#8211; DUP\u0102 DEALURI<\/p>\n","protected":false},"author":4,"featured_media":0,"parent":24,"menu_order":0,"comment_status":"open","ping_status":"closed","template":"side-navigation.php","meta":[],"_links":{"self":[{"href":"https:\/\/cinemascop.eu\/2013\/wp-json\/wp\/v2\/pages\/1307"}],"collection":[{"href":"https:\/\/cinemascop.eu\/2013\/wp-json\/wp\/v2\/pages"}],"about":[{"href":"https:\/\/cinemascop.eu\/2013\/wp-json\/wp\/v2\/types\/page"}],"author":[{"embeddable":true,"href":"https:\/\/cinemascop.eu\/2013\/wp-json\/wp\/v2\/users\/4"}],"replies":[{"embeddable":true,"href":"https:\/\/cinemascop.eu\/2013\/wp-json\/wp\/v2\/comments?post=1307"}],"version-history":[{"count":2,"href":"https:\/\/cinemascop.eu\/2013\/wp-json\/wp\/v2\/pages\/1307\/revisions"}],"predecessor-version":[{"id":1309,"href":"https:\/\/cinemascop.eu\/2013\/wp-json\/wp\/v2\/pages\/1307\/revisions\/1309"}],"up":[{"embeddable":true,"href":"https:\/\/cinemascop.eu\/2013\/wp-json\/wp\/v2\/pages\/24"}],"wp:attachment":[{"href":"https:\/\/cinemascop.eu\/2013\/wp-json\/wp\/v2\/media?parent=1307"}],"curies":[{"name":"wp","href":"https:\/\/api.w.org\/{rel}","templated":true}]}}