{"id":22,"date":"2013-03-16T19:20:09","date_gmt":"2013-03-16T19:20:09","guid":{"rendered":"https:\/\/cinemascop.eu\/2013\/?page_id=22"},"modified":"2013-09-02T07:14:14","modified_gmt":"2013-09-02T07:14:14","slug":"in-ceata","status":"publish","type":"page","link":"https:\/\/cinemascop.eu\/2013\/filme\/in-ceata\/","title":{"rendered":"\u00ceN CEA\u021a\u0102"},"content":{"rendered":"<div class=\"title\"><h2> \u00ceN CEA\u021a\u0102 \/ IN THE FOG \/ V TUMANE (2012) &#8211; drama<\/h2><\/div>\n<p>dup\u0103 romanul scriitorului bielorus Vasile Bikov<br \/>\nregia: Serghei Loznitza<br \/>\nimaginea: Oleg Mutu<br \/>\n127\u2019<\/p>\n<div class=\"flexslider\"><ul class=\"slides\">\n<li class=\"image\"><img src=\" https:\/\/cinemascop.eu\/2013\/wp-content\/uploads\/2013\/03\/film1_in_ceata_1.jpg\" alt=\"\" \/><\/li>\n<li class=\"image\"><img src=\" https:\/\/cinemascop.eu\/2013\/wp-content\/uploads\/2013\/03\/film1_in_ceata_2.jpg\" alt=\"\" \/><\/li>\n<li class=\"image\"><img src=\" https:\/\/cinemascop.eu\/2013\/wp-content\/uploads\/2013\/03\/film1_in_ceata_3.jpg\" alt=\"\" \/><\/li>\n<\/ul><\/div>\n<p><strong>1942. URSS.<\/strong> Grani\u021ba de vest aflat\u0103 sub ocupa\u021bie german\u0103. Un b\u0103rbat rus acuzat pe nedrept de colabora\u021bionism cu armata german\u0103. Cum s\u0103 faci o alegere moral\u0103 \u00een circumstan\u021be \u00een care morala nu mai exist\u0103? \u00cen timpul celui de-al doilea R\u0103zboi Mondial, nimeni nu este inocent?<\/p>\n<p><strong>Premii:<\/strong> Premiul Criticii FIPRESCI \u2013 Cannes 2012<br \/>\nGolden Apricot &#8211;\u00a0 FestivalInterna\u021bional de Film de la\u00a0 Yerevan,<br \/>\nMarelePremiu la Festivalul Interna\u021bional de la Minsk<br \/>\nMarele Premiu la Festivalul Interna\u021bional de la Odessa.<\/p>\n<p><strong>O viziune<\/strong> emotionant\u0103 asupra umanit\u0103\u021bii \u00eentr-o lume diabolic\u0103. Dur\u0103 \u0219i provocatoare.<br \/>\n<a href=\"http:\/\/www.empireonline.com\/reviews\/reviewcomplete.asp?FID=138137\" target=\"_blank\">Empire David Parkinson<\/a><a href=\"http:\/\/www.empireonline.com\/reviews\/reviewcomplete.asp?FID=138137\"><br \/>\n<\/a>Dac\u0103 filmul are un star, acela este directorul de imagine Oleg Mutu, rom\u00e2nul care a filmat <i>Moartea domnului Lazarescu <\/i>si <i>4 luni, 3 saptamani, 2 zile.<\/i> Chiar \u0219i atunci c\u00e2nd ritmul este mai lent, imaginile r\u0103m\u00e2n captivante, vibrante.<br \/>\n<a href=\"http:\/\/www.nypost.com\/p\/entertainment\/movies\/hard_to_see_through_fog_HvFSnNbbmVzZBLazXqYrJM\" target=\"_blank\">New York Post Farran Smith Nehme<\/a><br \/>\nO capodoper\u0103 a cinematografiei veritabile!<br \/>\n<a href=\"http:\/\/www.telegraph.co.uk\/culture\/film\/filmreviews\/10018259\/In-the-Fog-review.html\" target=\"_blank\">The Telegraph Robbie Collin<\/a><\/p>\n<p><strong>Distribu\u021bia:<\/strong> Vladimir Svirskiy, Vladislav Abashin, Sergei Kolesov, Nikita Peremotovs, Yuliya Peresild, Kirill Petrov, Dmitrijs Kolosovs, Stepans Bogdanovs, Dmitry Bykovskiy, Vlad Ivanov, Igor Khripunov, Nadezhda Markina,\u00a0 Boris Kamorzin, Mikhail Evlanov, Sergey Russkin, Timofey Tribuntsev;<\/p>\n","protected":false},"excerpt":{"rendered":"<p>dup\u0103 romanul scriitorului bielorus Vasile Bikov regia: Serghei Loznitza imaginea: Oleg Mutu 127\u2019 1942. URSS. Grani\u021ba de vest aflat\u0103 sub ocupa\u021bie german\u0103. Un b\u0103rbat rus acuzat pe nedrept de colabora\u021bionism cu armata german\u0103. Cum s\u0103 faci o alegere moral\u0103 \u00een circumstan\u021be \u00een care morala nu mai exist\u0103? \u00cen timpul celui de-al doilea R\u0103zboi Mondial, nimeni nu este inocent? Premii: Premiul Criticii FIPRESCI \u2013 Cannes 2012 Golden Apricot &#8211;\u00a0 FestivalInterna\u021bional de Film de la\u00a0 Yerevan, MarelePremiu la Festivalul Interna\u021bional de la Minsk Marele Premiu la Festivalul Interna\u021bional de la Odessa. O viziune emotionant\u0103 asupra umanit\u0103\u021bii \u00eentr-o lume diabolic\u0103. Dur\u0103 \u0219i provocatoare. Empire David Parkinson Dac\u0103 filmul are un star, acela este directorul de imagine Oleg Mutu, rom\u00e2nul care a filmat Moartea domnului Lazarescu si 4 luni, 3 saptamani, 2 zile. Chiar \u0219i atunci c\u00e2nd ritmul este mai lent, imaginile r\u0103m\u00e2n captivante, vibrante. New York Post Farran Smith Nehme O capodoper\u0103 a cinematografiei veritabile! The Telegraph Robbie Collin Distribu\u021bia: Vladimir Svirskiy, Vladislav Abashin, Sergei Kolesov, Nikita Peremotovs, Yuliya Peresild, Kirill Petrov, Dmitrijs Kolosovs, Stepans Bogdanovs, Dmitry Bykovskiy, Vlad Ivanov, Igor Khripunov, Nadezhda Markina,\u00a0 Boris Kamorzin, Mikhail Evlanov, Sergey Russkin, Timofey Tribuntsev;<\/p>\n","protected":false},"author":4,"featured_media":0,"parent":730,"menu_order":1,"comment_status":"open","ping_status":"closed","template":"side-navigation.php","meta":[],"_links":{"self":[{"href":"https:\/\/cinemascop.eu\/2013\/wp-json\/wp\/v2\/pages\/22"}],"collection":[{"href":"https:\/\/cinemascop.eu\/2013\/wp-json\/wp\/v2\/pages"}],"about":[{"href":"https:\/\/cinemascop.eu\/2013\/wp-json\/wp\/v2\/types\/page"}],"author":[{"embeddable":true,"href":"https:\/\/cinemascop.eu\/2013\/wp-json\/wp\/v2\/users\/4"}],"replies":[{"embeddable":true,"href":"https:\/\/cinemascop.eu\/2013\/wp-json\/wp\/v2\/comments?post=22"}],"version-history":[{"count":5,"href":"https:\/\/cinemascop.eu\/2013\/wp-json\/wp\/v2\/pages\/22\/revisions"}],"predecessor-version":[{"id":979,"href":"https:\/\/cinemascop.eu\/2013\/wp-json\/wp\/v2\/pages\/22\/revisions\/979"}],"up":[{"embeddable":true,"href":"https:\/\/cinemascop.eu\/2013\/wp-json\/wp\/v2\/pages\/730"}],"wp:attachment":[{"href":"https:\/\/cinemascop.eu\/2013\/wp-json\/wp\/v2\/media?parent=22"}],"curies":[{"name":"wp","href":"https:\/\/api.w.org\/{rel}","templated":true}]}}