{"id":672,"date":"2013-08-30T11:03:13","date_gmt":"2013-08-30T11:03:13","guid":{"rendered":"https:\/\/cinemascop.eu\/2013\/?page_id=672"},"modified":"2013-08-31T06:00:56","modified_gmt":"2013-08-31T06:00:56","slug":"vanatoarea","status":"publish","type":"page","link":"https:\/\/cinemascop.eu\/2013\/filme\/vanatoarea\/","title":{"rendered":"V\u00c2N\u0102TOAREA"},"content":{"rendered":"<div class=\"title\"><h2>V\u00c2N\u0102TOAREA \/ THE HUNT \/ JAGTEN\u00a0 (2012)\u00a0 &#8211; dram\u0103<\/h2><\/div>\n<p>scenariul Tobias Lindholm \u0219i Thomas Vinterberg<br \/>\nregia: Thomas Vinterberg<br \/>\n106\u2019<\/p>\n<div class=\"flexslider\"><ul class=\"slides\">\n<li class=\"image\"><img src=\" https:\/\/cinemascop.eu\/2013\/wp-content\/uploads\/2013\/08\/film2_vanatoarea_1.jpg\" alt=\"\" \/><\/li>\n<li class=\"image\"><img src=\" https:\/\/cinemascop.eu\/2013\/wp-content\/uploads\/2013\/08\/film2_vanatoarea_2.jpg\" alt=\"\" \/><\/li>\n<li class=\"image\"><img src=\" https:\/\/cinemascop.eu\/2013\/wp-content\/uploads\/2013\/08\/film2_vanatoarea_3.jpg\" alt=\"\" \/><\/li>\n<\/ul><\/div>\n<p><strong>The Hunt<\/strong> se petrece \u00eentr-un or\u0103\u015fel de provincie, cu pu\u0163in timp \u00eenainte de Cr\u0103ciun. Lucas, de 40 de ani, \u00eencearc\u0103 s\u0103-\u015fi pun\u0103 via\u0163a \u00een ordine dup\u0103 un divor\u0163 dureros: are o prieten\u0103 nou\u0103, un job nou \u015fi \u0163ine leg\u0103tura cu Marcus, fiul lui adolescent. \u00cens\u0103 lucrurile scap\u0103 din nou de sub control. O vorb\u0103 \u00eent\u00e2mpl\u0103toare, o mic\u0103 minciun\u0103, \u015fi &#8211; odat\u0103 cu z\u0103pada \u015fi cu luminile Cr\u0103ciunului &#8211; minciuna se r\u0103sp\u00e2nde\u015fte ca un virus, sem\u0103n\u00e2nd groaz\u0103 \u015fi ne\u00eencredere, p\u00e2n\u0103 la o isterie colectiv\u0103 \u00een care Lucas lupt\u0103 de unul singur pentru via\u0163a \u015fi demnitatea lui<\/p>\n<p><strong>10 premii \u0219i 7 nominaliz\u0103ri:<\/strong> BAFTA, Cannes Film Festival, British Independent Film Award, European Film Awards, Ghent International Film Festival, London Critics Circle Film Awards, Palm Springs IFF, Vancouver IFF etc.<br \/>\nAn outstanding lead performance by Mads Mikkelsen (who won best actor for the role at Cannes in 2012) anchors this hauntingly layered and nuanced drama of a man falsely accused of a terrible deed. Claudia Puig, USA Today<br \/>\nIt is forthright, powerful, composed and directed with clarity and overwhelming force, yet capable of great subtlety and nuance. Peter Bradshow, The Guardian<\/p>\n<p><strong>Distribu\u021bia:<\/strong> Mads Mikkelsen, Thomas Bo Larsen, Annika Wedderkopp, Lasse Fogelstrom, Susse Wold, Annne Louise Hassing, Lars Ranthe, Alexandra Rapaport, Sebastina Bull Sarning, Steen Ordell Guldbrand Jensen, Daniel Engstrup, Troels Thorsen &#8230;<\/p>\n","protected":false},"excerpt":{"rendered":"<p>scenariul Tobias Lindholm \u0219i Thomas Vinterberg regia: Thomas Vinterberg 106\u2019 The Hunt se petrece \u00eentr-un or\u0103\u015fel de provincie, cu pu\u0163in timp \u00eenainte de Cr\u0103ciun. Lucas, de 40 de ani, \u00eencearc\u0103 s\u0103-\u015fi pun\u0103 via\u0163a \u00een ordine dup\u0103 un divor\u0163 dureros: are o prieten\u0103 nou\u0103, un job nou \u015fi \u0163ine leg\u0103tura cu Marcus, fiul lui adolescent. \u00cens\u0103 lucrurile scap\u0103 din nou de sub control. O vorb\u0103 \u00eent\u00e2mpl\u0103toare, o mic\u0103 minciun\u0103, \u015fi &#8211; odat\u0103 cu z\u0103pada \u015fi cu luminile Cr\u0103ciunului &#8211; minciuna se r\u0103sp\u00e2nde\u015fte ca un virus, sem\u0103n\u00e2nd groaz\u0103 \u015fi ne\u00eencredere, p\u00e2n\u0103 la o isterie colectiv\u0103 \u00een care Lucas lupt\u0103 de unul singur pentru via\u0163a \u015fi demnitatea lui 10 premii \u0219i 7 nominaliz\u0103ri: BAFTA, Cannes Film Festival, British Independent Film Award, European Film Awards, Ghent International Film Festival, London Critics Circle Film Awards, Palm Springs IFF, Vancouver IFF etc. An outstanding lead performance by Mads Mikkelsen (who won best actor for the role at Cannes in 2012) anchors this hauntingly layered and nuanced drama of a man falsely accused of a terrible deed. Claudia Puig, USA Today It is forthright, powerful, composed and directed with clarity and overwhelming force, yet capable of great subtlety and nuance. Peter Bradshow, The Guardian Distribu\u021bia: Mads Mikkelsen, Thomas Bo Larsen, Annika Wedderkopp, Lasse Fogelstrom, Susse Wold, Annne Louise Hassing, Lars Ranthe, Alexandra Rapaport, Sebastina Bull Sarning, Steen Ordell Guldbrand Jensen, Daniel Engstrup, Troels Thorsen &#8230;<\/p>\n","protected":false},"author":4,"featured_media":0,"parent":730,"menu_order":2,"comment_status":"open","ping_status":"closed","template":"side-navigation.php","meta":[],"_links":{"self":[{"href":"https:\/\/cinemascop.eu\/2013\/wp-json\/wp\/v2\/pages\/672"}],"collection":[{"href":"https:\/\/cinemascop.eu\/2013\/wp-json\/wp\/v2\/pages"}],"about":[{"href":"https:\/\/cinemascop.eu\/2013\/wp-json\/wp\/v2\/types\/page"}],"author":[{"embeddable":true,"href":"https:\/\/cinemascop.eu\/2013\/wp-json\/wp\/v2\/users\/4"}],"replies":[{"embeddable":true,"href":"https:\/\/cinemascop.eu\/2013\/wp-json\/wp\/v2\/comments?post=672"}],"version-history":[{"count":5,"href":"https:\/\/cinemascop.eu\/2013\/wp-json\/wp\/v2\/pages\/672\/revisions"}],"predecessor-version":[{"id":855,"href":"https:\/\/cinemascop.eu\/2013\/wp-json\/wp\/v2\/pages\/672\/revisions\/855"}],"up":[{"embeddable":true,"href":"https:\/\/cinemascop.eu\/2013\/wp-json\/wp\/v2\/pages\/730"}],"wp:attachment":[{"href":"https:\/\/cinemascop.eu\/2013\/wp-json\/wp\/v2\/media?parent=672"}],"curies":[{"name":"wp","href":"https:\/\/api.w.org\/{rel}","templated":true}]}}