{"id":695,"date":"2013-08-30T11:13:51","date_gmt":"2013-08-30T11:13:51","guid":{"rendered":"https:\/\/cinemascop.eu\/2013\/?page_id=695"},"modified":"2013-08-31T06:02:19","modified_gmt":"2013-08-31T06:02:19","slug":"motoare-sfinte","status":"publish","type":"page","link":"https:\/\/cinemascop.eu\/2013\/filme\/motoare-sfinte\/","title":{"rendered":"MOTOARE SFINTE"},"content":{"rendered":"<div class=\"title\"><h2> MOTOARE SFINTE \/ HOLY MOTORS &#8211; drama <\/h2><\/div>\n<p>scenariul \u0219i regia: Leos Carax<br \/>\nimaginea: Caroline Champetier Afc, Yves Cape<br \/>\n115\u2019<\/p>\n<div class=\"flexslider\"><ul class=\"slides\">\n<li class=\"image\"><img src=\" https:\/\/cinemascop.eu\/2013\/wp-content\/uploads\/2013\/08\/film5_1.jpg\" alt=\"\" \/><\/li>\n<li class=\"image\"><img src=\" https:\/\/cinemascop.eu\/2013\/wp-content\/uploads\/2013\/08\/film5_2.jpg\" alt=\"\" \/><\/li>\n<li class=\"image\"><img src=\" https:\/\/cinemascop.eu\/2013\/wp-content\/uploads\/2013\/08\/film5_3.jpg\" alt=\"\" \/><\/li>\n<\/ul><\/div>\n<p>Din zori p\u00e2n\u0103 la c\u0103derea nop\u0163ii, c\u00e2teva ore din via\u0163a domnului Oscar, un personaj ciudat, care c\u0103l\u0103tore\u015fte de la o via\u0163\u0103 spre alt\u0103 via\u0163\u0103. Este pe r\u00e2nd bancher, criminal, cer\u015fetor, creatur\u0103 monstruoas\u0103, tat\u0103&#8230; Domnul Oscar pare s\u0103 interpreteze roluri, roluri \u00een care plonjeaz\u0103 cu toat\u0103 fiin\u0163a sa. Dar unde sunt aparatele de filmat? Este singur, \u00eenso\u0163it doar de Celine, o stilat\u0103 doamn\u0103 blond\u0103, \u015foferi\u0163a limuzinei sale luxoase, care \u00eei poarta prin Paris \u015fi prin \u00eemprejurimi. Un uciga\u015f con\u015ftiincios, care trece de la o \u0163int\u0103 la alta. \u00cen c\u0103utarea frumuse\u0163ii gestului. A motorului ac\u0163iunii. A femeilor \u015fi fantomelor din vie\u0163ile sale anterioare. Dar unde este casa \u015fi familia lui, c\u00e2nd se odihne\u015fte?<\/p>\n<p><b>20 premii \u0219i <\/b><b>28 nominaliz\u0103ri<\/b>: Cannes Film Festival, Premiul Gopo pentru cel mai bun film str\u0103in, London Circle Critics Film Award, Cesar Awards, Chicago International Film Festival, Los Angeles Film Critics Associations Awards, New York Film Critics Awards etc.<\/p>\n<p>\u201eFilmul este un fel de science-fiction, unde b\u0103rba\u0163i, fiare \u015fi ma\u015fini ar fi \u00een pericol de dispari\u0163ie &#8211; &#8220;motoare sacre&#8221; unite, legate printr-un destin comun, sclave \u00eentr-o lume din ce \u00een ce mai virtual\u0103. O lume din care ar disp\u0103rea\u00a0 treptat ma\u015finile adev\u0103rate, experien\u0163ele reale, ac\u0163iunea.\u201d<\/p>\n<p><b>Leos Carax<\/b><\/p>\n<p>\u201e<a href=\"http:\/\/www.lafca.net\/years\/2012.html\" target=\"_blank\">Los Angeles Film Critics Association (LAFCA)<\/a> \u015fi-a ales c\u00ee\u015ftig\u0103torii pentru 2012. Filmul <b><i>Holy Motors<\/i><\/b> al lui Leos Carax a primit premiul pentru \u201cCel mai bun film de limb\u0103 str\u0103in\u0103\u201d. \u00cen timp ce actorul principal, <b>Denis Levant<\/b>, a ie\u015fit al doilea pe lista \u201cCelor mai buni actori\u201d<\/p>\n<p><b>Holy Motors<\/b> cere de la spectator o repudiere a nevoii de logic\u0103 narativ\u0103 de tip cauz\u0103-efect, o disponibilitate de a naviga de la un moment la altul ca de la un vis la altul. Odat\u0103 ce i se \u00eendepline\u015fte condi\u0163ia respectiv\u0103, acest film \u00een care autorul a vrut s\u0103 (s)pun\u0103 &#8220;totul&#8221; (indiferent ce-o fi acel &#8220;tot&#8221;) se face accesibil prin spectaculosul s\u0103u &#8211; con\u0163ine \u015fi dou\u0103 (dac\u0103 nu trei) numere muzicale, dintre care unul <i>guest-starring <\/i>KylieMinogue.<b>Andrei Gorzo, <i>Dilema veche<\/i><\/b><\/p>\n<p><strong>Distribu\u021bia:<\/strong> Denis LAVANT, Edith SCOB, Eva MENDES, Kylie MINOGUE, CordeliaPICCOLI, Elise LHOMMEAU<\/p>\n","protected":false},"excerpt":{"rendered":"<p>scenariul \u0219i regia: Leos Carax imaginea: Caroline Champetier Afc, Yves Cape 115\u2019 Din zori p\u00e2n\u0103 la c\u0103derea nop\u0163ii, c\u00e2teva ore din via\u0163a domnului Oscar, un personaj ciudat, care c\u0103l\u0103tore\u015fte de la o via\u0163\u0103 spre alt\u0103 via\u0163\u0103. Este pe r\u00e2nd bancher, criminal, cer\u015fetor, creatur\u0103 monstruoas\u0103, tat\u0103&#8230; Domnul Oscar pare s\u0103 interpreteze roluri, roluri \u00een care plonjeaz\u0103 cu toat\u0103 fiin\u0163a sa. Dar unde sunt aparatele de filmat? Este singur, \u00eenso\u0163it doar de Celine, o stilat\u0103 doamn\u0103 blond\u0103, \u015foferi\u0163a limuzinei sale luxoase, care \u00eei poarta prin Paris \u015fi prin \u00eemprejurimi. Un uciga\u015f con\u015ftiincios, care trece de la o \u0163int\u0103 la alta. \u00cen c\u0103utarea frumuse\u0163ii gestului. A motorului ac\u0163iunii. A femeilor \u015fi fantomelor din vie\u0163ile sale anterioare. Dar unde este casa \u015fi familia lui, c\u00e2nd se odihne\u015fte? 20 premii \u0219i 28 nominaliz\u0103ri: Cannes Film Festival, Premiul Gopo pentru cel mai bun film str\u0103in, London Circle Critics Film Award, Cesar Awards, Chicago International Film Festival, Los Angeles Film Critics Associations Awards, New York Film Critics Awards etc. \u201eFilmul este un fel de science-fiction, unde b\u0103rba\u0163i, fiare \u015fi ma\u015fini ar fi \u00een pericol de dispari\u0163ie &#8211; &#8220;motoare sacre&#8221; unite, legate printr-un destin comun, sclave \u00eentr-o lume din ce \u00een ce mai virtual\u0103. O lume din care ar disp\u0103rea\u00a0 treptat ma\u015finile adev\u0103rate, experien\u0163ele reale, ac\u0163iunea.\u201d Leos Carax \u201eLos Angeles Film Critics Association (LAFCA) \u015fi-a ales c\u00ee\u015ftig\u0103torii pentru 2012. Filmul Holy Motors al lui Leos Carax a primit premiul pentru \u201cCel mai bun film de limb\u0103 str\u0103in\u0103\u201d. \u00cen timp ce actorul principal, Denis Levant, a ie\u015fit al doilea pe lista \u201cCelor mai buni actori\u201d Holy Motors cere de la spectator o repudiere a nevoii de logic\u0103 narativ\u0103 de tip cauz\u0103-efect, o disponibilitate de a naviga de la un moment la altul ca de [&hellip;]<\/p>\n","protected":false},"author":4,"featured_media":0,"parent":730,"menu_order":5,"comment_status":"open","ping_status":"closed","template":"side-navigation.php","meta":[],"_links":{"self":[{"href":"https:\/\/cinemascop.eu\/2013\/wp-json\/wp\/v2\/pages\/695"}],"collection":[{"href":"https:\/\/cinemascop.eu\/2013\/wp-json\/wp\/v2\/pages"}],"about":[{"href":"https:\/\/cinemascop.eu\/2013\/wp-json\/wp\/v2\/types\/page"}],"author":[{"embeddable":true,"href":"https:\/\/cinemascop.eu\/2013\/wp-json\/wp\/v2\/users\/4"}],"replies":[{"embeddable":true,"href":"https:\/\/cinemascop.eu\/2013\/wp-json\/wp\/v2\/comments?post=695"}],"version-history":[{"count":5,"href":"https:\/\/cinemascop.eu\/2013\/wp-json\/wp\/v2\/pages\/695\/revisions"}],"predecessor-version":[{"id":698,"href":"https:\/\/cinemascop.eu\/2013\/wp-json\/wp\/v2\/pages\/695\/revisions\/698"}],"up":[{"embeddable":true,"href":"https:\/\/cinemascop.eu\/2013\/wp-json\/wp\/v2\/pages\/730"}],"wp:attachment":[{"href":"https:\/\/cinemascop.eu\/2013\/wp-json\/wp\/v2\/media?parent=695"}],"curies":[{"name":"wp","href":"https:\/\/api.w.org\/{rel}","templated":true}]}}