{"id":702,"date":"2013-08-30T11:22:27","date_gmt":"2013-08-30T11:22:27","guid":{"rendered":"https:\/\/cinemascop.eu\/2013\/?page_id=702"},"modified":"2013-09-04T06:44:28","modified_gmt":"2013-09-04T06:44:28","slug":"cine-ziceala-este","status":"publish","type":"page","link":"https:\/\/cinemascop.eu\/2013\/filme\/cine-ziceala-este\/","title":{"rendered":"CINE ZICE, \u0102LA ESTE"},"content":{"rendered":"<div class=\"title\"><h2>CINE ZICE, \u0102LA ESTE \/ MINE VAGANTI (2010) &#8211; comedie<\/h2><\/div>\n<p>scenariul Buch Ivan Cotroneo \u0219i Ferzan Ospetek<br \/>\nregia: Ferzan Ozpetek<br \/>\n110\u2019<\/p>\n<div class=\"flexslider\"><ul class=\"slides\">\n<li class=\"image\"><img src=\" https:\/\/cinemascop.eu\/2013\/wp-content\/uploads\/2013\/08\/film7_1.jpg\" alt=\"\" \/><\/li>\n<li class=\"image\"><img src=\" https:\/\/cinemascop.eu\/2013\/wp-content\/uploads\/2013\/08\/film7_2.jpg\" alt=\"\" \/><\/li>\n<li class=\"image\"><img src=\" https:\/\/cinemascop.eu\/2013\/wp-content\/uploads\/2013\/08\/film7_3.jpg\" alt=\"\" \/><\/li>\n<\/ul><\/div>\n<p>Tommaso este cel mai t\u00e2n\u0103r membru al unei familii numeroase, care produce paste f\u0103inoase. Clanul s-a adunat pentru a s\u0103rb\u0103tori predarea conducerii fabricii lui Antonio, fratele mai mare. Tommaso s-a hot\u0103r\u00e2t s\u0103 profite de prezen\u0163a tuturor pentru a-i anun\u0163a c\u0103 este homosexual. Antonio \u00eel \u00eentrerupe ca s\u0103 fac\u0103 o confesuine &#8211; este homosexual. \u00cen culmea furiei, Vincenzo \u00eel d\u0103 afar\u0103 din cas\u0103 pe Antonio, primul s\u0103u n\u0103scut \u015fi succesorul lui la fabrica de paste. \u015ei astfel, conducerea fabricii cade pe umerii lui Tommaso, care avea cu totul alte planuri, \u00eei era dor de iubitul s\u0103u si de via\u0163a lor la Roma, \u00eens\u0103 cum ar putea m\u0103rturisi familiei \u015fi partea lui de adev\u0103r, f\u0103r\u0103 s\u0103 \u00eei pun\u0103 tat\u0103lui s\u0103u via\u0163a \u00een pericol?<\/p>\n<p><b>5 premii \u0219i 8 nominaliz\u0103ri<\/b><b>:<\/b>Tribeca Film Festival, Italian National Syndicate of Film Journalist, European Film Award, David di Donatello Awards<\/p>\n<p>Cum \u015fi Vaticanul e la doi pa\u015fi, e complicat de scos pe tapet o chestiune, \u00eenc\u0103 at\u00e2t de delicat\u0103. Chiar dac\u0103 se strecoar\u0103 printre replici aproape subliminal ideea c\u0103 \u00een Italia jum\u0103tate din popula\u0163ie ar fi bisexual\u0103, adic\u0103 \u015fi, \u015fi&#8230; Mama tradi\u0163ionalist\u0103 mai sper\u0103 c\u0103 e o boal\u0103, care se poate vindeca, \u015fi \u00eencearc\u0103 s\u0103 g\u0103seasc\u0103 tot felul de justific\u0103ri \u015fi amintiri l\u0103muritoare. Plimbarea pe malul m\u0103rii, dar \u015fi s\u0103rutul neconven\u0163ional o s\u0103 st\u00e2rneasc\u0103 alt\u0103 cascad\u0103 de comentarii. Se r\u00e2de mult, adesea m\u00e2nze\u015fte, iar sinuciderea aleas\u0103 de unul dintre personaje este una \u00eensp\u0103im\u00e2nt\u0103toare \u015fi c\u00e2t se poate de nea\u015fteptat\u0103. Ca s\u0103 nu piard\u0103 spiritul \u00eendr\u0103gitei \u201eCizme&#8221; suntem plimba\u0163i \u015fi \u00eentr-o fabric\u0103 de paste, despre care afl\u0103m detalii delicioase.<\/p>\n<p>Irina Margareta Nistor, <i>Rom\u00e2nia liber\u0103<\/i><\/p>\n<p><strong>Distribu\u021bia: <\/strong>Nicole Grimaudo Alessandro PreziosiEnnioFantastichiniLunettaSaviano Elena Sofia Ricci Maria Occhini Bianca NappiMassimiliano Gallo Paola MinaccioniEmanuelaGabrieli Carolina Crescentini Giorgio MarcheseMatteo Taranto Carmine Recano Daniela PecciGianluca De Marchi Mauro BonaffiniGeaMontigelliCrecenzaGuarnieri<\/p>\n","protected":false},"excerpt":{"rendered":"<p>scenariul Buch Ivan Cotroneo \u0219i Ferzan Ospetek regia: Ferzan Ozpetek 110\u2019 Tommaso este cel mai t\u00e2n\u0103r membru al unei familii numeroase, care produce paste f\u0103inoase. Clanul s-a adunat pentru a s\u0103rb\u0103tori predarea conducerii fabricii lui Antonio, fratele mai mare. Tommaso s-a hot\u0103r\u00e2t s\u0103 profite de prezen\u0163a tuturor pentru a-i anun\u0163a c\u0103 este homosexual. Antonio \u00eel \u00eentrerupe ca s\u0103 fac\u0103 o confesuine &#8211; este homosexual. \u00cen culmea furiei, Vincenzo \u00eel d\u0103 afar\u0103 din cas\u0103 pe Antonio, primul s\u0103u n\u0103scut \u015fi succesorul lui la fabrica de paste. \u015ei astfel, conducerea fabricii cade pe umerii lui Tommaso, care avea cu totul alte planuri, \u00eei era dor de iubitul s\u0103u si de via\u0163a lor la Roma, \u00eens\u0103 cum ar putea m\u0103rturisi familiei \u015fi partea lui de adev\u0103r, f\u0103r\u0103 s\u0103 \u00eei pun\u0103 tat\u0103lui s\u0103u via\u0163a \u00een pericol? 5 premii \u0219i 8 nominaliz\u0103ri:Tribeca Film Festival, Italian National Syndicate of Film Journalist, European Film Award, David di Donatello Awards Cum \u015fi Vaticanul e la doi pa\u015fi, e complicat de scos pe tapet o chestiune, \u00eenc\u0103 at\u00e2t de delicat\u0103. Chiar dac\u0103 se strecoar\u0103 printre replici aproape subliminal ideea c\u0103 \u00een Italia jum\u0103tate din popula\u0163ie ar fi bisexual\u0103, adic\u0103 \u015fi, \u015fi&#8230; Mama tradi\u0163ionalist\u0103 mai sper\u0103 c\u0103 e o boal\u0103, care se poate vindeca, \u015fi \u00eencearc\u0103 s\u0103 g\u0103seasc\u0103 tot felul de justific\u0103ri \u015fi amintiri l\u0103muritoare. Plimbarea pe malul m\u0103rii, dar \u015fi s\u0103rutul neconven\u0163ional o s\u0103 st\u00e2rneasc\u0103 alt\u0103 cascad\u0103 de comentarii. Se r\u00e2de mult, adesea m\u00e2nze\u015fte, iar sinuciderea aleas\u0103 de unul dintre personaje este una \u00eensp\u0103im\u00e2nt\u0103toare \u015fi c\u00e2t se poate de nea\u015fteptat\u0103. Ca s\u0103 nu piard\u0103 spiritul \u00eendr\u0103gitei \u201eCizme&#8221; suntem plimba\u0163i \u015fi \u00eentr-o fabric\u0103 de paste, despre care afl\u0103m detalii delicioase. Irina Margareta Nistor, Rom\u00e2nia liber\u0103 Distribu\u021bia: Nicole Grimaudo Alessandro PreziosiEnnioFantastichiniLunettaSaviano Elena Sofia Ricci Maria Occhini [&hellip;]<\/p>\n","protected":false},"author":4,"featured_media":0,"parent":730,"menu_order":7,"comment_status":"open","ping_status":"closed","template":"side-navigation.php","meta":[],"_links":{"self":[{"href":"https:\/\/cinemascop.eu\/2013\/wp-json\/wp\/v2\/pages\/702"}],"collection":[{"href":"https:\/\/cinemascop.eu\/2013\/wp-json\/wp\/v2\/pages"}],"about":[{"href":"https:\/\/cinemascop.eu\/2013\/wp-json\/wp\/v2\/types\/page"}],"author":[{"embeddable":true,"href":"https:\/\/cinemascop.eu\/2013\/wp-json\/wp\/v2\/users\/4"}],"replies":[{"embeddable":true,"href":"https:\/\/cinemascop.eu\/2013\/wp-json\/wp\/v2\/comments?post=702"}],"version-history":[{"count":5,"href":"https:\/\/cinemascop.eu\/2013\/wp-json\/wp\/v2\/pages\/702\/revisions"}],"predecessor-version":[{"id":777,"href":"https:\/\/cinemascop.eu\/2013\/wp-json\/wp\/v2\/pages\/702\/revisions\/777"}],"up":[{"embeddable":true,"href":"https:\/\/cinemascop.eu\/2013\/wp-json\/wp\/v2\/pages\/730"}],"wp:attachment":[{"href":"https:\/\/cinemascop.eu\/2013\/wp-json\/wp\/v2\/media?parent=702"}],"curies":[{"name":"wp","href":"https:\/\/api.w.org\/{rel}","templated":true}]}}