{"id":707,"date":"2013-08-30T11:25:20","date_gmt":"2013-08-30T11:25:20","guid":{"rendered":"https:\/\/cinemascop.eu\/2013\/?page_id=707"},"modified":"2013-08-31T06:03:56","modified_gmt":"2013-08-31T06:03:56","slug":"starbuck","status":"publish","type":"page","link":"https:\/\/cinemascop.eu\/2013\/filme\/starbuck\/","title":{"rendered":"STARBUCK"},"content":{"rendered":"<div class=\"title\"><h2>STARBUCK (2011) \u00a0&#8211; comedie<\/h2><\/div>\n<p>scenariul: Martin Petit \u0219i Ken Scott<br \/>\nregia: Ken Scott<br \/>\nimaginea: Pierre Gill<br \/>\n109\u2019<\/p>\n<div class=\"flexslider\"><ul class=\"slides\">\n<li class=\"image\"><img src=\" https:\/\/cinemascop.eu\/2013\/wp-content\/uploads\/2013\/08\/film9_1.jpg\" alt=\"\" \/><\/li>\n<li class=\"image\"><img src=\" https:\/\/cinemascop.eu\/2013\/wp-content\/uploads\/2013\/08\/film9_2.jpg\" alt=\"\" \/><\/li>\n<li class=\"image\"><img src=\" https:\/\/cinemascop.eu\/2013\/wp-content\/uploads\/2013\/08\/film9_3.jpg\" alt=\"\" \/><\/li>\n<\/ul><\/div>\n<p>La 42 de ani, David \u00ee\u015fi tr\u0103ie\u015fte via\u0163a ca un adolescent iresponsabil. Trece prin probleme cu efort minim \u015fi \u00eentre\u0163ine o rela\u0163ie complicat\u0103 cu Valerie, o t\u00e2n\u0103r\u0103 poli\u0163ist\u0103. Tocmai c\u00e2nd ea \u00eei spune c\u0103 a r\u0103mas \u00eens\u0103rcinat\u0103, trecutul lui David iese la suprafa\u0163\u0103: cu dou\u0103 decenii \u00een urm\u0103 a \u00eenceput s\u0103-\u015fi v\u00e2nd\u0103 sperma unei clinici de fertilizare, iar acum descoper\u0103 c\u0103 este tat\u0103l a 533 de copii, dintre care 142 au intentat proces pentru a descoperi identitatea tat\u0103lui lor, cunoscut \u00een fi\u015fele clinicii sub pseudonimul Starbuck. Ce va face David?<\/p>\n<p><b>10 premii \u0219i 18 nominaliz\u0103ri<\/b>: Calgary International Film Festival, Genie Awards, Jutra Awards, Palm Springs IFF, Toronto IFF, Valladolid IFF, Vancouver Film Critics Circle,\u00a0 Vancouver IFF<\/p>\n<p>533 de copii &#8211; de unde a ap\u0103rut acest num\u0103r?<\/p>\n<p>Ken Scott: &#8220;Ini\u0163ial, eu \u015fi co-scenaristul am ales un num\u0103r arbitrar. Am zis, hai&#8230; 150. Apoi, pe m\u0103sur\u0103 ce lucram pe scenariu, ap\u0103reau dubii legate de acest num\u0103r: O fi prea mult? Va p\u0103rea credibil pentru oameni? Apoi, dup\u0103 c\u00eeteva s\u0103pt\u0103m\u00eeni vedem la \u015ftiri c\u0103 a fost un tip care s-a trezit cu 250 de copii din cauza a ceea ce se \u00eent\u00eemplase la o clinic\u0103 de fertilizare. Apoi ne-am apucat \u015fi am f\u0103cut ni\u015fte cercet\u0103ri mai am\u0103nun\u0163ite. A reie\u015fit c\u0103 la un moment dat chiar a fost un tip care a avut peste 500 de copii \u00een acest fel! Acum, spre exemplu, am aflat c\u0103 e un caz \u00een Vancouver oarecum similar cu al nostru din Starbuck.\u201ehttp:\/\/social.entertainment.msn.com\/movies\/blogs\/blog&#8211;interview-ken-scott-and-patrick-huard-director-and-star-of-starbuck<\/p>\n<p><strong>Distribu\u021bia:<\/strong> Patrick Huard, Julie LeBreton, Antoine Bertrand, Dominic Philie, Marc B\u00e9langer, Igor Ovadis, David Micha\u00ebl, Patrick Martin, David Gigu\u00e8re, Sarah-Jeanne Labrosse, Pierre Mailloux, Patrick Labb\u00e9, Marie-France Lambert<\/p>\n","protected":false},"excerpt":{"rendered":"<p>scenariul: Martin Petit \u0219i Ken Scott regia: Ken Scott imaginea: Pierre Gill 109\u2019 La 42 de ani, David \u00ee\u015fi tr\u0103ie\u015fte via\u0163a ca un adolescent iresponsabil. Trece prin probleme cu efort minim \u015fi \u00eentre\u0163ine o rela\u0163ie complicat\u0103 cu Valerie, o t\u00e2n\u0103r\u0103 poli\u0163ist\u0103. Tocmai c\u00e2nd ea \u00eei spune c\u0103 a r\u0103mas \u00eens\u0103rcinat\u0103, trecutul lui David iese la suprafa\u0163\u0103: cu dou\u0103 decenii \u00een urm\u0103 a \u00eenceput s\u0103-\u015fi v\u00e2nd\u0103 sperma unei clinici de fertilizare, iar acum descoper\u0103 c\u0103 este tat\u0103l a 533 de copii, dintre care 142 au intentat proces pentru a descoperi identitatea tat\u0103lui lor, cunoscut \u00een fi\u015fele clinicii sub pseudonimul Starbuck. Ce va face David? 10 premii \u0219i 18 nominaliz\u0103ri: Calgary International Film Festival, Genie Awards, Jutra Awards, Palm Springs IFF, Toronto IFF, Valladolid IFF, Vancouver Film Critics Circle,\u00a0 Vancouver IFF 533 de copii &#8211; de unde a ap\u0103rut acest num\u0103r? Ken Scott: &#8220;Ini\u0163ial, eu \u015fi co-scenaristul am ales un num\u0103r arbitrar. Am zis, hai&#8230; 150. Apoi, pe m\u0103sur\u0103 ce lucram pe scenariu, ap\u0103reau dubii legate de acest num\u0103r: O fi prea mult? Va p\u0103rea credibil pentru oameni? Apoi, dup\u0103 c\u00eeteva s\u0103pt\u0103m\u00eeni vedem la \u015ftiri c\u0103 a fost un tip care s-a trezit cu 250 de copii din cauza a ceea ce se \u00eent\u00eemplase la o clinic\u0103 de fertilizare. Apoi ne-am apucat \u015fi am f\u0103cut ni\u015fte cercet\u0103ri mai am\u0103nun\u0163ite. A reie\u015fit c\u0103 la un moment dat chiar a fost un tip care a avut peste 500 de copii \u00een acest fel! Acum, spre exemplu, am aflat c\u0103 e un caz \u00een Vancouver oarecum similar cu al nostru din Starbuck.\u201ehttp:\/\/social.entertainment.msn.com\/movies\/blogs\/blog&#8211;interview-ken-scott-and-patrick-huard-director-and-star-of-starbuck Distribu\u021bia: Patrick Huard, Julie LeBreton, Antoine Bertrand, Dominic Philie, Marc B\u00e9langer, Igor Ovadis, David Micha\u00ebl, Patrick Martin, David Gigu\u00e8re, Sarah-Jeanne Labrosse, Pierre Mailloux, Patrick Labb\u00e9, Marie-France Lambert<\/p>\n","protected":false},"author":4,"featured_media":0,"parent":730,"menu_order":9,"comment_status":"open","ping_status":"closed","template":"side-navigation.php","meta":[],"_links":{"self":[{"href":"https:\/\/cinemascop.eu\/2013\/wp-json\/wp\/v2\/pages\/707"}],"collection":[{"href":"https:\/\/cinemascop.eu\/2013\/wp-json\/wp\/v2\/pages"}],"about":[{"href":"https:\/\/cinemascop.eu\/2013\/wp-json\/wp\/v2\/types\/page"}],"author":[{"embeddable":true,"href":"https:\/\/cinemascop.eu\/2013\/wp-json\/wp\/v2\/users\/4"}],"replies":[{"embeddable":true,"href":"https:\/\/cinemascop.eu\/2013\/wp-json\/wp\/v2\/comments?post=707"}],"version-history":[{"count":5,"href":"https:\/\/cinemascop.eu\/2013\/wp-json\/wp\/v2\/pages\/707\/revisions"}],"predecessor-version":[{"id":863,"href":"https:\/\/cinemascop.eu\/2013\/wp-json\/wp\/v2\/pages\/707\/revisions\/863"}],"up":[{"embeddable":true,"href":"https:\/\/cinemascop.eu\/2013\/wp-json\/wp\/v2\/pages\/730"}],"wp:attachment":[{"href":"https:\/\/cinemascop.eu\/2013\/wp-json\/wp\/v2\/media?parent=707"}],"curies":[{"name":"wp","href":"https:\/\/api.w.org\/{rel}","templated":true}]}}