{"id":730,"date":"2013-08-30T12:06:33","date_gmt":"2013-08-30T12:06:33","guid":{"rendered":"https:\/\/cinemascop.eu\/2013\/?page_id=730"},"modified":"2013-09-07T17:31:19","modified_gmt":"2013-09-07T17:31:19","slug":"filme","status":"publish","type":"page","link":"https:\/\/cinemascop.eu\/2013\/filme\/","title":{"rendered":"Filme"},"content":{"rendered":"<div class=\"title\"><h3> GALA FILMULUI DE AUTOR aduce filme bune\u00a0 la tine \u00een ora\u0219 !<\/h3><\/div>\n<p>10 scenarii suprinz\u0103toare !<\/p>\n<p>10 pove\u0219ti care trezesc emo\u021bii puternice, dar \u0219i hohote de r\u00e2s !<\/p>\n<p>10 dintre cei mai talenta\u021bi \u0219i controversa\u021bi regizori ai lumii !<\/p>\n<p>Actori celebri !<\/p>\n<p>Vedete din lumea modei \u0219i a muzicii pe care \u00eei vei vedea \u00een ipostaze inedite \u0219i provocatoare !<\/p>\n<p>Actori pe care \u00eei vei \u00eent\u00e2lni pentru prima oar\u0103 \u0219i vor r\u0103m\u00e2ne \u00een inima ta pentru totdeauna !<\/p>\n<p>GALA FILMULUI DE AUTOR evenimentul cu 10 \u00a0filme de 10 !<\/p>\n<p>Nu-i de ratat !<\/p>\n","protected":false},"excerpt":{"rendered":"<p>10 scenarii suprinz\u0103toare ! 10 pove\u0219ti care trezesc emo\u021bii puternice, dar \u0219i hohote de r\u00e2s ! 10 dintre cei mai talenta\u021bi \u0219i controversa\u021bi regizori ai lumii ! Actori celebri ! Vedete din lumea modei \u0219i a muzicii pe care \u00eei vei vedea \u00een ipostaze inedite \u0219i provocatoare ! Actori pe care \u00eei vei \u00eent\u00e2lni pentru prima oar\u0103 \u0219i vor r\u0103m\u00e2ne \u00een inima ta pentru totdeauna ! GALA FILMULUI DE AUTOR evenimentul cu 10 \u00a0filme de 10 ! Nu-i de ratat !<\/p>\n","protected":false},"author":4,"featured_media":0,"parent":0,"menu_order":0,"comment_status":"open","ping_status":"closed","template":"side-navigation.php","meta":[],"_links":{"self":[{"href":"https:\/\/cinemascop.eu\/2013\/wp-json\/wp\/v2\/pages\/730"}],"collection":[{"href":"https:\/\/cinemascop.eu\/2013\/wp-json\/wp\/v2\/pages"}],"about":[{"href":"https:\/\/cinemascop.eu\/2013\/wp-json\/wp\/v2\/types\/page"}],"author":[{"embeddable":true,"href":"https:\/\/cinemascop.eu\/2013\/wp-json\/wp\/v2\/users\/4"}],"replies":[{"embeddable":true,"href":"https:\/\/cinemascop.eu\/2013\/wp-json\/wp\/v2\/comments?post=730"}],"version-history":[{"count":5,"href":"https:\/\/cinemascop.eu\/2013\/wp-json\/wp\/v2\/pages\/730\/revisions"}],"predecessor-version":[{"id":967,"href":"https:\/\/cinemascop.eu\/2013\/wp-json\/wp\/v2\/pages\/730\/revisions\/967"}],"wp:attachment":[{"href":"https:\/\/cinemascop.eu\/2013\/wp-json\/wp\/v2\/media?parent=730"}],"curies":[{"name":"wp","href":"https:\/\/api.w.org\/{rel}","templated":true}]}}