{"id":895,"date":"2013-08-31T07:45:17","date_gmt":"2013-08-31T07:45:17","guid":{"rendered":"https:\/\/cinemascop.eu\/2013\/?page_id=895"},"modified":"2013-09-08T08:48:41","modified_gmt":"2013-09-08T08:48:41","slug":"in-ceata-presa","status":"publish","type":"page","link":"https:\/\/cinemascop.eu\/2013\/descarca-materiale\/in-ceata-presa\/","title":{"rendered":"\u00ceN CEA\u021a\u0102"},"content":{"rendered":"<div class=\"title\"><h2> \u00ceN CEA\u021a\u0102 \/ IN THE FOG \/ V TUMANE (2012) &#8211; drama<\/h2><\/div>\n<p>dup\u0103 romanul scriitorului bielorus Vasile Bikov<br \/>\nregia: Serghei Loznitza<br \/>\nimaginea: Oleg Mutu<br \/>\n127\u2019<br \/>\ndistribu\u021bia: Vladimir Svirskiy, Vladislav Abashin, Sergei Kolesov, Nikita Peremotovs, Yuliya Peresild, Kirill Petrov, Dmitrijs Kolosovs, Stepans Bogdanovs, Dmitry Bykovskiy, Vlad Ivanov, Igor Khripunov, Nadezhda Markina,\u00a0 Boris Kamorzin, Mikhail Evlanov, Sergey Russkin, Timofey Tribuntsev;<\/p>\n<div class=\"related-posts related-projects\"><div id=\"carousel\" class=\"clients-carousel es-carousel-wrapper\"><div class=\"es-carousel\"><ul>\n<li><a href=\"https:\/\/cinemascop.eu\/2013\/download\/1_in_ceata\/1_in_ceata_1.zip\" target=\"\"><img src=\"https:\/\/cinemascop.eu\/2013\/wp-content\/uploads\/2013\/08\/1_in_ceata_1.jpg\" alt=\"\" \/><\/a><\/li>\n<li><a href=\"https:\/\/cinemascop.eu\/2013\/download\/1_in_ceata\/1_in_ceata_2.zip\" target=\"\"><img src=\"https:\/\/cinemascop.eu\/2013\/wp-content\/uploads\/2013\/08\/1_in_ceata_2.jpg\" alt=\"\" \/><\/a><\/li>\n<li><a href=\"https:\/\/cinemascop.eu\/2013\/download\/1_in_ceata\/1_in_ceata_3.zip\" target=\"\"><img src=\"https:\/\/cinemascop.eu\/2013\/wp-content\/uploads\/2013\/08\/1_in_ceata_3.jpg\" alt=\"\" \/><\/a><\/li>\n<\/ul><\/div><\/div><\/div>\n<div class=\"alert general\"><div class=\"msg\">Click pe o imagine de mai sus pentru a\u00a0 descarca la o rezolutie mai mare<\/div><a href=\"#\" class=\"toggle-alert\">Toggle<\/a><\/div>\n<p>&nbsp;<\/p>\n<p>Ochii \u015fi urechile sunt martori neputincio\u015fi pentru cei care au sufletul barbar\u201d \u2013 Heraclit<br \/>\n1942. URSS. Grani\u021ba de vest aflat\u0103 sub ocupa\u021bie german\u0103. O p\u0103dure. Doi lupt\u0103tori \u00een rezisten\u0163\u0103. Un om de ucis, acuzat pe nedrept de colaborare cu inamicul. Cum s\u0103 faci o alegere moral\u0103 \u00een circumstan\u0163e \u00een care morala nu mai exist\u0103. \u00cen timpul celui de-al doilea r\u0103zboi mondial, nimeni nu este inocent.<br \/>\n\u201e\u00cen cea\u0163\u0103\u201d este regizat de Sergei Loznitsa fiind inspirat de cartea lui Vasile Bikov, scriitor bielorus care a tr\u0103it experien\u0163a r\u0103zboiului la doar 18 ani. Imaginea este semnat\u0103 de operatorul Oleg Mutu, iar actorul Vlad Ivanov interpreteaz\u0103 rolul unui c\u0103pitan nazist extrem de dur.<br \/>\nFilmul a avut premiera mondiala in 2012 la Cannes &#8211; cel mai important festival de film de autor din lume \u2013 unde a fost considerat cel mai bun film de c\u0103tre critici, fiind distins cu premiul FIPRESCI.<br \/>\nAceste trofee se adaug\u0103 distinc\u0163iilor ob\u0163inute de film la festivalurile de la Cottbus sau Trieste.<\/p>\n<p>Premii: Premiul Criticii FIPRESCI \u2013 Cannes 2012<br \/>\nGolden Apricot &#8211;\u00a0 Festival Interna\u021bional de Film de la\u00a0 Yerevan,<br \/>\nMarele Premiu la Festivalul Interna\u021bional de la Minsk<br \/>\nMarele Premiu la Festivalul Interna\u021bional de la Odessa.<\/p>\n<p>O viziune emotionant\u0103 asupra umanit\u0103\u021bii \u00eentr-o lume diabolic\u0103. Dur\u0103 \u0219i provocatoare,<br \/>\n<a href=\"http:\/\/www.empireonline.com\/reviews\/reviewcomplete.asp?FID=138137\"><b>Empire<\/b><\/a><a href=\"http:\/\/www.empireonline.com\/reviews\/reviewcomplete.asp?FID=138137\">David Parkinson<br \/>\n<\/a>Dac\u0103 filmul are un star, acela este directorul de imagine Oleg Mutu, rom\u00e2nul care a filmat <i>Moartea domnului Lazarescu <\/i>si <i>4 luni, 3 saptamani, 2 zile.<\/i> Chiar \u0219i atunci c\u00e2nd ritmul este mai lent, imaginile r\u0103m\u00e2n captivante, vibrante.<br \/>\n<a href=\"http:\/\/www.nypost.com\/p\/entertainment\/movies\/hard_to_see_through_fog_HvFSnNbbmVzZBLazXqYrJM\"><b>New <\/b><\/a><a href=\"http:\/\/www.nypost.com\/p\/entertainment\/movies\/hard_to_see_through_fog_HvFSnNbbmVzZBLazXqYrJM\"><b>York Post<\/b><\/a><a href=\"http:\/\/www.nypost.com\/p\/entertainment\/movies\/hard_to_see_through_fog_HvFSnNbbmVzZBLazXqYrJM\">Farran<\/a><a href=\"http:\/\/www.nypost.com\/p\/entertainment\/movies\/hard_to_see_through_fog_HvFSnNbbmVzZBLazXqYrJM\"> Smith <\/a><a href=\"http:\/\/www.nypost.com\/p\/entertainment\/movies\/hard_to_see_through_fog_HvFSnNbbmVzZBLazXqYrJM\">Nehme<br \/>\n<\/a>O capodoper\u0103 a cinematografiei veritabile!<br \/>\n<a href=\"http:\/\/www.telegraph.co.uk\/culture\/film\/filmreviews\/10018259\/In-the-Fog-review.html\"><b>The <\/b><\/a><a href=\"http:\/\/www.telegraph.co.uk\/culture\/film\/filmreviews\/10018259\/In-the-Fog-review.html\"><b>Telegraph<\/b><\/a><a href=\"http:\/\/www.telegraph.co.uk\/culture\/film\/filmreviews\/10018259\/In-the-Fog-review.html\"> Robbie Collin<\/a><b><br \/>\n<\/b><\/p>\n<p><b>SERGEI LOZNITSA BIO FILMOGRAFIE <\/b><\/p>\n<p>Sergei Loznitsa s-a nascut la data de 5 septembrie 1964 in Baranovichi (Belarus, fosta URSS).<br \/>\nA crescut in Kiev, iar in 1987 a absolvit Universitatea Politehnica din Kiev, licentiat in Matematica Aplicata. Intre anii 1987 si 1991 a lucrat ca cercetator in cadrul Institutului de Cibernetica din Kiev, specializandu-se in domeniul cercetarii inteligentei artificiale. A lucrat, de asemenea, ca traducator de limba japoneza.<\/p>\n<p>In 1997 a absolvit Institutul Na\u0163ional al Cinematografiei din Rusia (VGIK), sec\u0163ia &#8211; regie de film.<\/p>\n<p>Sergei Loznitsa a realizat 12 filme documentare \u00eencep\u00e2nd din 1996. A primit numeroase premii na\u0163ionale si interna\u0163ionale la festivaluri prestigioase printre care Karlovy Vary, Leipzig, Oberhausen, Paris, Madrid, Toronto, Ierusalim, Sankt-Petersburg, precum si premiile Academiei de Film din Rusia \u201cNika&#8221; si \u201cLaurel&#8221;. Montajul filmului \u201cBlockade&#8221; (2005) s-a f\u0103cut pe baza imaginilor de arhiva cu ora\u015ful Leningrad aflat sub asediu.<\/p>\n<p>Primul sau film de lungmetraj de fic\u0163iune, \u201c<b>MY JOY&#8221;<\/b> (2010), a avut premiera in competi\u0163ia Festivalului de la Cannes \u015fi a primit numeroase premii la festivaluri de gen: premiul pentru cel mai bun regizor si premiul criticilor de film din Rusia la festivalul \u201cKinotavr&#8221; din Sochi, marele premiu la festivalul international VOICES IFF in Vologda, premiul \u201cSilver Apricot&#8221; la festivalul international de film de la Yerevan, premiul pentru scenariu la festivalul \u201cKinoshock&#8221; din Anapa, premiul FIPRESCI si marele premiu la festivalul \u201cMolodist&#8221; din Kiev, marele premiu la festivalul \u201cListopad&#8221; din Minsk, marele premiu la festivalul \u201cBlack Nights&#8221; dn Tallinn.<\/p>\n<p><b>&#8220;IN THE FOG&#8221;, <\/b>cel de<b> <\/b>al doilea film de fic\u0163iune al sau,<b> <\/b>a avut premiera in cadrul celei de-a 65-a edi\u0163ii a Festivalul de la Cannes \u00een luna mai, 2012, unde a fost considerat cel mai bun film de c\u0103tre critici. Totodat\u0103 filmul a ob\u0163inut si marele premiu la festivalul Andrei Tarkovsky \u201cZerkalo&#8221;.<\/p>\n","protected":false},"excerpt":{"rendered":"<p>dup\u0103 romanul scriitorului bielorus Vasile Bikov regia: Serghei Loznitza imaginea: Oleg Mutu 127\u2019 distribu\u021bia: Vladimir Svirskiy, Vladislav Abashin, Sergei Kolesov, Nikita Peremotovs, Yuliya Peresild, Kirill Petrov, Dmitrijs Kolosovs, Stepans Bogdanovs, Dmitry Bykovskiy, Vlad Ivanov, Igor Khripunov, Nadezhda Markina,\u00a0 Boris Kamorzin, Mikhail Evlanov, Sergey Russkin, Timofey Tribuntsev; &nbsp; Ochii \u015fi urechile sunt martori neputincio\u015fi pentru cei care au sufletul barbar\u201d \u2013 Heraclit 1942. URSS. Grani\u021ba de vest aflat\u0103 sub ocupa\u021bie german\u0103. O p\u0103dure. Doi lupt\u0103tori \u00een rezisten\u0163\u0103. Un om de ucis, acuzat pe nedrept de colaborare cu inamicul. Cum s\u0103 faci o alegere moral\u0103 \u00een circumstan\u0163e \u00een care morala nu mai exist\u0103. \u00cen timpul celui de-al doilea r\u0103zboi mondial, nimeni nu este inocent. \u201e\u00cen cea\u0163\u0103\u201d este regizat de Sergei Loznitsa fiind inspirat de cartea lui Vasile Bikov, scriitor bielorus care a tr\u0103it experien\u0163a r\u0103zboiului la doar 18 ani. Imaginea este semnat\u0103 de operatorul Oleg Mutu, iar actorul Vlad Ivanov interpreteaz\u0103 rolul unui c\u0103pitan nazist extrem de dur. Filmul a avut premiera mondiala in 2012 la Cannes &#8211; cel mai important festival de film de autor din lume \u2013 unde a fost considerat cel mai bun film de c\u0103tre critici, fiind distins cu premiul FIPRESCI. Aceste trofee se adaug\u0103 distinc\u0163iilor ob\u0163inute de film la festivalurile de la Cottbus sau Trieste. Premii: Premiul Criticii FIPRESCI \u2013 Cannes 2012 Golden Apricot &#8211;\u00a0 Festival Interna\u021bional de Film de la\u00a0 Yerevan, Marele Premiu la Festivalul Interna\u021bional de la Minsk Marele Premiu la Festivalul Interna\u021bional de la Odessa. O viziune emotionant\u0103 asupra umanit\u0103\u021bii \u00eentr-o lume diabolic\u0103. Dur\u0103 \u0219i provocatoare, EmpireDavid Parkinson Dac\u0103 filmul are un star, acela este directorul de imagine Oleg Mutu, rom\u00e2nul care a filmat Moartea domnului Lazarescu si 4 luni, 3 saptamani, 2 zile. Chiar \u0219i atunci c\u00e2nd ritmul [&hellip;]<\/p>\n","protected":false},"author":4,"featured_media":0,"parent":805,"menu_order":1,"comment_status":"open","ping_status":"closed","template":"side-navigation.php","meta":[],"_links":{"self":[{"href":"https:\/\/cinemascop.eu\/2013\/wp-json\/wp\/v2\/pages\/895"}],"collection":[{"href":"https:\/\/cinemascop.eu\/2013\/wp-json\/wp\/v2\/pages"}],"about":[{"href":"https:\/\/cinemascop.eu\/2013\/wp-json\/wp\/v2\/types\/page"}],"author":[{"embeddable":true,"href":"https:\/\/cinemascop.eu\/2013\/wp-json\/wp\/v2\/users\/4"}],"replies":[{"embeddable":true,"href":"https:\/\/cinemascop.eu\/2013\/wp-json\/wp\/v2\/comments?post=895"}],"version-history":[{"count":5,"href":"https:\/\/cinemascop.eu\/2013\/wp-json\/wp\/v2\/pages\/895\/revisions"}],"predecessor-version":[{"id":1050,"href":"https:\/\/cinemascop.eu\/2013\/wp-json\/wp\/v2\/pages\/895\/revisions\/1050"}],"up":[{"embeddable":true,"href":"https:\/\/cinemascop.eu\/2013\/wp-json\/wp\/v2\/pages\/805"}],"wp:attachment":[{"href":"https:\/\/cinemascop.eu\/2013\/wp-json\/wp\/v2\/media?parent=895"}],"curies":[{"name":"wp","href":"https:\/\/api.w.org\/{rel}","templated":true}]}}