{"id":897,"date":"2013-08-31T07:46:07","date_gmt":"2013-08-31T07:46:07","guid":{"rendered":"https:\/\/cinemascop.eu\/2013\/?page_id=897"},"modified":"2013-09-08T09:04:36","modified_gmt":"2013-09-08T09:04:36","slug":"vanatoarea-presa","status":"publish","type":"page","link":"https:\/\/cinemascop.eu\/2013\/descarca-materiale\/vanatoarea-presa\/","title":{"rendered":"V\u00c2N\u0102TOAREA"},"content":{"rendered":"<div class=\"title\"><h2>V\u00c2N\u0102TOAREA \/ THE HUNT \/ JAGTEN\u00a0 (2012)\u00a0 &#8211; dram\u0103<\/h2><\/div>\n<p>scenariul Tobias Lindholm \u0219i Thomas Vinterberg<br \/>\nregia: Thomas Vinterberg<br \/>\n106\u2019<\/p>\n<div class=\"related-posts related-projects\"><div id=\"carousel\" class=\"clients-carousel es-carousel-wrapper\"><div class=\"es-carousel\"><ul>\n<li><a href=\"https:\/\/cinemascop.eu\/2013\/download\/2_vanatoarea\/2_vanatoarea_1.zip\" target=\"\"><img src=\"https:\/\/cinemascop.eu\/2013\/wp-content\/uploads\/2013\/08\/2_vanatoarea_1.jpg\" alt=\"\" \/><\/a><\/li>\n<li><a href=\"https:\/\/cinemascop.eu\/2013\/download\/2_vanatoarea\/2_vanatoarea_2.zip\" target=\"\"><img src=\"https:\/\/cinemascop.eu\/2013\/wp-content\/uploads\/2013\/08\/2_vanatoarea_2.jpg\" alt=\"\" \/><\/a><\/li>\n<li><a href=\"https:\/\/cinemascop.eu\/2013\/download\/2_vanatoarea\/2_vanatoarea_3.zip\" target=\"\"><img src=\"https:\/\/cinemascop.eu\/2013\/wp-content\/uploads\/2013\/08\/2_vanatoarea_3.jpg\" alt=\"\" \/><\/a><\/li>\n<\/ul><\/div><\/div><\/div>\n<div class=\"related-posts related-projects\"><div id=\"carousel\" class=\"clients-carousel es-carousel-wrapper\"><div class=\"es-carousel\"><ul>\n<li><a href=\"https:\/\/cinemascop.eu\/2013\/download\/2_vanatoarea\/2_vanatoarea_4.zip\" target=\"\"><img src=\"https:\/\/cinemascop.eu\/2013\/wp-content\/uploads\/2013\/08\/2_vanatoarea_4.jpg\" alt=\"\" \/><\/a><\/li>\n<\/ul><\/div><\/div><\/div>\n<div class=\"alert general\"><div class=\"msg\">Click pe o imagine de mai sus pentru a\u00a0 descarca la o rezolutie mai mare<\/div><a href=\"#\" class=\"toggle-alert\">Toggle<\/a><\/div>\n<p>&nbsp;<\/p>\n<p>The Hunt se petrece \u00eentr-un or\u0103\u015fel de provincie, cu pu\u0163in timp \u00eenainte de Cr\u0103ciun. Lucas, de 40 de ani, \u00eencearc\u0103 s\u0103-\u015fi pun\u0103 via\u0163a \u00een ordine dup\u0103 un divor\u0163 dureros: are o prieten\u0103 nou\u0103, un job nou \u015fi \u0163ine \u00a0leg\u0103tura cu Marcus, fiul lui adolescent. \u00cens\u0103 lucrurile scap\u0103 din nou de sub control. O vorb\u0103 \u00eent\u00e2mpl\u0103toare, o mic\u0103 minciun\u0103, \u015fi &#8211; odat\u0103 cu z\u0103pada \u015fi cu luminile Cr\u0103ciunului &#8211; minciuna se r\u0103sp\u00e2nde\u015fte ca un virus, sem\u0103n\u00e2nd groaz\u0103 \u015fi ne\u00eencredere, p\u00e2n\u0103 la o isterie colectiv\u0103 \u00een care Lucas lupt\u0103 de unul singur pentru via\u0163a \u015fi demnitatea lui.<\/p>\n<p>10 premii \u0219i 7 nominaliz\u0103ri: BAFTA, Cannes Film Festival, British Independent Film Award, European Film Awards, Ghent International Film Festival, London Critics Circle Film Awards, Palm Springs IFF, Vancouver IFF etc.<\/p>\n<p>An outstanding lead performance by Mads Mikkelsen (who won best actor for the role at Cannes in 2012) anchors this hauntingly layered and nuanced drama of a man falsely accused of a terrible deed. <b>Claudia Puig, USA Today<\/b><\/p>\n<p>It is forthright, powerful, composed and directed with clarity and overwhelming force, yet capable of great subtlety and nuance. <b>Peter Bradshow, The Guardian<\/b><\/p>\n<p><b>Distribu\u021bia<\/b>: Mads Mikkelsen, Thomas Bo Larsen, Annika Wedderkopp, Lasse Fogelstrom, Susse Wold, Annne Louise Hassing, Lars Ranthe, Alexandra Rapaport, Sebastina Bull Sarning, Steen Ordell Guldbrand Jensen, Daniel Engstrup, Troels Thorsen &#8230;<\/p>\n","protected":false},"excerpt":{"rendered":"<p>scenariul Tobias Lindholm \u0219i Thomas Vinterberg regia: Thomas Vinterberg 106\u2019 &nbsp; The Hunt se petrece \u00eentr-un or\u0103\u015fel de provincie, cu pu\u0163in timp \u00eenainte de Cr\u0103ciun. Lucas, de 40 de ani, \u00eencearc\u0103 s\u0103-\u015fi pun\u0103 via\u0163a \u00een ordine dup\u0103 un divor\u0163 dureros: are o prieten\u0103 nou\u0103, un job nou \u015fi \u0163ine \u00a0leg\u0103tura cu Marcus, fiul lui adolescent. \u00cens\u0103 lucrurile scap\u0103 din nou de sub control. O vorb\u0103 \u00eent\u00e2mpl\u0103toare, o mic\u0103 minciun\u0103, \u015fi &#8211; odat\u0103 cu z\u0103pada \u015fi cu luminile Cr\u0103ciunului &#8211; minciuna se r\u0103sp\u00e2nde\u015fte ca un virus, sem\u0103n\u00e2nd groaz\u0103 \u015fi ne\u00eencredere, p\u00e2n\u0103 la o isterie colectiv\u0103 \u00een care Lucas lupt\u0103 de unul singur pentru via\u0163a \u015fi demnitatea lui. 10 premii \u0219i 7 nominaliz\u0103ri: BAFTA, Cannes Film Festival, British Independent Film Award, European Film Awards, Ghent International Film Festival, London Critics Circle Film Awards, Palm Springs IFF, Vancouver IFF etc. An outstanding lead performance by Mads Mikkelsen (who won best actor for the role at Cannes in 2012) anchors this hauntingly layered and nuanced drama of a man falsely accused of a terrible deed. Claudia Puig, USA Today It is forthright, powerful, composed and directed with clarity and overwhelming force, yet capable of great subtlety and nuance. Peter Bradshow, The Guardian Distribu\u021bia: Mads Mikkelsen, Thomas Bo Larsen, Annika Wedderkopp, Lasse Fogelstrom, Susse Wold, Annne Louise Hassing, Lars Ranthe, Alexandra Rapaport, Sebastina Bull Sarning, Steen Ordell Guldbrand Jensen, Daniel Engstrup, Troels Thorsen &#8230;<\/p>\n","protected":false},"author":4,"featured_media":0,"parent":805,"menu_order":2,"comment_status":"open","ping_status":"closed","template":"side-navigation.php","meta":[],"_links":{"self":[{"href":"https:\/\/cinemascop.eu\/2013\/wp-json\/wp\/v2\/pages\/897"}],"collection":[{"href":"https:\/\/cinemascop.eu\/2013\/wp-json\/wp\/v2\/pages"}],"about":[{"href":"https:\/\/cinemascop.eu\/2013\/wp-json\/wp\/v2\/types\/page"}],"author":[{"embeddable":true,"href":"https:\/\/cinemascop.eu\/2013\/wp-json\/wp\/v2\/users\/4"}],"replies":[{"embeddable":true,"href":"https:\/\/cinemascop.eu\/2013\/wp-json\/wp\/v2\/comments?post=897"}],"version-history":[{"count":5,"href":"https:\/\/cinemascop.eu\/2013\/wp-json\/wp\/v2\/pages\/897\/revisions"}],"predecessor-version":[{"id":1215,"href":"https:\/\/cinemascop.eu\/2013\/wp-json\/wp\/v2\/pages\/897\/revisions\/1215"}],"up":[{"embeddable":true,"href":"https:\/\/cinemascop.eu\/2013\/wp-json\/wp\/v2\/pages\/805"}],"wp:attachment":[{"href":"https:\/\/cinemascop.eu\/2013\/wp-json\/wp\/v2\/media?parent=897"}],"curies":[{"name":"wp","href":"https:\/\/api.w.org\/{rel}","templated":true}]}}