{"id":902,"date":"2013-08-31T07:48:01","date_gmt":"2013-08-31T07:48:01","guid":{"rendered":"https:\/\/cinemascop.eu\/2013\/?page_id=902"},"modified":"2013-09-02T08:23:43","modified_gmt":"2013-09-02T08:23:43","slug":"pielea-in-care-traiesc-presa","status":"publish","type":"page","link":"https:\/\/cinemascop.eu\/2013\/descarca-materiale\/pielea-in-care-traiesc-presa\/","title":{"rendered":"PIELEA \u00ceN CARE TR\u00c3IESC"},"content":{"rendered":"<div class=\"title\"><h2>PIELEA \u00ceN CARE TR\u00c3IESC \/ LA PIEL QUE HABITO (2011) &#8211; drama <\/h2><\/div>\n<p>scenariul Augustin Almodovar \u0219i Pedro Almodovar<br \/>\nregia: Pedro Almodovar<br \/>\n120\u2019<br \/>\nDistribu\u021bia : Antonio Banderas, Elena Anaya, Marisa Paredes, Jan Cornet, Roberto Alamo, Eduard Fernandez, jose Luis Gomez, Blanca Suarez, Susi Sanchez, Barbara Lennie<\/p>\n<div class=\"related-posts related-projects\"><div id=\"carousel\" class=\"clients-carousel es-carousel-wrapper\"><div class=\"es-carousel\"><ul>\n<li><a href=\"https:\/\/cinemascop.eu\/2013\/download\/6_pielea_in_care_traiesc\/6_pielea_in_care_traiesc_1.zip\" target=\"\"><img src=\"https:\/\/cinemascop.eu\/2013\/wp-content\/uploads\/2013\/08\/6_pielea_in_care_traiesc_1.jpg\" alt=\"\" \/><\/a><\/li>\n<li><a href=\"https:\/\/cinemascop.eu\/2013\/download\/6_pielea_in_care_traiesc\/6_pielea_in_care_traiesc_2.zip\" target=\"\"><img src=\"https:\/\/cinemascop.eu\/2013\/wp-content\/uploads\/2013\/08\/6_pielea_in_care_traiesc_2.jpg\" alt=\"\" \/><\/a><\/li>\n<li><a href=\"https:\/\/cinemascop.eu\/2013\/download\/6_pielea_in_care_traiesc\/6_pielea_in_care_traiesc_3.zip\" target=\"\"><img src=\"https:\/\/cinemascop.eu\/2013\/wp-content\/uploads\/2013\/08\/6_pielea_in_care_traiesc_3.jpg\" alt=\"\" \/><\/a><\/li>\n<\/ul><\/div><\/div><\/div>\n<div class=\"related-posts related-projects\"><div id=\"carousel\" class=\"clients-carousel es-carousel-wrapper\"><div class=\"es-carousel\"><ul>\n<li><a href=\"https:\/\/cinemascop.eu\/2013\/download\/6_pielea_in_care_traiesc\/6_pielea_in_care_traiesc_4.zip\" target=\"\"><img src=\"https:\/\/cinemascop.eu\/2013\/wp-content\/uploads\/2013\/08\/6_pielea_in_care_traiesc_4.jpg\" alt=\"\" \/><\/a><\/li>\n<li><a href=\"https:\/\/cinemascop.eu\/2013\/download\/6_pielea_in_care_traiesc\/6_pielea_in_care_traiesc_5.zip\" target=\"\"><img src=\"https:\/\/cinemascop.eu\/2013\/wp-content\/uploads\/2013\/08\/6_pielea_in_care_traiesc_5.jpg\" alt=\"\" \/><\/a><\/li>\n<li><a href=\"https:\/\/cinemascop.eu\/2013\/download\/6_pielea_in_care_traiesc\/6_pielea_in_care_traiesc_6.zip\" target=\"\"><img src=\"https:\/\/cinemascop.eu\/2013\/wp-content\/uploads\/2013\/08\/6_pielea_in_care_traiesc_6.jpg\" alt=\"\" \/><\/a><\/li>\n<\/ul><\/div><\/div><\/div>\n<div class=\"alert general\"><div class=\"msg\">Click pe o imagine de mai sus pentru a\u00a0 descarca la o rezolutie mai mare<\/div><a href=\"#\" class=\"toggle-alert\">Toggle<\/a><\/div>\n<p>&nbsp;<\/p>\n<p>De c\u00e2nd so\u0163ia i-a murit \u00een incendiul care a urmat unui accident, doctorul Robert Ledgard (Antonio Banderas), un eminent specialist \u00een chirurgie plastic\u0103, s-a ocupat de crearea unui nou tip de piele, artificial\u0103, rezistent\u0103 la arsuri, cu care \u015fi-ar fi putut salva so\u0163ia. Dup\u0103 doisprezece ani, el reu\u015fe\u015fte s\u0103 creeze o piele care func\u0163ioneaz\u0103 ca un scut \u00eempotriva tuturor agen\u0163ilor externi. \u00cen continuarea anilor de studiu \u0219i de experimente, Robert mai are nevoie de trei lucruri: s\u0103 fie lipsit de scrupule, s\u0103 aib\u0103 un complice \u015fi un cobai. Scrupulele n-au fost niciodat\u0103 o problem\u0103. Iar Marilia (Marisa Paredes), femeia care a avut grij\u0103 de el de c\u00e2nd s-a n\u0103scut, este complicele perfect. C\u00e2t despre cobaiul uman&#8230;<\/p>\n<p>21 premii \u0219i 38 nominaliz\u0103ri: BAFTA awards, Golden Globes, Cannes Film Festival, Goya Awards, Hollywood Film Festival, London Circle Critics Film Award, New York Film Cristics Circle Awards, London Circle Critics Film Award, British Independent Film Awards etc.<\/p>\n<p>La \u00eenceputul anilor \u201980, Antonio Banderas interpreta roluri m\u0103runte \u00een companii mici de teatru spaniole, \u00een timpul mi\u015fc\u0103rii culturale post-dictatoriale \u201eMovida\u201d din Spania, atunci c\u00e2nd a fost descoperit de Pedro Almod\u00f3var \u015fi distribuit \u00eentr-unul din lungmetrajele acestuia de \u00eenceput &#8211; \u201eLaberinto de pasiones\u201d (1982), unde actorul avea s\u0103 interpreteze rolul unui terorist musulman numit Sadec. Se pare c\u0103 rela\u0163ia actor-regizor a func\u0163ionat foarte bine, c\u0103ci Almod\u00f3var avea s\u0103 \u00eel distribuie pe Banderas \u015fi \u00een urm\u0103toarele patru filme ale sale. \u00cen \u201eMatador\u201d (1986) \u2013 Banderas juca rolul lui \u00c1ngel, un toreador ce ajunge s\u0103 confeseze o serie de crime cu tent\u0103 sexual\u0103. Actorul fusese apoi Antonio Benitez \u00een \u201eLa Ley del Deseo\u201d (1987), unde intrase \u00een aten\u0163ia criticii pentru portretizarea de excep\u0163ie a unui homosexual, \u015fi apoi Carlos \u00een popularul \u201eMujeres al borde de un ataque de nervios\u201d (1988) \u2013 o comedie neagr\u0103 de succes \u015fi unul dintre cele mai cunoscute filme de \u00eenceput ale lui Almod\u00f3var. \u00cen fine, \u00een \u201e\u00c1tame!\u201d (1990), Banderas juca un pacient psihiatric care r\u0103pe\u015fte o fost\u0103 actri\u0163\u0103 porno \u00een timp ce aceasta filma un horror. Rolul i-a adus celebritatea \u015fi a propulsat cariera lui Banderas la scar\u0103 interna\u0163ional\u0103.<\/p>\n<p>La 21 de ani dup\u0103 \u201e\u00c1tame!\u201d, Almod\u00f3var se \u00eentoarce la deja ultra-faimosul actor spaniol pentru \u201dLa Piel Que Habito\u201d, numai c\u0103 rolul pe care i-l ofer\u0103 este total atipic comparativ cu tot ce a f\u0103cut Banderas \u00een ultima perioad\u0103. Aici, el joac\u0103 rolul unui doctor specialist \u00een chirurgie plastic\u0103 \u2013 Robert Ledgard \u2013 un tip pe c\u00e2t de cinic pe at\u00e2t de seduc\u0103tor, care, devastat de sinuciderea so\u0163iei sale, desfigurat\u0103 \u00een urma unui accident de ma\u015fin\u0103, a creat un nou tip de piele rezistent la orice factori externi de agresiune \u015fi \u00een special la foc. Dar, pentru a-\u015fi pune \u00een aplica\u0163ie inven\u0163ia, Robert are nevoie de un cobai uman, iar el \u015fi-a pierdut de mult scrupulele pentru a trece peste acest impediment minor.<\/p>\n<p>Banderas joac\u0103 al\u0103turi de Elena Anaya (\u201eLucia y el sexo\u201d, \u201eVan Helsing\u201d), care face un rol contradictoriu \u00een permanen\u0163\u0103, aceasta fiind una dintre cele mai sigure arme de seduc\u0163ie pe care le are.<\/p>\n<p>\u00centrebat, \u00eentr-un interviu acordat re\u0163elei americane de televiziune CBS, despre noua sa colaborare cu Almod\u00f3var dup\u0103 o pauz\u0103 de mai bine de 20 de ani, Antonio Banderas a afirmat c\u0103, atunci c\u00e2nd regizorul spaniol i-a propus noul rol, a primit s\u0103 \u00eel joace pe doctorul Robert Ledgard cu o mare satisfac\u0163ie pentru c\u0103 \u00eel consider\u0103 pe Almod\u00f3var ca fiind \u201eun autor ce a schimbat toate regulile \u00een cinematografia spaniol\u0103\u201d, sfid\u00e2nd \u00een mod constant standardele \u015fi f\u0103c\u00e2nd ca, \u00een cinematografia de ast\u0103zi, c\u00e2nd tendin\u0163a este de se realiza produse c\u00e2t mai digerabile, un film de-al s\u0103u s\u0103 apar\u0103 \u201eca un pahar de ap\u0103 \u00eentr-un de\u015fert\u201d. De asemenea, actorul spaniol a m\u0103rturisit c\u0103 munca la filmul lui Almod\u00f3var a reprezentat pentru el o \u00eentoarcere acas\u0103.<\/p>\n<p>\u00cen acord cu sentimentele actorului, despre aceea\u015fi colaborare Almod\u00f3var spune c\u0103 de mult\u0103 vreme inten\u0163iona s\u0103 lucreze din nou cu Banderas, pentru c\u0103 nimeni nu mai interpretase rolurile masculine din filmele sale din anii \u201980 at\u00e2t de bine cum o f\u0103cuse el, iar munca la acest film a reprezentat nu numai reconectarea cu un actor foarte valoros \u015fi important pentru cariera sa, ci \u015fi re\u00eent\u00e2lnirea cu un prieten drag.<\/p>\n<p>Pedro Almod\u00f3var (62 de ani) a primit p\u00e2n\u0103 acum de dou\u0103 ori Oscarul &#8211; o dat\u0103, pentru Cel mai bun film \u00eentr-o limb\u0103 str\u0103in\u0103, \u201cTodo sobre mi madre\u201d, \u00een 1999, iar \u00een 2002, pentru Cel mai bun scenariu original &#8211; \u201cHable con ella\u201d. Dup\u0103 Cannes, \u201cLa Piel Que Habito\u201d a fost prezentat la Toronto Film Festival, \u00een septembrie \u0219i la New York Film Festival, \u00een octombrie 2011.<\/p>\n<p>Almodovar a gasit in Antonio Banderas interpretul ideal pentru acest personaj aseptic si agreabil pe dinafara, monstruos pe dinauntru. Combinatie de savant dement si de parinte iubitor pana-n panzele albe, el ajunge sa proiecteze pe victima o pasiune maladiva. Relatia dintre chirurg si victima pacient e nelinistitoare si complicata, si nu se poate rezolva decat intr-un singur fel. &#8220;Pielea in care traiesc&#8221; e provocator desi pielea e o metafora atat de transparenta (sic).<br \/>\nCe il tine pe spectator atent sunt elasticitatea tensionata a regiei, constructia sigura a thrillerului, frumusetea \u201epielii\u201d filmului, trimiterile duble la un film de epoca si la unul de anticipatie, fascinatia pentru transformarea lenta a personajelor, asemeni unor larve care cresc indaratul unor crisalide mate.<br \/>\nIulia Blaga, <a href=\"http:\/\/www.hotnews.com\">www.hotnews.com<\/a><\/p>\n<p>Ultimately an original film that forces us, time and again, to reconsider what we think we&#8217;ve just seen, and what we&#8217;re sure we feel &#8211; not only about mere appearance, or fateful gender, but about who, under our skin, we truly are. Joe Morgenstert, Wall Street Journal<\/p>\n","protected":false},"excerpt":{"rendered":"<p>scenariul Augustin Almodovar \u0219i Pedro Almodovar regia: Pedro Almodovar 120\u2019 Distribu\u021bia : Antonio Banderas, Elena Anaya, Marisa Paredes, Jan Cornet, Roberto Alamo, Eduard Fernandez, jose Luis Gomez, Blanca Suarez, Susi Sanchez, Barbara Lennie &nbsp; De c\u00e2nd so\u0163ia i-a murit \u00een incendiul care a urmat unui accident, doctorul Robert Ledgard (Antonio Banderas), un eminent specialist \u00een chirurgie plastic\u0103, s-a ocupat de crearea unui nou tip de piele, artificial\u0103, rezistent\u0103 la arsuri, cu care \u015fi-ar fi putut salva so\u0163ia. Dup\u0103 doisprezece ani, el reu\u015fe\u015fte s\u0103 creeze o piele care func\u0163ioneaz\u0103 ca un scut \u00eempotriva tuturor agen\u0163ilor externi. \u00cen continuarea anilor de studiu \u0219i de experimente, Robert mai are nevoie de trei lucruri: s\u0103 fie lipsit de scrupule, s\u0103 aib\u0103 un complice \u015fi un cobai. Scrupulele n-au fost niciodat\u0103 o problem\u0103. Iar Marilia (Marisa Paredes), femeia care a avut grij\u0103 de el de c\u00e2nd s-a n\u0103scut, este complicele perfect. C\u00e2t despre cobaiul uman&#8230; 21 premii \u0219i 38 nominaliz\u0103ri: BAFTA awards, Golden Globes, Cannes Film Festival, Goya Awards, Hollywood Film Festival, London Circle Critics Film Award, New York Film Cristics Circle Awards, London Circle Critics Film Award, British Independent Film Awards etc. La \u00eenceputul anilor \u201980, Antonio Banderas interpreta roluri m\u0103runte \u00een companii mici de teatru spaniole, \u00een timpul mi\u015fc\u0103rii culturale post-dictatoriale \u201eMovida\u201d din Spania, atunci c\u00e2nd a fost descoperit de Pedro Almod\u00f3var \u015fi distribuit \u00eentr-unul din lungmetrajele acestuia de \u00eenceput &#8211; \u201eLaberinto de pasiones\u201d (1982), unde actorul avea s\u0103 interpreteze rolul unui terorist musulman numit Sadec. Se pare c\u0103 rela\u0163ia actor-regizor a func\u0163ionat foarte bine, c\u0103ci Almod\u00f3var avea s\u0103 \u00eel distribuie pe Banderas \u015fi \u00een urm\u0103toarele patru filme ale sale. \u00cen \u201eMatador\u201d (1986) \u2013 Banderas juca rolul lui \u00c1ngel, un toreador ce ajunge s\u0103 confeseze o serie de [&hellip;]<\/p>\n","protected":false},"author":4,"featured_media":0,"parent":805,"menu_order":6,"comment_status":"open","ping_status":"closed","template":"side-navigation.php","meta":[],"_links":{"self":[{"href":"https:\/\/cinemascop.eu\/2013\/wp-json\/wp\/v2\/pages\/902"}],"collection":[{"href":"https:\/\/cinemascop.eu\/2013\/wp-json\/wp\/v2\/pages"}],"about":[{"href":"https:\/\/cinemascop.eu\/2013\/wp-json\/wp\/v2\/types\/page"}],"author":[{"embeddable":true,"href":"https:\/\/cinemascop.eu\/2013\/wp-json\/wp\/v2\/users\/4"}],"replies":[{"embeddable":true,"href":"https:\/\/cinemascop.eu\/2013\/wp-json\/wp\/v2\/comments?post=902"}],"version-history":[{"count":5,"href":"https:\/\/cinemascop.eu\/2013\/wp-json\/wp\/v2\/pages\/902\/revisions"}],"predecessor-version":[{"id":1016,"href":"https:\/\/cinemascop.eu\/2013\/wp-json\/wp\/v2\/pages\/902\/revisions\/1016"}],"up":[{"embeddable":true,"href":"https:\/\/cinemascop.eu\/2013\/wp-json\/wp\/v2\/pages\/805"}],"wp:attachment":[{"href":"https:\/\/cinemascop.eu\/2013\/wp-json\/wp\/v2\/media?parent=902"}],"curies":[{"name":"wp","href":"https:\/\/api.w.org\/{rel}","templated":true}]}}