{"id":907,"date":"2013-08-31T07:49:37","date_gmt":"2013-08-31T07:49:37","guid":{"rendered":"https:\/\/cinemascop.eu\/2013\/?page_id=907"},"modified":"2013-09-05T04:45:09","modified_gmt":"2013-09-05T04:45:09","slug":"incendii","status":"publish","type":"page","link":"https:\/\/cinemascop.eu\/2013\/descarca-materiale\/incendii\/","title":{"rendered":"INCENDII"},"content":{"rendered":"<div class=\"title\"><h2>INCENDII \/ INCENDIES (2010) &#8211; dram\u0103<\/h2><\/div>\n<p>scenariul: V. Beaugrand-Champagne, W. Mouawad, D. Villenuve<br \/>\nregia: Denis Villneuve<br \/>\n139\u2019<br \/>\nDistribu\u021bia: Mustafa Kamel, Hussein Sami Remy Girard, Melissa Desormeaux Poulin, Maxim Gaudette, Ahmad Massad, Bader Alami, Majida Hussein, Asriah Nijres, John Dunn-Hill, Nadia Essadiqi, Chaouki Charbel \u2026<\/p>\n<div class=\"related-posts related-projects\"><div id=\"carousel\" class=\"clients-carousel es-carousel-wrapper\"><div class=\"es-carousel\"><ul>\n<li><a href=\"https:\/\/cinemascop.eu\/2013\/download\/3_incendii\/3_incendii_1.zip\" target=\"\"><img src=\"https:\/\/cinemascop.eu\/2013\/wp-content\/uploads\/2013\/08\/3_incendii_1.jpg\" alt=\"\" \/><\/a><\/li>\n<li><a href=\"https:\/\/cinemascop.eu\/2013\/download\/3_incendii\/3_incendii_2.zip\" target=\"\"><img src=\"https:\/\/cinemascop.eu\/2013\/wp-content\/uploads\/2013\/08\/3_incendii_2.jpg\" alt=\"\" \/><\/a><\/li>\n<li><a href=\"https:\/\/cinemascop.eu\/2013\/download\/3_incendii\/3_incendii_3.zip\" target=\"\"><img src=\"https:\/\/cinemascop.eu\/2013\/wp-content\/uploads\/2013\/08\/3_incendii_3.jpg\" alt=\"\" \/><\/a><\/li>\n<\/ul><\/div><\/div><\/div>\n<div class=\"related-posts related-projects\"><div id=\"carousel\" class=\"clients-carousel es-carousel-wrapper\"><div class=\"es-carousel\"><ul>\n<li><a href=\"https:\/\/cinemascop.eu\/2013\/download\/3_incendii\/3_incendii_4.zip\" target=\"\"><img src=\"https:\/\/cinemascop.eu\/2013\/wp-content\/uploads\/2013\/08\/3_incendii_4.jpg\" alt=\"\" \/><\/a><\/li>\n<li><a href=\"https:\/\/cinemascop.eu\/2013\/download\/3_incendii\/3_incendii_5.zip\" target=\"\"><img src=\"https:\/\/cinemascop.eu\/2013\/wp-content\/uploads\/2013\/08\/3_incendii_5.jpg\" alt=\"\" \/><\/a><\/li>\n<li><a href=\"https:\/\/cinemascop.eu\/2013\/download\/3_incendii\/3_incendii_6.zip\" target=\"\"><img src=\"https:\/\/cinemascop.eu\/2013\/wp-content\/uploads\/2013\/08\/3_incendii_6.jpg\" alt=\"\" \/><\/a><\/li>\n<\/ul><\/div><\/div><\/div>\n<div class=\"alert general\"><div class=\"msg\">Click pe o imagine de mai sus pentru a\u00a0 descarca la o rezolutie mai mare<\/div><a href=\"#\" class=\"toggle-alert\">Toggle<\/a><\/div>\n<p>&nbsp;<\/p>\n<p>Adaptare dup\u0103 scenariul lui Wajdi Mouawad, \u201cIncendii\/Incedies\u201d este o poveste emo\u0163ionant\u0103 care aduce ororile r\u0103zboiului la un nivel foarte personal si dezv\u0103luie intr-un mod puternic dar, in acela\u015fi timp poetic, urmele ad\u00e2nci ale violentei si forta miraculoasa a dorin\u0163ei de supravie\u0163uire.<\/p>\n<p>In timp ce notarul Lebel (R\u00e9my Girard), asistat de gemenii Jeanne Simon si Marwan (Melissa D\u00e9sormeaux-Poulin, Maxim Gaudette), citeste testamentul mamei lor Nawal (Lubna Azabal), acestia sunt uimiti sa vada ca este vorba despre doua scrisori: una pentru tatal lor, despre care se credea ca e mort, \u015fi alta pentru fratele lor de a carui existenta au aflat abia atunci.<\/p>\n<p>In tot acest mister, care invaluie mostenirea lasata de mama lor, Jeanne gaseste explicatia tacerii in care se retrasese Nawal in ultimele saptamani din viata. Jeanne e hotarata sa plece imediat in Orientul Mijlociu pentru a cerceta cat mai amanuntit trecutul familiei despre care realizeaza ca nu stie aproape nimic.<\/p>\n<p>Simon ramane insa indiferent la aceste intrigi lasate in urma de o mama care a fost mereu distanta \u015fi rece. Cu toate acestea, dragostea pentru sora lui este atat de puternica incat se hotaraste sa o insoteasca pe aceasta in descoperirea arborelui genealogic si al trecutului lui Nawal, o mama foarte diferita de cea pe care o stiau ei.<\/p>\n<p>Cu ajutorul lui Lebel, gemenii refac povestea femeii care i-a adus in aceasta lume, descoperind o soarta tragica, marcata pentru totdeauna de razboi si ura dar, in acelasi timp, si o femeie cu un curaj exceptional.<\/p>\n<p><b>36 de premii <\/b><b>\u0219<\/b><b>i 10 nominaliz\u0103ri: <\/b>Nominalizat la Oscar in 2011 pentru Cel mai bun film strain, &#8220;Incendii&#8221; a obtinut Premiul pentru Cel mai bun film, sectiunea Venice Days la Festivalul de Film de la Venetia; 8 Premii Genie pentru Cel mai bun film,\u00a0 Regie, Imagine Sunet, Montaj, Editare Sunet, Scenariu, Cea mai buna actrita intr-un rol principal (Lubna Azabal); <a href=\"http:\/\/www.imdb.com\/Sections\/Awards\/Vancouver_Film_Critics_Circle\/\">Vancouver Film Critics Circle<\/a>: Premiile VFCC pentru Cea mai buna actrita intr-un film canadian (Lubna Azabal), Cel mai bun film, Cel mai bun regizor intr-un film canadian.\u00a0 <strong>Festivaluri<\/strong>:\u00a0Vene\u0163ia 2010 (Giornate degli autori), Toronto 2010, Telluride 2010<\/p>\n<p>Denis Villeneuve tells a story-masterfully-of courage, cruelty, family mysteries and a chain of anger that can only be broken by love. <b><i>Joe Morgenstern, Wall Street Journal<\/i><\/b><\/p>\n<p>It knocks you off your feet and leaves you shaken. <b><i>Michael O\u2019Sullivan, Washington Post<\/i><\/b><\/p>\n<p>&nbsp;<\/p>\n","protected":false},"excerpt":{"rendered":"<p>scenariul: V. Beaugrand-Champagne, W. Mouawad, D. Villenuve regia: Denis Villneuve 139\u2019 Distribu\u021bia: Mustafa Kamel, Hussein Sami Remy Girard, Melissa Desormeaux Poulin, Maxim Gaudette, Ahmad Massad, Bader Alami, Majida Hussein, Asriah Nijres, John Dunn-Hill, Nadia Essadiqi, Chaouki Charbel \u2026 &nbsp; Adaptare dup\u0103 scenariul lui Wajdi Mouawad, \u201cIncendii\/Incedies\u201d este o poveste emo\u0163ionant\u0103 care aduce ororile r\u0103zboiului la un nivel foarte personal si dezv\u0103luie intr-un mod puternic dar, in acela\u015fi timp poetic, urmele ad\u00e2nci ale violentei si forta miraculoasa a dorin\u0163ei de supravie\u0163uire. In timp ce notarul Lebel (R\u00e9my Girard), asistat de gemenii Jeanne Simon si Marwan (Melissa D\u00e9sormeaux-Poulin, Maxim Gaudette), citeste testamentul mamei lor Nawal (Lubna Azabal), acestia sunt uimiti sa vada ca este vorba despre doua scrisori: una pentru tatal lor, despre care se credea ca e mort, \u015fi alta pentru fratele lor de a carui existenta au aflat abia atunci. In tot acest mister, care invaluie mostenirea lasata de mama lor, Jeanne gaseste explicatia tacerii in care se retrasese Nawal in ultimele saptamani din viata. Jeanne e hotarata sa plece imediat in Orientul Mijlociu pentru a cerceta cat mai amanuntit trecutul familiei despre care realizeaza ca nu stie aproape nimic. Simon ramane insa indiferent la aceste intrigi lasate in urma de o mama care a fost mereu distanta \u015fi rece. Cu toate acestea, dragostea pentru sora lui este atat de puternica incat se hotaraste sa o insoteasca pe aceasta in descoperirea arborelui genealogic si al trecutului lui Nawal, o mama foarte diferita de cea pe care o stiau ei. Cu ajutorul lui Lebel, gemenii refac povestea femeii care i-a adus in aceasta lume, descoperind o soarta tragica, marcata pentru totdeauna de razboi si ura dar, in acelasi timp, si o femeie cu un curaj exceptional. [&hellip;]<\/p>\n","protected":false},"author":4,"featured_media":0,"parent":805,"menu_order":3,"comment_status":"open","ping_status":"closed","template":"side-navigation.php","meta":[],"_links":{"self":[{"href":"https:\/\/cinemascop.eu\/2013\/wp-json\/wp\/v2\/pages\/907"}],"collection":[{"href":"https:\/\/cinemascop.eu\/2013\/wp-json\/wp\/v2\/pages"}],"about":[{"href":"https:\/\/cinemascop.eu\/2013\/wp-json\/wp\/v2\/types\/page"}],"author":[{"embeddable":true,"href":"https:\/\/cinemascop.eu\/2013\/wp-json\/wp\/v2\/users\/4"}],"replies":[{"embeddable":true,"href":"https:\/\/cinemascop.eu\/2013\/wp-json\/wp\/v2\/comments?post=907"}],"version-history":[{"count":5,"href":"https:\/\/cinemascop.eu\/2013\/wp-json\/wp\/v2\/pages\/907\/revisions"}],"predecessor-version":[{"id":1053,"href":"https:\/\/cinemascop.eu\/2013\/wp-json\/wp\/v2\/pages\/907\/revisions\/1053"}],"up":[{"embeddable":true,"href":"https:\/\/cinemascop.eu\/2013\/wp-json\/wp\/v2\/pages\/805"}],"wp:attachment":[{"href":"https:\/\/cinemascop.eu\/2013\/wp-json\/wp\/v2\/media?parent=907"}],"curies":[{"name":"wp","href":"https:\/\/api.w.org\/{rel}","templated":true}]}}