{"id":911,"date":"2013-08-31T07:50:40","date_gmt":"2013-08-31T07:50:40","guid":{"rendered":"https:\/\/cinemascop.eu\/2013\/?page_id=911"},"modified":"2013-09-02T08:21:45","modified_gmt":"2013-09-02T08:21:45","slug":"motoare-sfinte","status":"publish","type":"page","link":"https:\/\/cinemascop.eu\/2013\/descarca-materiale\/motoare-sfinte\/","title":{"rendered":"MOTOARE SFINTE"},"content":{"rendered":"<div class=\"title\"><h2> MOTOARE SFINTE \/ HOLY MOTORS &#8211; drama <\/h2><\/div>\n<p>scenariul \u0219i regia: Leos Carax<br \/>\nimaginea: Caroline Champetier Afc, Yves Cape<br \/>\n115\u2019<br \/>\nDistribu\u021bia Denis LAVANT, Edith SCOB, Eva MENDES, Kylie MINOGUE, Cordelia PICCOLI, Elise LHOMMEAU<\/p>\n<div class=\"related-posts related-projects\"><div id=\"carousel\" class=\"clients-carousel es-carousel-wrapper\"><div class=\"es-carousel\"><ul>\n<li><a href=\"https:\/\/cinemascop.eu\/2013\/download\/5_motoare_sfinte\/5_motoare_sfinte_1.zip\" target=\"\"><img src=\"https:\/\/cinemascop.eu\/2013\/wp-content\/uploads\/2013\/08\/5_motoare_sfinte_1.jpg\" alt=\"\" \/><\/a><\/li>\n<li><a href=\"https:\/\/cinemascop.eu\/2013\/download\/5_motoare_sfinte\/5_motoare_sfinte_2.zip\" target=\"\"><img src=\"https:\/\/cinemascop.eu\/2013\/wp-content\/uploads\/2013\/08\/5_motoare_sfinte_2.jpg\" alt=\"\" \/><\/a><\/li>\n<li><a href=\"https:\/\/cinemascop.eu\/2013\/download\/5_motoare_sfinte\/5_motoare_sfinte_3.zip\" target=\"\"><img src=\"https:\/\/cinemascop.eu\/2013\/wp-content\/uploads\/2013\/08\/5_motoare_sfinte_3.jpg\" alt=\"\" \/><\/a><\/li>\n<\/ul><\/div><\/div><\/div>\n<div class=\"related-posts related-projects\"><div id=\"carousel\" class=\"clients-carousel es-carousel-wrapper\"><div class=\"es-carousel\"><ul>\n<li><a href=\"https:\/\/cinemascop.eu\/2013\/download\/5_motoare_sfinte\/5_motoare_sfinte_4.zip\" target=\"\"><img src=\"https:\/\/cinemascop.eu\/2013\/wp-content\/uploads\/2013\/08\/5_motoare_sfinte_4.jpg\" alt=\"\" \/><\/a><\/li>\n<li><a href=\"https:\/\/cinemascop.eu\/2013\/download\/5_motoare_sfinte\/5_motoare_sfinte_5.zip\" target=\"\"><img src=\"https:\/\/cinemascop.eu\/2013\/wp-content\/uploads\/2013\/08\/5_motoare_sfinte_5.jpg\" alt=\"\" \/><\/a><\/li>\n<li><a href=\"https:\/\/cinemascop.eu\/2013\/download\/5_motoare_sfinte\/5_motoare_sfinte_6.zip\" target=\"\"><img src=\"https:\/\/cinemascop.eu\/2013\/wp-content\/uploads\/2013\/08\/5_motoare_sfinte_6.jpg\" alt=\"\" \/><\/a><\/li>\n<\/ul><\/div><\/div><\/div>\n<div class=\"alert general\"><div class=\"msg\">Click pe o imagine de mai sus pentru a\u00a0 descarca la o rezolutie mai mare<\/div><a href=\"#\" class=\"toggle-alert\">Toggle<\/a><\/div>\n<p>&nbsp;<\/p>\n<p>Din zori p\u00e2n\u0103 la c\u0103derea nop\u0163ii, c\u00e2teva ore din via\u0163a domnului Oscar, un personaj ciudat, care c\u0103l\u0103tore\u015fte de la o via\u0163\u0103 spre alt\u0103 via\u0163\u0103. Este pe r\u00e2nd bancher, criminal, cer\u015fetor, creatur\u0103 monstruoas\u0103, tat\u0103&#8230; Domnul Oscar pare s\u0103 interpreteze roluri, roluri \u00een care plonjeaz\u0103 cu toat\u0103 fiin\u0163a sa. Dar unde sunt aparatele de filmat? Este singur, \u00eenso\u0163it doar de Celine, o stilat\u0103 doamn\u0103 blond\u0103, \u015foferi\u0163a limuzinei sale luxoase, care \u00eei poarta prin Paris \u015fi prin \u00eemprejurimi. Un uciga\u015f con\u015ftiincios, care trece de la o \u0163int\u0103 la alta. \u00cen c\u0103utarea frumuse\u0163ii gestului. A motorului ac\u0163iunii. A femeilor \u015fi fantomelor din vie\u0163ile sale anterioare. Dar unde este casa \u015fi familia lui, c\u00e2nd se odihne\u015fte?<\/p>\n<p>20 premii \u0219i 28 nominaliz\u0103ri: Cannes Film Festival, Premiul Gopo pentru cel mai bun film str\u0103in, London Circle Critics Film Award, Cesar Awards, Chicago International Film Festival, Los Angeles Film Critics Associations Awards, New York Film Critics Awards etc.<\/p>\n<p><b>Interviu cu Leos Carax:<\/b><\/p>\n<p><i>A\u021bi ap\u0103rut la \u00eenceputul filmului, \u00eentr-un fel de prolog, care este mai precis o uvertur\u0103. Cum vi-a venit ideea de a fi prezent fizic pe ecran?<br \/>\n<\/i>Leos Carax: Am avut mai \u00eent\u00e2i imaginea unei s\u0103li de cinema, mari \u0219i pline, \u00een \u00eentunericul proiec\u021biei. Dar spectatorii sunt destul de reci, \u0219i ochii lor par inchi\u0219i. Sunt adormi\u021bi? Mor\u021bi? Publicul de cinema v\u0103zut din fa\u021b\u0103 &#8211; ceva ce nimeni nu vede (cu excep\u021bia extraordinarului plan final din \u201cThe Crowd\u201d, de King Vidor).<br \/>\nApoi, prietena mea, Katia, m-a facut s\u0103 citesc o poveste de Hoffmann. Eroul descoper\u0103 \u00een camera sa dintr-un hotel o u\u0219a secret\u0103, care duce c\u0103tre o sal\u0103 de oper\u0103. Ca \u00een cuvintele lui Kafka, ce ar putea servi ca preambul oric\u0103rei crea\u021bii: \u201eExist\u0103 o u\u0219\u0103 \u00een apartamentul meu, pe care niciodat\u0103 nu am observat-o p\u00e2n\u0103 acum.\u201d \u00a0A\u0219a c\u0103, m-am g\u00e2ndit s\u0103 \u00eencep acest film cu ace\u0219ti adormi\u021bi, trezi\u021bi \u00een plin\u0103 noapte, care se reg\u0103sesc \u00een pijama \u00eentr-o mare sal\u0103 de cinema plin\u0103 de fantome. Instinctiv, am chemat omul &#8211; vis\u0103tor al filmului &#8211; Leos Carax. A\u0219a c\u0103 l-am jucat.<br \/>\n<i>\u00cen ce m\u0103sur\u0103 \u201cMerde\u201d, contribu\u021bia dumneavoastr\u0103 la filmul &#8220;Tokyo!\u201c, a jucat un rol \u00een\u00a0 conceperea lui \u201cHoly Motors\u201d, \u00een care personajul din \u201cMerde\u201d este unul dintre avatarii (este cuv\u00e2ntul potrivit?) lui Denis Lavant?<br \/>\n<\/i>Leos Carax: &#8220;Holy Motors&#8221; s-a n\u0103scut din incapacitatea mea de a monta mai multe proiecte, toate \u00eentr-o limb\u0103 str\u0103in\u0103 \u0219i \u00een str\u0103in\u0103tate. M-am poticnit \u00eentotdeauna de acelea\u0219i dou\u0103 obstacole: castingul \u0219i banii. Nefiind capabil s\u0103 filmez, m-am inspirat din experien\u021ba cu &#8220;Merde&#8221;, care a fost o comand\u0103 japonez\u0103. Am trecut eu \u00eensumi la comanda unui proiect f\u0103cut \u00een acelea\u0219i condi\u021bii, dar \u00een Fran\u021ba: conceput rapid, pentru un actor deja ales, un film nu prea scump. Toate acestea au fost posibile, de asemenea, prin utilizarea de camere digitale, pe care eu le dispre\u021buiesc (fie c\u0103 ele se impun sau noi le impunem), dar care par s\u0103 mul\u021bumeasc\u0103 pe toat\u0103 lumea. Ideea de motoare, motorizarea \u0219i importan\u021ba ma\u0219inilor este \u00een mod clar exprimat\u0103 \u00een titlu \u0219i este una din temele de baz\u0103 ale filmului.<\/p>\n<p><i>A fost o idee ini\u021bial\u0103 a proiectului sau a ap\u0103rut treptat?<br \/>\n<\/i>Leos Carax: Nu a existat niciodat\u0103 vreo idee ini\u021bial\u0103 sau inten\u021bie la \u00eenceputul unui proiect. Doar dou\u0103 sau trei imagini \u0219i sentimente pe care le-am pus \u00eempreun\u0103. Pentru &#8220;Holy Motors&#8221; am inclus imaginea acelor limuzine extra-lungi, pe care le tot vedem de c\u00e2\u021biva ani. M-am intersectat cu ele pentru prima dat\u0103 \u00een America, \u0219i acum la Paris, \u00een cartierul meu, \u00een fiecare duminic\u0103 la nun\u021bile chinezilor. Ele sunt \u00een ton cu timpul lor. At\u00e2t de ostentative \u0219i de prost gust. Aspectuase la exterior, dar \u00een interior se simte un fel de triste\u021be, ca \u00eentr-un hotel de prostituate. Chiar \u0219i atunci c\u00e2nd m\u0103 emo\u021bioneaz\u0103. Sunt desuete, vechi juc\u0103rii futuriste ale trecutului. Cred c\u0103 ele marcheaz\u0103 sf\u00e2r\u0219itul unei ere, cea a ma\u0219inilor de mari dimensiuni. Cur\u00e2nd, aceste ma\u0219ini au devenit inima filmului, motorul s\u0103u, pot s\u0103 spun. Mi le-am imaginat ca lungi nave care poart\u0103 oamenii \u00een ultimele lor c\u0103l\u0103torii, ultimele lor activit\u0103\u021bi. Filmul este un fel de science-fiction, unde b\u0103rba\u021bi, fiare \u0219i ma\u0219ini ar fi \u00een pericol de dispari\u021bie &#8211; &#8220;motoare sacre&#8221; unite, legate printr-un destin comun, sclave \u00eentr-o lume din ce \u00een ce mai virtual\u0103. O lume din care ar disp\u0103rea treptat ma\u0219inile adev\u0103rate, experien\u021bele reale, ac\u021biunea.<\/p>\n<p align=\"right\"><i>Extrase dintr-un interviu prin e-mail cu Jean-Michel Frodon<\/i><\/p>\n<p><a href=\"http:\/\/www.lafca.net\/years\/2012.html\">Los Angeles Film Critics Association (LAFCA)<\/a> \u015fi-a ales c\u00e2\u015ftig\u0103torii pentru 2012. Filmul <i>Holy Motors<\/i> al lui Leos Carax a primit premiul pentru \u201cCel mai bun film de limb\u0103 str\u0103in\u0103\u201d. \u00cen timp ce actorul principal, Denis Levant, a ie\u015fit al doilea pe lista \u201cCelor mai buni actori\u201d<br \/>\nHoly Motors cere de la spectator o repudiere a nevoii de logic\u0103 narativ\u0103 de tip cauz\u0103-efect, o disponibilitate de a naviga de la un moment la altul ca de la un vis la altul. Odat\u0103 ce i se \u00eendepline\u015fte condi\u0163ia respectiv\u0103, acest film \u00een care autorul a vrut s\u0103 (s)pun\u0103 &#8220;totul&#8221; (indiferent ce-o fi acel &#8220;tot&#8221;) se face accesibil prin spectaculosul s\u0103u &#8211; con\u0163ine \u015fi dou\u0103 (dac\u0103 nu trei) numere muzicale, dintre care unul <i>guest-starring <\/i>Kylie Minogue. Andrei Gorzo, <i>Dilema veche<\/i><\/p>\n<p><b>Regizorul Leos Carax, filmografie:<\/b><\/p>\n<p>Boy Meets Girl (1984)<br \/>\nMauvais Sang (1986)<br \/>\nLovers on the Bridge (1991)<br \/>\nPola X (1999)<br \/>\nTokyo (2008)<\/p>\n","protected":false},"excerpt":{"rendered":"<p>scenariul \u0219i regia: Leos Carax imaginea: Caroline Champetier Afc, Yves Cape 115\u2019 Distribu\u021bia Denis LAVANT, Edith SCOB, Eva MENDES, Kylie MINOGUE, Cordelia PICCOLI, Elise LHOMMEAU &nbsp; Din zori p\u00e2n\u0103 la c\u0103derea nop\u0163ii, c\u00e2teva ore din via\u0163a domnului Oscar, un personaj ciudat, care c\u0103l\u0103tore\u015fte de la o via\u0163\u0103 spre alt\u0103 via\u0163\u0103. Este pe r\u00e2nd bancher, criminal, cer\u015fetor, creatur\u0103 monstruoas\u0103, tat\u0103&#8230; Domnul Oscar pare s\u0103 interpreteze roluri, roluri \u00een care plonjeaz\u0103 cu toat\u0103 fiin\u0163a sa. Dar unde sunt aparatele de filmat? Este singur, \u00eenso\u0163it doar de Celine, o stilat\u0103 doamn\u0103 blond\u0103, \u015foferi\u0163a limuzinei sale luxoase, care \u00eei poarta prin Paris \u015fi prin \u00eemprejurimi. Un uciga\u015f con\u015ftiincios, care trece de la o \u0163int\u0103 la alta. \u00cen c\u0103utarea frumuse\u0163ii gestului. A motorului ac\u0163iunii. A femeilor \u015fi fantomelor din vie\u0163ile sale anterioare. Dar unde este casa \u015fi familia lui, c\u00e2nd se odihne\u015fte? 20 premii \u0219i 28 nominaliz\u0103ri: Cannes Film Festival, Premiul Gopo pentru cel mai bun film str\u0103in, London Circle Critics Film Award, Cesar Awards, Chicago International Film Festival, Los Angeles Film Critics Associations Awards, New York Film Critics Awards etc. Interviu cu Leos Carax: A\u021bi ap\u0103rut la \u00eenceputul filmului, \u00eentr-un fel de prolog, care este mai precis o uvertur\u0103. Cum vi-a venit ideea de a fi prezent fizic pe ecran? Leos Carax: Am avut mai \u00eent\u00e2i imaginea unei s\u0103li de cinema, mari \u0219i pline, \u00een \u00eentunericul proiec\u021biei. Dar spectatorii sunt destul de reci, \u0219i ochii lor par inchi\u0219i. Sunt adormi\u021bi? Mor\u021bi? Publicul de cinema v\u0103zut din fa\u021b\u0103 &#8211; ceva ce nimeni nu vede (cu excep\u021bia extraordinarului plan final din \u201cThe Crowd\u201d, de King Vidor). Apoi, prietena mea, Katia, m-a facut s\u0103 citesc o poveste de Hoffmann. Eroul descoper\u0103 \u00een camera sa dintr-un hotel o u\u0219a secret\u0103, care duce c\u0103tre [&hellip;]<\/p>\n","protected":false},"author":4,"featured_media":0,"parent":805,"menu_order":5,"comment_status":"open","ping_status":"closed","template":"side-navigation.php","meta":[],"_links":{"self":[{"href":"https:\/\/cinemascop.eu\/2013\/wp-json\/wp\/v2\/pages\/911"}],"collection":[{"href":"https:\/\/cinemascop.eu\/2013\/wp-json\/wp\/v2\/pages"}],"about":[{"href":"https:\/\/cinemascop.eu\/2013\/wp-json\/wp\/v2\/types\/page"}],"author":[{"embeddable":true,"href":"https:\/\/cinemascop.eu\/2013\/wp-json\/wp\/v2\/users\/4"}],"replies":[{"embeddable":true,"href":"https:\/\/cinemascop.eu\/2013\/wp-json\/wp\/v2\/comments?post=911"}],"version-history":[{"count":5,"href":"https:\/\/cinemascop.eu\/2013\/wp-json\/wp\/v2\/pages\/911\/revisions"}],"predecessor-version":[{"id":974,"href":"https:\/\/cinemascop.eu\/2013\/wp-json\/wp\/v2\/pages\/911\/revisions\/974"}],"up":[{"embeddable":true,"href":"https:\/\/cinemascop.eu\/2013\/wp-json\/wp\/v2\/pages\/805"}],"wp:attachment":[{"href":"https:\/\/cinemascop.eu\/2013\/wp-json\/wp\/v2\/media?parent=911"}],"curies":[{"name":"wp","href":"https:\/\/api.w.org\/{rel}","templated":true}]}}