{"id":1114,"date":"2013-09-02T15:08:19","date_gmt":"2013-09-02T15:08:19","guid":{"rendered":"https:\/\/cinemascop.eu\/2014\/?page_id=1114"},"modified":"2015-10-07T00:49:54","modified_gmt":"2015-10-07T00:49:54","slug":"botosani","status":"publish","type":"page","link":"https:\/\/cinemascop.eu\/2014\/program\/botosani\/","title":{"rendered":"BOTO\u0218ANI"},"content":{"rendered":"<div class=\"title\"><h2>BOTO\u0218ANI \u2013 29-30 noiembrie<\/h2><\/div>\n<p><img decoding=\"async\" loading=\"lazy\" class=\"alignnone size-full wp-image-1058\" style=\"border: 1px solid #d6d6d6;\" src=\"https:\/\/cinemascop.eu\/2014\/wp-content\/uploads\/2014\/Afise\/GFA_BOTOSANI.jpg\" alt=\"Boto\u0219ani\" width=\"424\" height=\"600\" \/><\/p>\n<div align=\"justify\">\nCINEMA UNIREA<\/p>\n<span class=\"highlight1\">S\u00e2mb\u0103t\u0103, 29 noiembrie<\/span>\n<p>Ora 15:00 \u2013 <strong>LEVIATHAN<\/strong>, r. Andrei Zviaghin\u021bev, Premiul pentru scenariu, Cannes 2014<\/p>\n<span class=\"highlight1\">Duminic\u0103, 30 noiembrie<\/span>\n<p>Ora 15:00 \u2013 <strong>ONLY LOVERS LEFT ALIVE<\/strong>, r. Jim Jarmusch,  Competi\u021bie, Cannes 2013\n<\/div>\n","protected":false},"excerpt":{"rendered":"<p>CINEMA UNIREA Ora 15:00 \u2013 LEVIATHAN, r. Andrei Zviaghin\u021bev, Premiul pentru scenariu, Cannes 2014 Ora 15:00 \u2013 ONLY LOVERS LEFT ALIVE, r. Jim Jarmusch, Competi\u021bie, Cannes 2013<\/p>\n","protected":false},"author":4,"featured_media":0,"parent":24,"menu_order":5,"comment_status":"open","ping_status":"closed","template":"side-navigation.php","meta":[],"_links":{"self":[{"href":"https:\/\/cinemascop.eu\/2014\/wp-json\/wp\/v2\/pages\/1114"}],"collection":[{"href":"https:\/\/cinemascop.eu\/2014\/wp-json\/wp\/v2\/pages"}],"about":[{"href":"https:\/\/cinemascop.eu\/2014\/wp-json\/wp\/v2\/types\/page"}],"author":[{"embeddable":true,"href":"https:\/\/cinemascop.eu\/2014\/wp-json\/wp\/v2\/users\/4"}],"replies":[{"embeddable":true,"href":"https:\/\/cinemascop.eu\/2014\/wp-json\/wp\/v2\/comments?post=1114"}],"version-history":[{"count":5,"href":"https:\/\/cinemascop.eu\/2014\/wp-json\/wp\/v2\/pages\/1114\/revisions"}],"predecessor-version":[{"id":1522,"href":"https:\/\/cinemascop.eu\/2014\/wp-json\/wp\/v2\/pages\/1114\/revisions\/1522"}],"up":[{"embeddable":true,"href":"https:\/\/cinemascop.eu\/2014\/wp-json\/wp\/v2\/pages\/24"}],"wp:attachment":[{"href":"https:\/\/cinemascop.eu\/2014\/wp-json\/wp\/v2\/media?parent=1114"}],"curies":[{"name":"wp","href":"https:\/\/api.w.org\/{rel}","templated":true}]}}