{"id":1121,"date":"2013-09-02T15:19:31","date_gmt":"2013-09-02T15:19:31","guid":{"rendered":"https:\/\/cinemascop.eu\/2014\/?page_id=1121"},"modified":"2015-10-07T00:49:54","modified_gmt":"2015-10-07T00:49:54","slug":"falticeni","status":"publish","type":"page","link":"https:\/\/cinemascop.eu\/2014\/program\/falticeni\/","title":{"rendered":"F\u0102LTICENI"},"content":{"rendered":"<div class=\"title\"><h2>F\u0102LTICENI \u2013 12-13 decembrie<\/h2><\/div>\n<p><img decoding=\"async\" loading=\"lazy\" class=\"alignnone size-full wp-image-1058\" style=\"border: 1px solid #d6d6d6;\" src=\"https:\/\/cinemascop.eu\/2014\/wp-content\/uploads\/2014\/Afise\/GFA_FALTICENI.jpg\" alt=\"F\u0103lticeni\" width=\"423\" height=\"600\" \/><\/p>\n<div align=\"justify\">\nCENTRUL CULTURAL GRIGORE VASILIU BIRLIC<\/p>\n<span class=\"highlight1\">Vineri, 12 decembrie<\/span>\n<p>Ora 14:00 \u2013 <strong>MAPS TO THE STARS<\/strong>, r. David Cronenberg, Premiul pentru interpretare feminin\u0103, Cannes 2014<br \/>\nOra 16:30 \u2013 <strong>LIKE FATHER, LIKE SON<\/strong>, r. Kore-Eda Hirokazu, Premiul Juriului Cannes 2013<\/p>\n<span class=\"highlight1\">S\u00e2mb\u0103t\u0103, 13 decembrie<\/span>\n<p>Ora 14:00 \u2013 <strong>LEVIATHAN<\/strong>, r. Andrei Zviaghin\u021bev, Premiul pentru scenariu, Cannes 2014<br \/>\nOra 16:30 \u2013 <strong>LA JAULA DE ORO<\/strong>, r. Diego Quemada-D\u00edez, Premiul \u2018Un Certain Talent\u2019, Un Certain Regard, Cannes 2014\n<\/div>\n","protected":false},"excerpt":{"rendered":"<p>CENTRUL CULTURAL GRIGORE VASILIU BIRLIC Ora 14:00 \u2013 MAPS TO THE STARS, r. David Cronenberg, Premiul pentru interpretare feminin\u0103, Cannes 2014 Ora 16:30 \u2013 LIKE FATHER, LIKE SON, r. Kore-Eda Hirokazu, Premiul Juriului Cannes 2013 Ora 14:00 \u2013 LEVIATHAN, r. Andrei Zviaghin\u021bev, Premiul pentru scenariu, Cannes 2014 Ora 16:30 \u2013 LA JAULA DE ORO, r. Diego Quemada-D\u00edez, Premiul \u2018Un Certain Talent\u2019, Un Certain Regard, Cannes 2014<\/p>\n","protected":false},"author":4,"featured_media":0,"parent":24,"menu_order":9,"comment_status":"open","ping_status":"closed","template":"side-navigation.php","meta":[],"_links":{"self":[{"href":"https:\/\/cinemascop.eu\/2014\/wp-json\/wp\/v2\/pages\/1121"}],"collection":[{"href":"https:\/\/cinemascop.eu\/2014\/wp-json\/wp\/v2\/pages"}],"about":[{"href":"https:\/\/cinemascop.eu\/2014\/wp-json\/wp\/v2\/types\/page"}],"author":[{"embeddable":true,"href":"https:\/\/cinemascop.eu\/2014\/wp-json\/wp\/v2\/users\/4"}],"replies":[{"embeddable":true,"href":"https:\/\/cinemascop.eu\/2014\/wp-json\/wp\/v2\/comments?post=1121"}],"version-history":[{"count":5,"href":"https:\/\/cinemascop.eu\/2014\/wp-json\/wp\/v2\/pages\/1121\/revisions"}],"predecessor-version":[{"id":1534,"href":"https:\/\/cinemascop.eu\/2014\/wp-json\/wp\/v2\/pages\/1121\/revisions\/1534"}],"up":[{"embeddable":true,"href":"https:\/\/cinemascop.eu\/2014\/wp-json\/wp\/v2\/pages\/24"}],"wp:attachment":[{"href":"https:\/\/cinemascop.eu\/2014\/wp-json\/wp\/v2\/media?parent=1121"}],"curies":[{"name":"wp","href":"https:\/\/api.w.org\/{rel}","templated":true}]}}