{"id":1133,"date":"2013-09-02T15:30:38","date_gmt":"2013-09-02T15:30:38","guid":{"rendered":"https:\/\/cinemascop.eu\/2014\/?page_id=1133"},"modified":"2015-10-07T00:49:54","modified_gmt":"2015-10-07T00:49:54","slug":"sfantu-gheorghe","status":"publish","type":"page","link":"https:\/\/cinemascop.eu\/2014\/program\/sfantu-gheorghe\/","title":{"rendered":"SF\u00c2NTU GHEORGHE"},"content":{"rendered":"<div class=\"title\"><h2>SF\u00c2NTU GHEORGHE \u2013 23-24 noiembrie<\/h2><\/div>\n<p><img decoding=\"async\" loading=\"lazy\" class=\"alignnone size-full wp-image-1058\" style=\"border: 1px solid #d6d6d6;\" src=\"https:\/\/cinemascop.eu\/2014\/wp-content\/uploads\/2014\/Afise\/GFA_SFGH.jpg\" alt=\"Sf\u00e2ntu Gheorghe\" width=\"423\" height=\"600\" \/><\/p>\n<div align=\"justify\">\nCASA DE CULTUR\u0102 MUNICIPAL\u0102 SF\u00c2NTU GHEORGHE<\/p>\n<span class=\"highlight1\">Duminic\u0103, 23 noiembrie<\/span>\n<p>Ora 19:00 \u2013 <strong>LIKE FATHER, LIKE SON<\/strong>, r. Kore-Eda Hirokazu, Premiul Juriului Cannes 2013<\/p>\n<span class=\"highlight1\">Luni, 24 noiembrie<\/span>\n<p>Ora 19:00 \u2013 <strong>LEVIATHAN<\/strong>, r. Andrei Zviaghin\u021bev, Premiul pentru scenariu, Cannes 2014\n<\/div>\n","protected":false},"excerpt":{"rendered":"<p>CASA DE CULTUR\u0102 MUNICIPAL\u0102 SF\u00c2NTU GHEORGHE Ora 19:00 \u2013 LIKE FATHER, LIKE SON, r. Kore-Eda Hirokazu, Premiul Juriului Cannes 2013 Ora 19:00 \u2013 LEVIATHAN, r. Andrei Zviaghin\u021bev, Premiul pentru scenariu, Cannes 2014<\/p>\n","protected":false},"author":4,"featured_media":0,"parent":24,"menu_order":1,"comment_status":"open","ping_status":"closed","template":"side-navigation.php","meta":[],"_links":{"self":[{"href":"https:\/\/cinemascop.eu\/2014\/wp-json\/wp\/v2\/pages\/1133"}],"collection":[{"href":"https:\/\/cinemascop.eu\/2014\/wp-json\/wp\/v2\/pages"}],"about":[{"href":"https:\/\/cinemascop.eu\/2014\/wp-json\/wp\/v2\/types\/page"}],"author":[{"embeddable":true,"href":"https:\/\/cinemascop.eu\/2014\/wp-json\/wp\/v2\/users\/4"}],"replies":[{"embeddable":true,"href":"https:\/\/cinemascop.eu\/2014\/wp-json\/wp\/v2\/comments?post=1133"}],"version-history":[{"count":5,"href":"https:\/\/cinemascop.eu\/2014\/wp-json\/wp\/v2\/pages\/1133\/revisions"}],"predecessor-version":[{"id":1500,"href":"https:\/\/cinemascop.eu\/2014\/wp-json\/wp\/v2\/pages\/1133\/revisions\/1500"}],"up":[{"embeddable":true,"href":"https:\/\/cinemascop.eu\/2014\/wp-json\/wp\/v2\/pages\/24"}],"wp:attachment":[{"href":"https:\/\/cinemascop.eu\/2014\/wp-json\/wp\/v2\/media?parent=1133"}],"curies":[{"name":"wp","href":"https:\/\/api.w.org\/{rel}","templated":true}]}}