{"id":1236,"date":"2013-09-10T09:08:56","date_gmt":"2013-09-10T09:08:56","guid":{"rendered":"https:\/\/cinemascop.eu\/2014\/?page_id=1236"},"modified":"2015-10-07T00:49:54","modified_gmt":"2015-10-07T00:49:54","slug":"brasov","status":"publish","type":"page","link":"https:\/\/cinemascop.eu\/2014\/program\/brasov\/","title":{"rendered":"BRA\u0218OV"},"content":{"rendered":"<div class=\"title\"><h2>BRA\u0218OV \u2013 8-14 decembrie<\/h2><\/div>\n<p><img decoding=\"async\" loading=\"lazy\" class=\"alignnone size-full wp-image-1058\" style=\"border: 1px solid #d6d6d6;\" src=\"https:\/\/cinemascop.eu\/2014\/wp-content\/uploads\/2014\/Afise\/GFA_BRASOV.png\" alt=\"Bra\u0219ov\" width=\"424\" height=\"600\" \/><\/p>\n<div align=\"justify\">\nCINEMATECA PATRIA<\/p>\n<span class=\"highlight1\">Luni, 08 decembrie<\/span>\n<p>Ora 20:00 \u2013 <strong>LEVIATHAN<\/strong>, r. Andrei Zviaghin\u021bev, Premiul pentru scenariu, Cannes 2014<\/p>\n<span class=\"highlight1\">Mar\u021bi, 09 decembrie<\/span>\n<p>Ora 20:00 \u2013 <strong>NYMPHOMANIAC: VOLUMUL 1<\/strong>,  r. Lars von Trier<\/p>\n<span class=\"highlight1\">Miercuri, 10 decembrie<\/span>\n<p>Ora 20:00 \u2013 <strong>ONLY LOVERS LEFT ALIVE<\/strong>, r. Jim Jarmusch,  Competi\u021bie, Cannes 2013<\/p>\n<span class=\"highlight1\">Joi, 11 decembrie<\/span>\n<p>Ora 20:00 \u2013 <strong>NYMPHOMANIAC: VOLUMUL 2<\/strong>,  r. Lars von Trier<\/p>\n<span class=\"highlight1\">Vineri, 12 decembrie<\/span>\n<p>Ora 20:00 \u2013 <strong>CLOSER TO THE MOON<\/strong>, r. Nae Caranfil<\/p>\n<span class=\"highlight1\">S\u00e2mb\u0103t\u0103, 13 decembrie<\/span>\n<p>Ora 18:00 \u2013 <strong>INSIDE LLEWYN DAVIS<\/strong>, r, Ethan Coen, Joel Coen, Grand Prix, Cannes 2013<br \/>\nOra 20:00 \u2013 <strong>MAPS TO THE STARS<\/strong>, r. David Cronenberg, Premiul pentru interpretare feminin\u0103, Cannes 2014<\/p>\n<span class=\"highlight1\">Duminic\u0103, 14 decembrie<\/span>\n<p>Ora 18:00 \u2013 <strong>LA JAULA DE ORO<\/strong>, r. Diego Quemada-D\u00edez, Premiul \u2018Un Certain Talent\u2019, Un Certain Regard, Cannes 2014<br \/>\nOra 20:00 \u2013 <strong>DEUX JOURS, UNE NUIT<\/strong>, r. Jean-Pierre &#038; Luc Dardenne, Competi\u021bie, Cannes 2014\n<\/div>\n","protected":false},"excerpt":{"rendered":"<p>CINEMATECA PATRIA Ora 20:00 \u2013 LEVIATHAN, r. Andrei Zviaghin\u021bev, Premiul pentru scenariu, Cannes 2014 Ora 20:00 \u2013 NYMPHOMANIAC: VOLUMUL 1, r. Lars von Trier Ora 20:00 \u2013 ONLY LOVERS LEFT ALIVE, r. Jim Jarmusch, Competi\u021bie, Cannes 2013 Ora 20:00 \u2013 NYMPHOMANIAC: VOLUMUL 2, r. Lars von Trier Ora 20:00 \u2013 CLOSER TO THE MOON, r. Nae Caranfil Ora 18:00 \u2013 INSIDE LLEWYN DAVIS, r, Ethan Coen, Joel Coen, Grand Prix, Cannes 2013 Ora 20:00 \u2013 MAPS TO THE STARS, r. David Cronenberg, Premiul pentru interpretare feminin\u0103, Cannes 2014 Ora 18:00 \u2013 LA JAULA DE ORO, r. Diego Quemada-D\u00edez, Premiul \u2018Un Certain Talent\u2019, Un Certain Regard, Cannes 2014 Ora 20:00 \u2013 DEUX JOURS, UNE NUIT, r. Jean-Pierre &#038; Luc Dardenne, Competi\u021bie, Cannes 2014<\/p>\n","protected":false},"author":4,"featured_media":0,"parent":24,"menu_order":11,"comment_status":"open","ping_status":"closed","template":"side-navigation.php","meta":[],"_links":{"self":[{"href":"https:\/\/cinemascop.eu\/2014\/wp-json\/wp\/v2\/pages\/1236"}],"collection":[{"href":"https:\/\/cinemascop.eu\/2014\/wp-json\/wp\/v2\/pages"}],"about":[{"href":"https:\/\/cinemascop.eu\/2014\/wp-json\/wp\/v2\/types\/page"}],"author":[{"embeddable":true,"href":"https:\/\/cinemascop.eu\/2014\/wp-json\/wp\/v2\/users\/4"}],"replies":[{"embeddable":true,"href":"https:\/\/cinemascop.eu\/2014\/wp-json\/wp\/v2\/comments?post=1236"}],"version-history":[{"count":5,"href":"https:\/\/cinemascop.eu\/2014\/wp-json\/wp\/v2\/pages\/1236\/revisions"}],"predecessor-version":[{"id":1537,"href":"https:\/\/cinemascop.eu\/2014\/wp-json\/wp\/v2\/pages\/1236\/revisions\/1537"}],"up":[{"embeddable":true,"href":"https:\/\/cinemascop.eu\/2014\/wp-json\/wp\/v2\/pages\/24"}],"wp:attachment":[{"href":"https:\/\/cinemascop.eu\/2014\/wp-json\/wp\/v2\/media?parent=1236"}],"curies":[{"name":"wp","href":"https:\/\/api.w.org\/{rel}","templated":true}]}}