{"id":1307,"date":"2013-11-03T17:14:56","date_gmt":"2013-11-03T17:14:56","guid":{"rendered":"https:\/\/cinemascop.eu\/2014\/?page_id=1307"},"modified":"2015-10-07T00:49:54","modified_gmt":"2015-10-07T00:49:54","slug":"hunedoara","status":"publish","type":"page","link":"https:\/\/cinemascop.eu\/2014\/program\/hunedoara\/","title":{"rendered":"HUNEDOARA"},"content":{"rendered":"<div class=\"title\"><h2>HUNEDOARA \u2013 29-30 noiembrie<\/h2><\/div>\n<p><img decoding=\"async\" loading=\"lazy\" class=\"alignnone size-full wp-image-1058\" style=\"border: 1px solid #d6d6d6;\" src=\"https:\/\/cinemascop.eu\/2014\/wp-content\/uploads\/2014\/Afise\/GFA_HUNEDOARA.jpg\" alt=\"Hunedoara\" width=\"424\" height=\"600\" \/><\/p>\n<div align=\"justify\">\nCASA DE CULTUR\u0102<\/p>\n<span class=\"highlight1\">S\u00e2mb\u0103t\u0103, 29 noiembrie<\/span>\n<p>Ora 18:00 \u2013 <strong>LEVIATHAN<\/strong>, r. Andrei Zviaghin\u021bev, Premiul pentru scenariu, Cannes 2014<\/p>\n<span class=\"highlight1\">Duminic\u0103, 30 noiembrie<\/span>\n<p>Ora 19:00 \u2013 <strong>LIKE FATHER, LIKE SON<\/strong>, r. Kore-Eda Hirokazu, Premiul Juriului Cannes 2013\n<\/div>\n","protected":false},"excerpt":{"rendered":"<p>CASA DE CULTUR\u0102 Ora 18:00 \u2013 LEVIATHAN, r. Andrei Zviaghin\u021bev, Premiul pentru scenariu, Cannes 2014 Ora 19:00 \u2013 LIKE FATHER, LIKE SON, r. Kore-Eda Hirokazu, Premiul Juriului Cannes 2013<\/p>\n","protected":false},"author":4,"featured_media":0,"parent":24,"menu_order":4,"comment_status":"open","ping_status":"closed","template":"side-navigation.php","meta":[],"_links":{"self":[{"href":"https:\/\/cinemascop.eu\/2014\/wp-json\/wp\/v2\/pages\/1307"}],"collection":[{"href":"https:\/\/cinemascop.eu\/2014\/wp-json\/wp\/v2\/pages"}],"about":[{"href":"https:\/\/cinemascop.eu\/2014\/wp-json\/wp\/v2\/types\/page"}],"author":[{"embeddable":true,"href":"https:\/\/cinemascop.eu\/2014\/wp-json\/wp\/v2\/users\/4"}],"replies":[{"embeddable":true,"href":"https:\/\/cinemascop.eu\/2014\/wp-json\/wp\/v2\/comments?post=1307"}],"version-history":[{"count":5,"href":"https:\/\/cinemascop.eu\/2014\/wp-json\/wp\/v2\/pages\/1307\/revisions"}],"predecessor-version":[{"id":1503,"href":"https:\/\/cinemascop.eu\/2014\/wp-json\/wp\/v2\/pages\/1307\/revisions\/1503"}],"up":[{"embeddable":true,"href":"https:\/\/cinemascop.eu\/2014\/wp-json\/wp\/v2\/pages\/24"}],"wp:attachment":[{"href":"https:\/\/cinemascop.eu\/2014\/wp-json\/wp\/v2\/media?parent=1307"}],"curies":[{"name":"wp","href":"https:\/\/api.w.org\/{rel}","templated":true}]}}