{"id":22,"date":"2013-03-16T19:20:09","date_gmt":"2013-03-16T19:20:09","guid":{"rendered":"https:\/\/cinemascop.eu\/2014\/?page_id=22"},"modified":"2015-10-07T00:49:54","modified_gmt":"2015-10-07T00:49:54","slug":"inside-llewyn-davys","status":"publish","type":"page","link":"https:\/\/cinemascop.eu\/2014\/filme\/inside-llewyn-davys\/","title":{"rendered":"INSIDE LLEWYN DAVYS"},"content":{"rendered":"<div class=\"title\"><h2> INSIDE LLEWYN DAVYS &#8211; (2012) &#8211; dram\u0103<\/h2><\/div>\n<div align=\"justify\">\n<strong>Grand Prix, Cannes 2013<\/strong><br \/>\nRegia: Ethan COEN, Joel COEN<br \/>\n\u021aara: SUA<br \/>\nDurata: 105&#8242;<\/p>\n<p><!--\n[slider]\n[slide] https:\/\/cinemascop.eu\/2014\/wp-content\/uploads\/2013\/03\/film1_in_ceata_1.jpg[\/slide]\n[slide] https:\/\/cinemascop.eu\/2014\/wp-content\/uploads\/2013\/03\/film1_in_ceata_2.jpg[\/slide]\n[slide] https:\/\/cinemascop.eu\/2014\/wp-content\/uploads\/2013\/03\/film1_in_ceata_3.jpg[\/slide]\n[\/slider]\n--><\/p>\n<p><strong>Inside Llewyn Davis<\/strong> este al optulea film din carierele lui Joel \u0219i Ethan Coen selec\u021bionat \u00een competi\u021bia de la Cannes \u0219i primul recompensat cu Marele Premiu.<\/p>\n<p>\u201eUn hit instant de categoria A, marca fra\u021bii Coen: enigmatic, euforic, irezistibil\u201d &#8211; <strong><em>The Daily Telegraph<\/em><\/strong><\/p>\n<p>Inside Llewyn Davis este o ata\u015fant\u0103 incursiune \u00een lumea muzicii folk din New York-ul anilor 60. Excelent scris, jucat \u0219i regizat, filmul distins cu <strong>Marele Premiu la Cannes<\/strong> este, totodat\u0103, \u201ecel mai inocent\u201d din cariera celor doi regizori \u0219i cel care se distan\u021beaz\u0103 cel mai mult de tot ce au f\u0103cut p\u00e2n\u0103 acum, a\u0219a cum remarca <strong><em>IndieWIRE.com<\/em><\/strong>.<\/p>\n<p>Oscar Isaac, Carey Mulligan, Justin Timberlake \u0219i Garrett Hedlund au rolurile unor arti\u0219ti care \u00eencearc\u0103 s\u0103-\u0219i g\u0103seasc\u0103 un loc al lor \u00een cosmopolitul New York, f\u0103c\u00e2nd art\u0103 de dragul artei. Scenariul este inspirat de biografia muzicianului Dave Van Ronk, ale c\u0103rui memorii au fost publicate postum. Toate melodiile din film, majoritatea c\u00e2ntece folk vechi, au fost interpretate live de actori.<\/p>\n<p><strong>Distribu\u021bia:<\/strong> Oscar ISAAC \u2013 Llewyn Davis, Carey MULLIGAN \u2013 Jean Berkey, John GOODMAN \u2013 Roland Turner, Garrett HEDLUND \u2013 Johnny Five, F Murray ABRAHAM \u2013 Bud Grossman, Justin TIMBERLAKE \u2013 Jim\n<\/div>\n<p><\/p>\n<p><strong>Trailer<\/strong><br \/>\n<div style=\"max-width:870pxpx;max-height:520pxpx;\"><div class=\"video-shortcode\"><iframe title=\"YouTube video player\" width=\"870px\" height=\"520px\" src=\"https:\/\/www.youtube.com\/embed\/LFphYRyH7wc\" frameborder=\"0\" allowfullscreen><\/iframe><\/div><\/div>\n","protected":false},"excerpt":{"rendered":"<p>Grand Prix, Cannes 2013 Regia: Ethan COEN, Joel COEN \u021aara: SUA Durata: 105&#8242; Inside Llewyn Davis este al optulea film din carierele lui Joel \u0219i Ethan Coen selec\u021bionat \u00een competi\u021bia de la Cannes \u0219i primul recompensat cu Marele Premiu. \u201eUn hit instant de categoria A, marca fra\u021bii Coen: enigmatic, euforic, irezistibil\u201d &#8211; The Daily Telegraph Inside Llewyn Davis este o ata\u015fant\u0103 incursiune \u00een lumea muzicii folk din New York-ul anilor 60. Excelent scris, jucat \u0219i regizat, filmul distins cu Marele Premiu la Cannes este, totodat\u0103, \u201ecel mai inocent\u201d din cariera celor doi regizori \u0219i cel care se distan\u021beaz\u0103 cel mai mult de tot ce au f\u0103cut p\u00e2n\u0103 acum, a\u0219a cum remarca IndieWIRE.com. Oscar Isaac, Carey Mulligan, Justin Timberlake \u0219i Garrett Hedlund au rolurile unor arti\u0219ti care \u00eencearc\u0103 s\u0103-\u0219i g\u0103seasc\u0103 un loc al lor \u00een cosmopolitul New York, f\u0103c\u00e2nd art\u0103 de dragul artei. Scenariul este inspirat de biografia muzicianului Dave Van Ronk, ale c\u0103rui memorii au fost publicate postum. Toate melodiile din film, majoritatea c\u00e2ntece folk vechi, au fost interpretate live de actori. Distribu\u021bia: Oscar ISAAC \u2013 Llewyn Davis, Carey MULLIGAN \u2013 Jean Berkey, John GOODMAN \u2013 Roland Turner, Garrett HEDLUND \u2013 Johnny Five, F Murray ABRAHAM \u2013 Bud Grossman, Justin TIMBERLAKE \u2013 Jim Trailer<\/p>\n","protected":false},"author":4,"featured_media":0,"parent":730,"menu_order":2,"comment_status":"open","ping_status":"closed","template":"side-navigation.php","meta":[],"_links":{"self":[{"href":"https:\/\/cinemascop.eu\/2014\/wp-json\/wp\/v2\/pages\/22"}],"collection":[{"href":"https:\/\/cinemascop.eu\/2014\/wp-json\/wp\/v2\/pages"}],"about":[{"href":"https:\/\/cinemascop.eu\/2014\/wp-json\/wp\/v2\/types\/page"}],"author":[{"embeddable":true,"href":"https:\/\/cinemascop.eu\/2014\/wp-json\/wp\/v2\/users\/4"}],"replies":[{"embeddable":true,"href":"https:\/\/cinemascop.eu\/2014\/wp-json\/wp\/v2\/comments?post=22"}],"version-history":[{"count":5,"href":"https:\/\/cinemascop.eu\/2014\/wp-json\/wp\/v2\/pages\/22\/revisions"}],"predecessor-version":[{"id":1476,"href":"https:\/\/cinemascop.eu\/2014\/wp-json\/wp\/v2\/pages\/22\/revisions\/1476"}],"up":[{"embeddable":true,"href":"https:\/\/cinemascop.eu\/2014\/wp-json\/wp\/v2\/pages\/730"}],"wp:attachment":[{"href":"https:\/\/cinemascop.eu\/2014\/wp-json\/wp\/v2\/media?parent=22"}],"curies":[{"name":"wp","href":"https:\/\/api.w.org\/{rel}","templated":true}]}}