{"id":672,"date":"2013-08-30T11:03:13","date_gmt":"2013-08-30T11:03:13","guid":{"rendered":"https:\/\/cinemascop.eu\/2014\/?page_id=672"},"modified":"2015-10-07T00:49:54","modified_gmt":"2015-10-07T00:49:54","slug":"la-jaula-de-oro","status":"publish","type":"page","link":"https:\/\/cinemascop.eu\/2014\/filme\/la-jaula-de-oro\/","title":{"rendered":"LA JAULA DE ORO"},"content":{"rendered":"<div class=\"title\"><h2>LA JAULA DE ORO (THE GOLDEN DREAM) &#8211; (2013) &#8211; dram\u0103<\/h2><\/div>\n<div align=\"justify\">\n<strong>Premiul \u2018Un Certain Talent\u2019, Un Certain Regard, Cannes 2014<\/strong><br \/>\nRegia: Diego Quemada-D\u00edez<br \/>\n\u021aara: Mexic, Spania<br \/>\nDurata: 110\u2032<\/p>\n<p><!--\n[slider]\n[slide] https:\/\/cinemascop.eu\/2014\/wp-content\/uploads\/2013\/08\/film2_vanatoarea_1.jpg[\/slide]\n[slide] https:\/\/cinemascop.eu\/2014\/wp-content\/uploads\/2013\/08\/film2_vanatoarea_2.jpg[\/slide]\n[slide] https:\/\/cinemascop.eu\/2014\/wp-content\/uploads\/2013\/08\/film2_vanatoarea_3.jpg[\/slide]\n[\/slider]\n--><\/p>\n<p>Despre (dez)iluzii vorbe\u0219te <strong>La Jaula de Oro<\/strong>, un film mexican cu peste 60 de premii, a c\u0103rui carier\u0103 a \u00eenceput la Cannes 2013, cu Premiul <strong>Un Certain Talent<\/strong>, acordat \u00eentregii distribu\u021bii. Regizorul spaniol Diego Quemada-D\u00edez semneaz\u0103 unul dintre cele mai bune filme lansate \u00een ultimul an, o dram\u0103 hiperrealist\u0103 \u0219i plin\u0103 de suspans despre patru adolescen\u021bi \u2013 juca\u021bi de actori non-profesioni\u0219ti \u2013 care decid s\u0103 plece ilegal din Guatemala spre SUA. Titlul filmului e dat de un c\u00e2ntec mexican ce depl\u00e2nge soarta emigran\u021bilor care se trezesc prin\u0219i \u00eentr-o \u201ecu\u0219c\u0103 de aur\u201d, dup\u0103 ce au trecut grani\u021ba.<\/p>\n<p><strong>Distribu\u021bia:<\/strong> Brandon LOPEZ \u2013 Juan, Rodolfo DOMINGUEZ \u2013 Chauk, Karen MARTINEZ \u2013 Sara\n<\/div>\n<p><\/p>\n<p><strong>Trailer<\/strong><br \/>\n<div style=\"max-width:870pxpx;max-height:520pxpx;\"><div class=\"video-shortcode\"><iframe title=\"YouTube video player\" width=\"870px\" height=\"520px\" src=\"https:\/\/www.youtube.com\/embed\/GBBNmC2JWGU\" frameborder=\"0\" allowfullscreen><\/iframe><\/div><\/div>\n","protected":false},"excerpt":{"rendered":"<p>Premiul \u2018Un Certain Talent\u2019, Un Certain Regard, Cannes 2014 Regia: Diego Quemada-D\u00edez \u021aara: Mexic, Spania Durata: 110\u2032 Despre (dez)iluzii vorbe\u0219te La Jaula de Oro, un film mexican cu peste 60 de premii, a c\u0103rui carier\u0103 a \u00eenceput la Cannes 2013, cu Premiul Un Certain Talent, acordat \u00eentregii distribu\u021bii. Regizorul spaniol Diego Quemada-D\u00edez semneaz\u0103 unul dintre cele mai bune filme lansate \u00een ultimul an, o dram\u0103 hiperrealist\u0103 \u0219i plin\u0103 de suspans despre patru adolescen\u021bi \u2013 juca\u021bi de actori non-profesioni\u0219ti \u2013 care decid s\u0103 plece ilegal din Guatemala spre SUA. Titlul filmului e dat de un c\u00e2ntec mexican ce depl\u00e2nge soarta emigran\u021bilor care se trezesc prin\u0219i \u00eentr-o \u201ecu\u0219c\u0103 de aur\u201d, dup\u0103 ce au trecut grani\u021ba. Distribu\u021bia: Brandon LOPEZ \u2013 Juan, Rodolfo DOMINGUEZ \u2013 Chauk, Karen MARTINEZ \u2013 Sara Trailer<\/p>\n","protected":false},"author":4,"featured_media":0,"parent":730,"menu_order":3,"comment_status":"open","ping_status":"closed","template":"side-navigation.php","meta":[],"_links":{"self":[{"href":"https:\/\/cinemascop.eu\/2014\/wp-json\/wp\/v2\/pages\/672"}],"collection":[{"href":"https:\/\/cinemascop.eu\/2014\/wp-json\/wp\/v2\/pages"}],"about":[{"href":"https:\/\/cinemascop.eu\/2014\/wp-json\/wp\/v2\/types\/page"}],"author":[{"embeddable":true,"href":"https:\/\/cinemascop.eu\/2014\/wp-json\/wp\/v2\/users\/4"}],"replies":[{"embeddable":true,"href":"https:\/\/cinemascop.eu\/2014\/wp-json\/wp\/v2\/comments?post=672"}],"version-history":[{"count":5,"href":"https:\/\/cinemascop.eu\/2014\/wp-json\/wp\/v2\/pages\/672\/revisions"}],"predecessor-version":[{"id":1477,"href":"https:\/\/cinemascop.eu\/2014\/wp-json\/wp\/v2\/pages\/672\/revisions\/1477"}],"up":[{"embeddable":true,"href":"https:\/\/cinemascop.eu\/2014\/wp-json\/wp\/v2\/pages\/730"}],"wp:attachment":[{"href":"https:\/\/cinemascop.eu\/2014\/wp-json\/wp\/v2\/media?parent=672"}],"curies":[{"name":"wp","href":"https:\/\/api.w.org\/{rel}","templated":true}]}}