{"id":686,"date":"2013-08-30T11:08:41","date_gmt":"2013-08-30T11:08:41","guid":{"rendered":"https:\/\/cinemascop.eu\/2014\/?page_id=686"},"modified":"2015-10-07T00:49:54","modified_gmt":"2015-10-07T00:49:54","slug":"leviathan","status":"publish","type":"page","link":"https:\/\/cinemascop.eu\/2014\/filme\/leviathan\/","title":{"rendered":"LEVIATHAN"},"content":{"rendered":"<div class=\"title\"><h2>Leviathan \u2013 (2014) \u2013 dram\u0103, thriller<\/h2><\/div>\n<div align=\"justify\">\n<strong>Premiul pentru scenariu, Cannes 2014<\/strong><br \/>\n<strong><em>Leviathan, al c\u0103rui scenariu este semnat de regizor \u0219i de Oleg Neghin., este inspirat din \u00eent\u00e2mpl\u0103ri reale din Rusia.<\/em><\/strong><br \/>\nRegia: Andrei Zviaghin\u021bev<br \/>\n\u021aara: Rusia<br \/>\nDurata: 141&#8242;<\/p>\n<p><!--\n[slider]\n[slide] https:\/\/cinemascop.eu\/2014\/wp-content\/uploads\/2013\/08\/film3_1.jpg[\/slide]\n[slide] https:\/\/cinemascop.eu\/2014\/wp-content\/uploads\/2013\/08\/film3_2.jpg[\/slide]\n[slide] https:\/\/cinemascop.eu\/2014\/wp-content\/uploads\/2013\/08\/film3_3.jpg[\/slide]\n[\/slider]\n--><\/p>\n<p>Un mecanic (Alexei Serebriakov) dintr-un or\u0103\u0219el situat \u00een Peninsula Kola, \u00een nord-vestul Rusiei, \u00eel \u00eenfrunt\u0103 cu toate puterile sale pe primar (Roman Madianov), care a pus ochii pe terenul s\u0103u. Lupta cap\u0103t\u0103 propor\u021bii nea\u0219teptate, scene de umor negru \u0219i absurd intercal\u00e2ndu-se cu unele dramatice, disperate. Titlul este inspirat de lucrarea filosofului Thomas Hobbes despre rela\u021bia statului cu cet\u0103\u021benii, dar reflect\u0103 \u0219i o realitate cotidian\u0103 pe malul M\u0103rii Barents \u2013 adeseori, aici e\u0219ueaz\u0103 balene, iar carcasele lor uria\u0219e zac printre st\u00e2nci.<\/p>\n<p><strong>Distribu\u021bia:<\/strong> Alexei SEREBRIAKOV \u2013 Nikolai, Roman MADIANOV \u2013 Vadim, primarul, Vladimir VDOVICENKOV \u2013 Dmitri, Elena LIADOVA \u2013 Lilia, Serghei POHODAEV \u2013 Romka\n<\/div>\n<p><\/p>\n<p><strong>Trailer<\/strong><br \/>\n<div style=\"max-width:870pxpx;max-height:520pxpx;\"><div class=\"video-shortcode\"><iframe title=\"YouTube video player\" width=\"870px\" height=\"520px\" src=\"https:\/\/www.youtube.com\/embed\/2oo7H25kirk\" frameborder=\"0\" allowfullscreen><\/iframe><\/div><\/div>\n","protected":false},"excerpt":{"rendered":"<p>Premiul pentru scenariu, Cannes 2014 Leviathan, al c\u0103rui scenariu este semnat de regizor \u0219i de Oleg Neghin., este inspirat din \u00eent\u00e2mpl\u0103ri reale din Rusia. Regia: Andrei Zviaghin\u021bev \u021aara: Rusia Durata: 141&#8242; Un mecanic (Alexei Serebriakov) dintr-un or\u0103\u0219el situat \u00een Peninsula Kola, \u00een nord-vestul Rusiei, \u00eel \u00eenfrunt\u0103 cu toate puterile sale pe primar (Roman Madianov), care a pus ochii pe terenul s\u0103u. Lupta cap\u0103t\u0103 propor\u021bii nea\u0219teptate, scene de umor negru \u0219i absurd intercal\u00e2ndu-se cu unele dramatice, disperate. Titlul este inspirat de lucrarea filosofului Thomas Hobbes despre rela\u021bia statului cu cet\u0103\u021benii, dar reflect\u0103 \u0219i o realitate cotidian\u0103 pe malul M\u0103rii Barents \u2013 adeseori, aici e\u0219ueaz\u0103 balene, iar carcasele lor uria\u0219e zac printre st\u00e2nci. Distribu\u021bia: Alexei SEREBRIAKOV \u2013 Nikolai, Roman MADIANOV \u2013 Vadim, primarul, Vladimir VDOVICENKOV \u2013 Dmitri, Elena LIADOVA \u2013 Lilia, Serghei POHODAEV \u2013 Romka Trailer<\/p>\n","protected":false},"author":4,"featured_media":0,"parent":730,"menu_order":4,"comment_status":"open","ping_status":"closed","template":"side-navigation.php","meta":[],"_links":{"self":[{"href":"https:\/\/cinemascop.eu\/2014\/wp-json\/wp\/v2\/pages\/686"}],"collection":[{"href":"https:\/\/cinemascop.eu\/2014\/wp-json\/wp\/v2\/pages"}],"about":[{"href":"https:\/\/cinemascop.eu\/2014\/wp-json\/wp\/v2\/types\/page"}],"author":[{"embeddable":true,"href":"https:\/\/cinemascop.eu\/2014\/wp-json\/wp\/v2\/users\/4"}],"replies":[{"embeddable":true,"href":"https:\/\/cinemascop.eu\/2014\/wp-json\/wp\/v2\/comments?post=686"}],"version-history":[{"count":5,"href":"https:\/\/cinemascop.eu\/2014\/wp-json\/wp\/v2\/pages\/686\/revisions"}],"predecessor-version":[{"id":1478,"href":"https:\/\/cinemascop.eu\/2014\/wp-json\/wp\/v2\/pages\/686\/revisions\/1478"}],"up":[{"embeddable":true,"href":"https:\/\/cinemascop.eu\/2014\/wp-json\/wp\/v2\/pages\/730"}],"wp:attachment":[{"href":"https:\/\/cinemascop.eu\/2014\/wp-json\/wp\/v2\/media?parent=686"}],"curies":[{"name":"wp","href":"https:\/\/api.w.org\/{rel}","templated":true}]}}