{"id":688,"date":"2013-08-30T11:09:31","date_gmt":"2013-08-30T11:09:31","guid":{"rendered":"https:\/\/cinemascop.eu\/2014\/?page_id=688"},"modified":"2015-10-07T00:49:54","modified_gmt":"2015-10-07T00:49:54","slug":"like-father-like-son","status":"publish","type":"page","link":"https:\/\/cinemascop.eu\/2014\/filme\/like-father-like-son\/","title":{"rendered":"LIKE FATHER, LIKE SON"},"content":{"rendered":"<div class=\"title\"><h2>Like Father, Like Son \u2013 (2013) \u2013 dram\u0103, comedie<\/h2><\/div>\n<div align=\"justify\">\n<strong>Premiul juriului, Cannes 2013<\/strong><br \/>\nRegia: Kore-Eda Hirokazu<br \/>\n\u021aara: Japonia<br \/>\nDurata: 121\u2019<\/p>\n<p><!--\n[slider]\n[slide] https:\/\/cinemascop.eu\/2014\/wp-content\/uploads\/2013\/08\/film4_2.jpg[\/slide]\n[slide] https:\/\/cinemascop.eu\/2014\/wp-content\/uploads\/2013\/08\/film4_3.jpg[\/slide]\n[slide] https:\/\/cinemascop.eu\/2014\/wp-content\/uploads\/2013\/08\/film4_1.jpg[\/slide]\n[\/slider]\n--><\/p>\n<p><strong>Kore-Eda Hirokazu<\/strong> este unul dintre cei mai aprecia\u021bi regizori asiatici contemporani, fiind selec\u021bionat anterior la Cannes cu alte trei filme: \u201eDistance\u201d (2001), \u201eNobody Knows\u201d (2004) \u0219i \u201eAir Doll\u201d (2009).<\/p>\n<p>O dramedie subtil\u0103, ata\u0219ant\u0103 \u0219i cu umor, despre dou\u0103 familii care afl\u0103, dup\u0103 6 ani \u00een care \u0219i-au crescut cu dragoste copiii, c\u0103 ace\u0219tia au fost schimba\u021bi \u00eentre ei la na\u0219tere, dintr-o regretabil\u0103 eroare. Pus \u00een fa\u021ba unei dileme aproape imposibile, unul dintre ta\u021bi, un arhitect obsedat de reu\u0219ita \u00een carier\u0103, se confrunt\u0103 pentru prima dat\u0103 cu el \u00eensu\u0219i \u0219i cu ideea de tat\u0103.<\/p>\n<p><strong>Distribu\u021bia:<\/strong> Masaharu FUKUYAMA \u2013 Ryota Nonomiya, Machiko ONO \u2013 Midori Nonomiya, Yoko MAKI \u2013 Yukari Saiki, Lily FRANKY \u2013 Yudai Saiki\n<\/div>\n<p><\/p>\n<p><strong>Trailer<\/strong><br \/>\n<div style=\"max-width:870pxpx;max-height:520pxpx;\"><div class=\"video-shortcode\"><iframe title=\"YouTube video player\" width=\"870px\" height=\"520px\" src=\"https:\/\/www.youtube.com\/embed\/d9ZU0_RFiDQ\" frameborder=\"0\" allowfullscreen><\/iframe><\/div><\/div>\n","protected":false},"excerpt":{"rendered":"<p>Premiul juriului, Cannes 2013 Regia: Kore-Eda Hirokazu \u021aara: Japonia Durata: 121\u2019 Kore-Eda Hirokazu este unul dintre cei mai aprecia\u021bi regizori asiatici contemporani, fiind selec\u021bionat anterior la Cannes cu alte trei filme: \u201eDistance\u201d (2001), \u201eNobody Knows\u201d (2004) \u0219i \u201eAir Doll\u201d (2009). O dramedie subtil\u0103, ata\u0219ant\u0103 \u0219i cu umor, despre dou\u0103 familii care afl\u0103, dup\u0103 6 ani \u00een care \u0219i-au crescut cu dragoste copiii, c\u0103 ace\u0219tia au fost schimba\u021bi \u00eentre ei la na\u0219tere, dintr-o regretabil\u0103 eroare. Pus \u00een fa\u021ba unei dileme aproape imposibile, unul dintre ta\u021bi, un arhitect obsedat de reu\u0219ita \u00een carier\u0103, se confrunt\u0103 pentru prima dat\u0103 cu el \u00eensu\u0219i \u0219i cu ideea de tat\u0103. Distribu\u021bia: Masaharu FUKUYAMA \u2013 Ryota Nonomiya, Machiko ONO \u2013 Midori Nonomiya, Yoko MAKI \u2013 Yukari Saiki, Lily FRANKY \u2013 Yudai Saiki Trailer<\/p>\n","protected":false},"author":4,"featured_media":0,"parent":730,"menu_order":5,"comment_status":"open","ping_status":"closed","template":"side-navigation.php","meta":[],"_links":{"self":[{"href":"https:\/\/cinemascop.eu\/2014\/wp-json\/wp\/v2\/pages\/688"}],"collection":[{"href":"https:\/\/cinemascop.eu\/2014\/wp-json\/wp\/v2\/pages"}],"about":[{"href":"https:\/\/cinemascop.eu\/2014\/wp-json\/wp\/v2\/types\/page"}],"author":[{"embeddable":true,"href":"https:\/\/cinemascop.eu\/2014\/wp-json\/wp\/v2\/users\/4"}],"replies":[{"embeddable":true,"href":"https:\/\/cinemascop.eu\/2014\/wp-json\/wp\/v2\/comments?post=688"}],"version-history":[{"count":5,"href":"https:\/\/cinemascop.eu\/2014\/wp-json\/wp\/v2\/pages\/688\/revisions"}],"predecessor-version":[{"id":1479,"href":"https:\/\/cinemascop.eu\/2014\/wp-json\/wp\/v2\/pages\/688\/revisions\/1479"}],"up":[{"embeddable":true,"href":"https:\/\/cinemascop.eu\/2014\/wp-json\/wp\/v2\/pages\/730"}],"wp:attachment":[{"href":"https:\/\/cinemascop.eu\/2014\/wp-json\/wp\/v2\/media?parent=688"}],"curies":[{"name":"wp","href":"https:\/\/api.w.org\/{rel}","templated":true}]}}