{"id":695,"date":"2013-08-30T11:13:51","date_gmt":"2013-08-30T11:13:51","guid":{"rendered":"https:\/\/cinemascop.eu\/2014\/?page_id=695"},"modified":"2015-10-07T00:49:54","modified_gmt":"2015-10-07T00:49:54","slug":"maps-to-the-stars","status":"publish","type":"page","link":"https:\/\/cinemascop.eu\/2014\/filme\/maps-to-the-stars\/","title":{"rendered":"MAPS TO THE STARS"},"content":{"rendered":"<div class=\"title\"><h2>Maps to the Stars \u2013 (2014) \u2013 dram\u0103, thriller<\/h2><\/div>\n<div align=\"justify\">\n<strong>Premiul pentru interpretare feminin\u0103, Cannes 2014<\/strong><br \/>\nRegia: David Cronenberg<br \/>\n\u021aara: Canada, SUA<br \/>\nDurata: 111\u2032<\/p>\n<p><!--\n[slider]\n[slide] https:\/\/cinemascop.eu\/2014\/wp-content\/uploads\/2013\/08\/film5_1.jpg[\/slide]\n[slide] https:\/\/cinemascop.eu\/2014\/wp-content\/uploads\/2013\/08\/film5_2.jpg[\/slide]\n[slide] https:\/\/cinemascop.eu\/2014\/wp-content\/uploads\/2013\/08\/film5_3.jpg[\/slide]\n[\/slider]\n--><\/p>\n<p>O satir\u0103 acid\u0103 a Hollywood-ului, <strong>Maps to the Stars<\/strong>, al cincilea film cu care <strong>David Cronenberg<\/strong> a concurat pentru Palme d\u2019Or, are o distribu\u021bie de invidiat: Julianne Moore, Mia Wasikowska, John Cusack, Robert Pattinson, Olivia Williams, Sarah Gadon. <\/p>\n<p>Cu rolul unei vedete pe final de carier\u0103, torturat\u0103 de amintirea mamei ei abuzive, Moore a c\u00e2\u0219tigat trofeul de interpretare feminin\u0103 la Cannes, anul acesta.<\/p>\n<p>Potrivit <strong><em>Vanity Fair<\/em><\/strong>, \u201eMoore este un amestec delirant de suferin\u021b\u0103 \u0219i anxietate\u201d, \u00eentr-un basm \u00eentunecat despre incest, droguri, depresie \u0219i vanitate. John Cusack \u0219i Olivia Williams au un fiu, star la 13 ani, trecut deja pe la dezintoxicare, Mia Wasikowska este fiica lor piroman\u0103, plin\u0103 de secrete, iar Robert Pattinson, un \u0219ofer de limuzin\u0103 care aspir\u0103 s\u0103 intre \u00een aceast\u0103 lume.<\/p>\n<p><strong>Distribu\u021bia:<\/strong> Julianne MOORE \u2013 Havana Segrand, Mia WASIKOWSKA \u2013 Agatha Weiss, John CUSACK \u2013 Dr. Stafford Weiss, Robert PATTINSON \u2013 Jerome Fontana, Olivia WILLIAMS \u2013 Cristina Weiss, Sarah GADON \u2013 Clarice Taggart, Evan BIRD \u2013 Benjie Weiss\n<\/div>\n<p><\/p>\n<p><strong>Trailer<\/strong><br \/>\n<div style=\"max-width:870pxpx;max-height:520pxpx;\"><div class=\"video-shortcode\"><iframe title=\"YouTube video player\" width=\"870px\" height=\"520px\" src=\"https:\/\/www.youtube.com\/embed\/tsFnwgUlrxs\" frameborder=\"0\" allowfullscreen><\/iframe><\/div><\/div>\n","protected":false},"excerpt":{"rendered":"<p>Premiul pentru interpretare feminin\u0103, Cannes 2014 Regia: David Cronenberg \u021aara: Canada, SUA Durata: 111\u2032 O satir\u0103 acid\u0103 a Hollywood-ului, Maps to the Stars, al cincilea film cu care David Cronenberg a concurat pentru Palme d\u2019Or, are o distribu\u021bie de invidiat: Julianne Moore, Mia Wasikowska, John Cusack, Robert Pattinson, Olivia Williams, Sarah Gadon. Cu rolul unei vedete pe final de carier\u0103, torturat\u0103 de amintirea mamei ei abuzive, Moore a c\u00e2\u0219tigat trofeul de interpretare feminin\u0103 la Cannes, anul acesta. Potrivit Vanity Fair, \u201eMoore este un amestec delirant de suferin\u021b\u0103 \u0219i anxietate\u201d, \u00eentr-un basm \u00eentunecat despre incest, droguri, depresie \u0219i vanitate. John Cusack \u0219i Olivia Williams au un fiu, star la 13 ani, trecut deja pe la dezintoxicare, Mia Wasikowska este fiica lor piroman\u0103, plin\u0103 de secrete, iar Robert Pattinson, un \u0219ofer de limuzin\u0103 care aspir\u0103 s\u0103 intre \u00een aceast\u0103 lume. Distribu\u021bia: Julianne MOORE \u2013 Havana Segrand, Mia WASIKOWSKA \u2013 Agatha Weiss, John CUSACK \u2013 Dr. Stafford Weiss, Robert PATTINSON \u2013 Jerome Fontana, Olivia WILLIAMS \u2013 Cristina Weiss, Sarah GADON \u2013 Clarice Taggart, Evan BIRD \u2013 Benjie Weiss Trailer<\/p>\n","protected":false},"author":4,"featured_media":0,"parent":730,"menu_order":6,"comment_status":"open","ping_status":"closed","template":"side-navigation.php","meta":[],"_links":{"self":[{"href":"https:\/\/cinemascop.eu\/2014\/wp-json\/wp\/v2\/pages\/695"}],"collection":[{"href":"https:\/\/cinemascop.eu\/2014\/wp-json\/wp\/v2\/pages"}],"about":[{"href":"https:\/\/cinemascop.eu\/2014\/wp-json\/wp\/v2\/types\/page"}],"author":[{"embeddable":true,"href":"https:\/\/cinemascop.eu\/2014\/wp-json\/wp\/v2\/users\/4"}],"replies":[{"embeddable":true,"href":"https:\/\/cinemascop.eu\/2014\/wp-json\/wp\/v2\/comments?post=695"}],"version-history":[{"count":5,"href":"https:\/\/cinemascop.eu\/2014\/wp-json\/wp\/v2\/pages\/695\/revisions"}],"predecessor-version":[{"id":1480,"href":"https:\/\/cinemascop.eu\/2014\/wp-json\/wp\/v2\/pages\/695\/revisions\/1480"}],"up":[{"embeddable":true,"href":"https:\/\/cinemascop.eu\/2014\/wp-json\/wp\/v2\/pages\/730"}],"wp:attachment":[{"href":"https:\/\/cinemascop.eu\/2014\/wp-json\/wp\/v2\/media?parent=695"}],"curies":[{"name":"wp","href":"https:\/\/api.w.org\/{rel}","templated":true}]}}