{"id":702,"date":"2013-08-30T11:22:27","date_gmt":"2013-08-30T11:22:27","guid":{"rendered":"https:\/\/cinemascop.eu\/2014\/?page_id=702"},"modified":"2015-10-07T00:49:54","modified_gmt":"2015-10-07T00:49:54","slug":"nymphomaniac-volumul-1","status":"publish","type":"page","link":"https:\/\/cinemascop.eu\/2014\/filme\/nymphomaniac-volumul-1\/","title":{"rendered":"NYMPHOMANIAC: VOLUMUL 1"},"content":{"rendered":"<div class=\"title\"><h2>Nymphomaniac: Volumul 1 \u2013 (2013) \u2013 dram\u0103<\/h2><\/div>\n<div align=\"justify\">\nRegia: Lars von Trier<br \/>\nTara: Danemarca, Germania, Franta, Belgia, Marea Britanie<br \/>\nDurata: 110\u2019<\/p>\n<p><!--\n[slider]\n[slide] https:\/\/cinemascop.eu\/2014\/wp-content\/uploads\/2013\/08\/film7_1.jpg[\/slide]\n[slide] https:\/\/cinemascop.eu\/2014\/wp-content\/uploads\/2013\/08\/film7_2.jpg[\/slide]\n[slide] https:\/\/cinemascop.eu\/2014\/wp-content\/uploads\/2013\/08\/film7_3.jpg[\/slide]\n[\/slider]\n--><\/p>\n<p>Un jurnal erotic al unei femei (interpretat\u0103 de Charlotte Gainsbourg) din perioada adolescen\u0163ei, p\u00e2n\u0103 la v\u00e2rsta de 50 de ani. Mai precis, p\u00e2n\u0103 \u00een momentul \u00een care este g\u0103sit\u0103 le\u015finat\u0103, \u00een p\u0103dure, de c\u0103tre un b\u0103rbat (Stellan Skarsgard), cel c\u0103ruia i se \u015fi confeseaz\u0103 ulterior.<\/p>\n<p><strong>Distribu\u021bia:<\/strong> Stellan SKARSG\u00c5RD, Stacy MARTIN, Charlotte GAINSBOURG, Shia LABEOUF\n<\/div>\n","protected":false},"excerpt":{"rendered":"<p>Regia: Lars von Trier Tara: Danemarca, Germania, Franta, Belgia, Marea Britanie Durata: 110\u2019 Un jurnal erotic al unei femei (interpretat\u0103 de Charlotte Gainsbourg) din perioada adolescen\u0163ei, p\u00e2n\u0103 la v\u00e2rsta de 50 de ani. Mai precis, p\u00e2n\u0103 \u00een momentul \u00een care este g\u0103sit\u0103 le\u015finat\u0103, \u00een p\u0103dure, de c\u0103tre un b\u0103rbat (Stellan Skarsgard), cel c\u0103ruia i se \u015fi confeseaz\u0103 ulterior. Distribu\u021bia: Stellan SKARSG\u00c5RD, Stacy MARTIN, Charlotte GAINSBOURG, Shia LABEOUF<\/p>\n","protected":false},"author":4,"featured_media":0,"parent":730,"menu_order":7,"comment_status":"open","ping_status":"closed","template":"side-navigation.php","meta":[],"_links":{"self":[{"href":"https:\/\/cinemascop.eu\/2014\/wp-json\/wp\/v2\/pages\/702"}],"collection":[{"href":"https:\/\/cinemascop.eu\/2014\/wp-json\/wp\/v2\/pages"}],"about":[{"href":"https:\/\/cinemascop.eu\/2014\/wp-json\/wp\/v2\/types\/page"}],"author":[{"embeddable":true,"href":"https:\/\/cinemascop.eu\/2014\/wp-json\/wp\/v2\/users\/4"}],"replies":[{"embeddable":true,"href":"https:\/\/cinemascop.eu\/2014\/wp-json\/wp\/v2\/comments?post=702"}],"version-history":[{"count":5,"href":"https:\/\/cinemascop.eu\/2014\/wp-json\/wp\/v2\/pages\/702\/revisions"}],"predecessor-version":[{"id":1481,"href":"https:\/\/cinemascop.eu\/2014\/wp-json\/wp\/v2\/pages\/702\/revisions\/1481"}],"up":[{"embeddable":true,"href":"https:\/\/cinemascop.eu\/2014\/wp-json\/wp\/v2\/pages\/730"}],"wp:attachment":[{"href":"https:\/\/cinemascop.eu\/2014\/wp-json\/wp\/v2\/media?parent=702"}],"curies":[{"name":"wp","href":"https:\/\/api.w.org\/{rel}","templated":true}]}}