{"id":704,"date":"2013-08-30T11:23:34","date_gmt":"2013-08-30T11:23:34","guid":{"rendered":"https:\/\/cinemascop.eu\/2014\/?page_id=704"},"modified":"2015-10-07T00:49:54","modified_gmt":"2015-10-07T00:49:54","slug":"only-lovers-left-alive","status":"publish","type":"page","link":"https:\/\/cinemascop.eu\/2014\/filme\/only-lovers-left-alive\/","title":{"rendered":"ONLY LOVERS LEFT ALIVE"},"content":{"rendered":"<div class=\"title\"><h2>Only Lovers Left Alive \u2013 (2013) \u2013 dram\u0103, romance<\/h2><\/div>\n<div align=\"justify\">\n<strong>Competi\u021bie, Cannes 2013<\/strong><br \/>\nRegia: Jim Jarmusch<br \/>\n\u021aara: Marea Britanie, Germania<br \/>\nDurata: 123\u2032<\/p>\n<p><!--\n[slider]\n[slide] https:\/\/cinemascop.eu\/2014\/wp-content\/uploads\/2013\/08\/film8_1.jpg[\/slide]\n[slide] https:\/\/cinemascop.eu\/2014\/wp-content\/uploads\/2013\/08\/film8_2.jpg[\/slide]\n[slide] https:\/\/cinemascop.eu\/2014\/wp-content\/uploads\/2013\/08\/film8_3.jpg[\/slide]\n[\/slider]\n--><\/p>\n<p>Jim Jarmusch \u0219i filmele cu vampiri \u2013 dou\u0103 al\u0103tur\u0103ri care p\u0103reau improbabile p\u00e2n\u0103 la <strong>Only Lovers Left Alive<\/strong>, pelicula proiectat\u0103 anul acesta \u00een competi\u021bia Festivalului de la Cannes. <\/p>\n<p>Tom Hiddleston \u0219i Tilda Swinton au rolurile a doi vampiri sofistica\u021bi a c\u0103ror istorie de amor dureaz\u0103 de cel pu\u021bin c\u00e2teva secole. Actualmente, el este un muzician underground profund deprimat din cauza drumului pe care a apucat-o omenirea, ea, o femeie puternic\u0103 \u0219i enigmatic\u0103 care locuie\u0219te \u00een Tanger. C\u00e2nd se re\u00eent\u00e2lnesc, idila lor e perturbat\u0103 de sosirea surorii ei mai mici (Mia Wasikowska), o t\u00e2n\u0103r\u0103 pe c\u00e2t de extravagant\u0103, pe at\u00e2t de incontrolabil\u0103.<\/p>\n<p>Jim Jarmusch este unul dintre cei mai celebra\u021bi autori de film contemporani.<\/p>\n<p>\u201eVampirii n-au fost niciodat\u0103 mai cool, mai cultiva\u021bi \u0219i, sincer vorbind, mai umani ca \u00een comedia romantic\u0103 a lui Jim Jarmusch\u201d, scria de cur\u00e2nd <strong><em>Vanity Fair<\/strong><\/em>. Pentru revista <strong><em>The Hollywood Reporter<\/strong><\/em>, este \u201ecel mai bun film al lui Jim Jarmusch din ultimii ani, cel mai probabil de la Dead Man, din 1995\u201d.<\/p>\n<p><strong>Distribu\u021bia:<\/strong> Tom HIDDLESTON \u2013 Adam, Tilda SWINTON \u2013 Eve, Mia WASIKOWSKA \u2013 Ava, John HURT \u2013 Marlowe, Anton YELCHIN \u2013 Ian, Slimane DAZI \u2013 Bilal, Jeffrey WRIGHT \u2013 Dr. Watson\n<\/div>\n<p><\/p>\n<p><strong>Trailer<\/strong><br \/>\n<div style=\"max-width:870pxpx;max-height:520pxpx;\"><div class=\"video-shortcode\"><iframe title=\"YouTube video player\" width=\"870px\" height=\"520px\" src=\"https:\/\/www.youtube.com\/embed\/hsnzKtSNBL8\" frameborder=\"0\" allowfullscreen><\/iframe><\/div><\/div>\n","protected":false},"excerpt":{"rendered":"<p>Competi\u021bie, Cannes 2013 Regia: Jim Jarmusch \u021aara: Marea Britanie, Germania Durata: 123\u2032 Jim Jarmusch \u0219i filmele cu vampiri \u2013 dou\u0103 al\u0103tur\u0103ri care p\u0103reau improbabile p\u00e2n\u0103 la Only Lovers Left Alive, pelicula proiectat\u0103 anul acesta \u00een competi\u021bia Festivalului de la Cannes. Tom Hiddleston \u0219i Tilda Swinton au rolurile a doi vampiri sofistica\u021bi a c\u0103ror istorie de amor dureaz\u0103 de cel pu\u021bin c\u00e2teva secole. Actualmente, el este un muzician underground profund deprimat din cauza drumului pe care a apucat-o omenirea, ea, o femeie puternic\u0103 \u0219i enigmatic\u0103 care locuie\u0219te \u00een Tanger. C\u00e2nd se re\u00eent\u00e2lnesc, idila lor e perturbat\u0103 de sosirea surorii ei mai mici (Mia Wasikowska), o t\u00e2n\u0103r\u0103 pe c\u00e2t de extravagant\u0103, pe at\u00e2t de incontrolabil\u0103. Jim Jarmusch este unul dintre cei mai celebra\u021bi autori de film contemporani. \u201eVampirii n-au fost niciodat\u0103 mai cool, mai cultiva\u021bi \u0219i, sincer vorbind, mai umani ca \u00een comedia romantic\u0103 a lui Jim Jarmusch\u201d, scria de cur\u00e2nd Vanity Fair. Pentru revista The Hollywood Reporter, este \u201ecel mai bun film al lui Jim Jarmusch din ultimii ani, cel mai probabil de la Dead Man, din 1995\u201d. Distribu\u021bia: Tom HIDDLESTON \u2013 Adam, Tilda SWINTON \u2013 Eve, Mia WASIKOWSKA \u2013 Ava, John HURT \u2013 Marlowe, Anton YELCHIN \u2013 Ian, Slimane DAZI \u2013 Bilal, Jeffrey WRIGHT \u2013 Dr. Watson Trailer<\/p>\n","protected":false},"author":4,"featured_media":0,"parent":730,"menu_order":8,"comment_status":"open","ping_status":"closed","template":"side-navigation.php","meta":[],"_links":{"self":[{"href":"https:\/\/cinemascop.eu\/2014\/wp-json\/wp\/v2\/pages\/704"}],"collection":[{"href":"https:\/\/cinemascop.eu\/2014\/wp-json\/wp\/v2\/pages"}],"about":[{"href":"https:\/\/cinemascop.eu\/2014\/wp-json\/wp\/v2\/types\/page"}],"author":[{"embeddable":true,"href":"https:\/\/cinemascop.eu\/2014\/wp-json\/wp\/v2\/users\/4"}],"replies":[{"embeddable":true,"href":"https:\/\/cinemascop.eu\/2014\/wp-json\/wp\/v2\/comments?post=704"}],"version-history":[{"count":5,"href":"https:\/\/cinemascop.eu\/2014\/wp-json\/wp\/v2\/pages\/704\/revisions"}],"predecessor-version":[{"id":1482,"href":"https:\/\/cinemascop.eu\/2014\/wp-json\/wp\/v2\/pages\/704\/revisions\/1482"}],"up":[{"embeddable":true,"href":"https:\/\/cinemascop.eu\/2014\/wp-json\/wp\/v2\/pages\/730"}],"wp:attachment":[{"href":"https:\/\/cinemascop.eu\/2014\/wp-json\/wp\/v2\/media?parent=704"}],"curies":[{"name":"wp","href":"https:\/\/api.w.org\/{rel}","templated":true}]}}