{"id":1118,"date":"2013-09-02T15:17:17","date_gmt":"2013-09-02T15:17:17","guid":{"rendered":"https:\/\/cinemascop.eu\/2015\/?page_id=1118"},"modified":"2015-12-21T13:57:48","modified_gmt":"2015-12-21T11:57:48","slug":"botosani","status":"publish","type":"page","link":"https:\/\/cinemascop.eu\/2015\/program\/botosani\/","title":{"rendered":"BOTO\u0218ANI"},"content":{"rendered":"<div class=\"fusion-title title fusion-title-size-one\"><h1 class=\"title-heading-left\">BOTO\u0218ANI \u2013 19-20 decembrie<\/h1><div class=\"title-sep-container\"><div class=\"title-sep sep-double sep-solid\" style=\"border-color:#7b002c;\"><\/div><\/div><\/div><span style=\"margin-right:25px;float:left;\" class=\"fusion-imageframe imageframe-none imageframe-1 hover-type-none\"><a href=\"https:\/\/cinemascop.eu\/2015\/wp-content\/uploads\/2015\/12\/Gala_Filmului_Autor-Botosani.jpg\" class=\"fusion-lightbox\" data-rel=\"iLightbox[69f411838ca44]\" data-title=\"Afi\u0219 \u2013 Gala Filmului de Autor, Boto\u0219ani\"> <img decoding=\"async\" src=\"https:\/\/cinemascop.eu\/2015\/wp-content\/uploads\/2015\/12\/Gala_Filmului_Autor-Botosani.jpg\" alt=\"Afi\u0219 \u2013 Gala Filmului de Autor, Boto\u0219ani\" width=\"500\" class=\"img-responsive\"\/><\/a><\/span><h3 style=\"text-align: justify; color: #7b002c;\"><strong>CINEMA UNIREA<\/strong><\/h3>\n<p style=\"text-align: justify;\"><strong>S\u00e2mb\u0103t\u0103, 19 decembrie<\/strong><br \/>\n13:00 Capital Uman<br \/>\n15:00 Amy<\/p>\n<p style=\"text-align: justify;\"><strong>Duminic\u0103, 20 decembrie<\/strong><br \/>\n13:00 Q.E.D<br \/>\n15:00 Ora\u0219ul C\u00e2inilor<\/p>\n\n","protected":false},"excerpt":{"rendered":"","protected":false},"author":4,"featured_media":0,"parent":24,"menu_order":8,"comment_status":"open","ping_status":"closed","template":"side-navigation.php","meta":[],"_links":{"self":[{"href":"https:\/\/cinemascop.eu\/2015\/wp-json\/wp\/v2\/pages\/1118"}],"collection":[{"href":"https:\/\/cinemascop.eu\/2015\/wp-json\/wp\/v2\/pages"}],"about":[{"href":"https:\/\/cinemascop.eu\/2015\/wp-json\/wp\/v2\/types\/page"}],"author":[{"embeddable":true,"href":"https:\/\/cinemascop.eu\/2015\/wp-json\/wp\/v2\/users\/4"}],"replies":[{"embeddable":true,"href":"https:\/\/cinemascop.eu\/2015\/wp-json\/wp\/v2\/comments?post=1118"}],"version-history":[{"count":5,"href":"https:\/\/cinemascop.eu\/2015\/wp-json\/wp\/v2\/pages\/1118\/revisions"}],"predecessor-version":[{"id":1672,"href":"https:\/\/cinemascop.eu\/2015\/wp-json\/wp\/v2\/pages\/1118\/revisions\/1672"}],"up":[{"embeddable":true,"href":"https:\/\/cinemascop.eu\/2015\/wp-json\/wp\/v2\/pages\/24"}],"wp:attachment":[{"href":"https:\/\/cinemascop.eu\/2015\/wp-json\/wp\/v2\/media?parent=1118"}],"curies":[{"name":"wp","href":"https:\/\/api.w.org\/{rel}","templated":true}]}}