{"id":1127,"date":"2013-09-02T15:26:48","date_gmt":"2013-09-02T15:26:48","guid":{"rendered":"https:\/\/cinemascop.eu\/2015\/?page_id=1127"},"modified":"2015-12-14T13:45:39","modified_gmt":"2015-12-14T11:45:39","slug":"targu-mures","status":"publish","type":"page","link":"https:\/\/cinemascop.eu\/2015\/program\/targu-mures\/","title":{"rendered":"T\u00c2RGU MURE\u0218"},"content":{"rendered":"<div class=\"fusion-title title fusion-title-size-one\"><h1 class=\"title-heading-left\">T\u00c2RGU MURE\u0218 \u2013 3-4 decembrie<\/h1><div class=\"title-sep-container\"><div class=\"title-sep sep-double sep-solid\" style=\"border-color:#7b002c;\"><\/div><\/div><\/div><span style=\"margin-right:25px;float:left;\" class=\"fusion-imageframe imageframe-none imageframe-1 hover-type-none\"><a href=\"https:\/\/cinemascop.eu\/2015\/wp-content\/uploads\/2015\/12\/Gala_Filmului_Autor-Targu_Mures.jpg\" class=\"fusion-lightbox\" data-rel=\"iLightbox[69deae70bcc99]\" data-title=\"Afi\u0219 \u2013 Gala Filmului de Autor, T\u00e2rgu Mure\u0219\"> <img decoding=\"async\" src=\"https:\/\/cinemascop.eu\/2015\/wp-content\/uploads\/2015\/12\/Gala_Filmului_Autor-Targu_Mures.jpg\" alt=\"Afi\u0219 \u2013 Gala Filmului de Autor, T\u00e2rgu Mure\u0219\" width=\"500\" class=\"img-responsive\"\/><\/a><\/span><h3 style=\"text-align: justify; color: #7b002c;\"><strong>CINEMA ARTA<\/strong><\/h3>\n<p style=\"text-align: justify;\"><strong>Vineri, 18 decembrie<\/strong><br \/>\n18:00 La Loi du March\u00e9<br \/>\n20:00 Amy<\/p>\n<p style=\"text-align: justify;\"><strong>S\u00e2mb\u0103t\u0103, 19 decembrie<\/strong><br \/>\n18:00 Dheepan<br \/>\n20:00 Comoara<\/p>\n\n","protected":false},"excerpt":{"rendered":"","protected":false},"author":4,"featured_media":0,"parent":24,"menu_order":7,"comment_status":"open","ping_status":"closed","template":"side-navigation.php","meta":[],"_links":{"self":[{"href":"https:\/\/cinemascop.eu\/2015\/wp-json\/wp\/v2\/pages\/1127"}],"collection":[{"href":"https:\/\/cinemascop.eu\/2015\/wp-json\/wp\/v2\/pages"}],"about":[{"href":"https:\/\/cinemascop.eu\/2015\/wp-json\/wp\/v2\/types\/page"}],"author":[{"embeddable":true,"href":"https:\/\/cinemascop.eu\/2015\/wp-json\/wp\/v2\/users\/4"}],"replies":[{"embeddable":true,"href":"https:\/\/cinemascop.eu\/2015\/wp-json\/wp\/v2\/comments?post=1127"}],"version-history":[{"count":5,"href":"https:\/\/cinemascop.eu\/2015\/wp-json\/wp\/v2\/pages\/1127\/revisions"}],"predecessor-version":[{"id":1668,"href":"https:\/\/cinemascop.eu\/2015\/wp-json\/wp\/v2\/pages\/1127\/revisions\/1668"}],"up":[{"embeddable":true,"href":"https:\/\/cinemascop.eu\/2015\/wp-json\/wp\/v2\/pages\/24"}],"wp:attachment":[{"href":"https:\/\/cinemascop.eu\/2015\/wp-json\/wp\/v2\/media?parent=1127"}],"curies":[{"name":"wp","href":"https:\/\/api.w.org\/{rel}","templated":true}]}}