{"id":1133,"date":"2013-09-02T15:30:38","date_gmt":"2013-09-02T15:30:38","guid":{"rendered":"https:\/\/cinemascop.eu\/2015\/?page_id=1133"},"modified":"2015-11-26T16:18:03","modified_gmt":"2015-11-26T14:18:03","slug":"sfantu-gheorghe","status":"publish","type":"page","link":"https:\/\/cinemascop.eu\/2015\/program\/sfantu-gheorghe\/","title":{"rendered":"SF\u00c2NTU GHEORGHE"},"content":{"rendered":"<div class=\"fusion-title title fusion-title-size-one\"><h1 class=\"title-heading-left\">SF\u00c2NTU GHEORGHE \u2013 28 noiembrie<\/h1><div class=\"title-sep-container\"><div class=\"title-sep sep-double sep-solid\" style=\"border-color:#7b002c;\"><\/div><\/div><\/div><span style=\"margin-right:25px;float:left;\" class=\"fusion-imageframe imageframe-none imageframe-1 hover-type-none\"><a href=\"https:\/\/cinemascop.eu\/2015\/wp-content\/uploads\/2015\/11\/Gala_Filmului_Autor-Sfantu_Gheorghe.jpg\" class=\"fusion-lightbox\" data-rel=\"iLightbox[69e211a000844]\" data-title=\"Afi\u0219 \u2013 Gala Filmului de Autor, Sf\u00e2ntu Gheorghe\"> <img decoding=\"async\" src=\"https:\/\/cinemascop.eu\/2015\/wp-content\/uploads\/2015\/11\/Gala_Filmului_Autor-Sfantu_Gheorghe.jpg\" alt=\"Afi\u0219 \u2013 Gala Filmului de Autor, Sf\u00e2ntu Gheorghe\" width=\"500\" class=\"img-responsive\"\/><\/a><\/span><h3 style=\"text-align: justify; color: #7b002c;\"><strong>CASA DE CULTUR\u0102 \u201eK\u00d3NYA \u00c1D\u00c1M\u201d<\/strong><\/h3>\n<p style=\"text-align: justify;\"><strong>S\u00e2mb\u0103t\u0103, 28 noiembrie<\/strong><br \/>\n18:00 Comoara<br \/>\n20:00 Capital Uman<\/p>\n\n","protected":false},"excerpt":{"rendered":"","protected":false},"author":4,"featured_media":0,"parent":24,"menu_order":4,"comment_status":"open","ping_status":"closed","template":"side-navigation.php","meta":[],"_links":{"self":[{"href":"https:\/\/cinemascop.eu\/2015\/wp-json\/wp\/v2\/pages\/1133"}],"collection":[{"href":"https:\/\/cinemascop.eu\/2015\/wp-json\/wp\/v2\/pages"}],"about":[{"href":"https:\/\/cinemascop.eu\/2015\/wp-json\/wp\/v2\/types\/page"}],"author":[{"embeddable":true,"href":"https:\/\/cinemascop.eu\/2015\/wp-json\/wp\/v2\/users\/4"}],"replies":[{"embeddable":true,"href":"https:\/\/cinemascop.eu\/2015\/wp-json\/wp\/v2\/comments?post=1133"}],"version-history":[{"count":5,"href":"https:\/\/cinemascop.eu\/2015\/wp-json\/wp\/v2\/pages\/1133\/revisions"}],"predecessor-version":[{"id":1659,"href":"https:\/\/cinemascop.eu\/2015\/wp-json\/wp\/v2\/pages\/1133\/revisions\/1659"}],"up":[{"embeddable":true,"href":"https:\/\/cinemascop.eu\/2015\/wp-json\/wp\/v2\/pages\/24"}],"wp:attachment":[{"href":"https:\/\/cinemascop.eu\/2015\/wp-json\/wp\/v2\/media?parent=1133"}],"curies":[{"name":"wp","href":"https:\/\/api.w.org\/{rel}","templated":true}]}}