{"id":1193,"date":"2015-11-20T21:30:28","date_gmt":"2015-11-20T19:30:28","guid":{"rendered":"https:\/\/cinemascop.eu\/2015\/?page_id=1193"},"modified":"2015-11-23T18:16:10","modified_gmt":"2015-11-23T16:16:10","slug":"sebes","status":"publish","type":"page","link":"https:\/\/cinemascop.eu\/2015\/program\/sebes\/","title":{"rendered":"SEBE\u0218"},"content":{"rendered":"<div class=\"fusion-title title fusion-title-size-one\"><h1 class=\"title-heading-left\">SEBE\u0218 \u2013 28-29 noiembrie<\/h1><div class=\"title-sep-container\"><div class=\"title-sep sep-double sep-solid\" style=\"border-color:#7b002c;\"><\/div><\/div><\/div><span style=\"margin-right:25px;float:left;\" class=\"fusion-imageframe imageframe-none imageframe-1 hover-type-none\"><a href=\"https:\/\/cinemascop.eu\/2015\/wp-content\/uploads\/2015\/11\/Gala_Filmului_Autor-Sebes.jpg\" class=\"fusion-lightbox\" data-rel=\"iLightbox[69d5408425253]\" data-title=\"Afi\u0219 \u2013 Gala Filmului de Autor, Sebe\u0219\"> <img decoding=\"async\" alt=\"Afi\u0219 \u2013 Gala Filmului de Autor, Sebe\u0219\" src=\"https:\/\/cinemascop.eu\/2015\/wp-content\/uploads\/2015\/11\/Gala_Filmului_Autor-Sebes.jpg\" width=\"500\" class=\"img-responsive\"\/><\/a><\/span><h3 style=\"text-align: justify; color: #7b002c;\"><strong>CENTRUL CULTURAL \u201eLUCIAN BLAGA\u201d<\/strong><\/h3>\n<p style=\"text-align: justify;\"><strong>S\u00e2mb\u0103t\u0103, 28 noiembrie<\/strong><br \/>\n17:00 Comoara<br \/>\n19:00 Capital Uman<\/p>\n<p style=\"text-align: justify;\"><strong>Duminic\u0103, 29 noiembrie<\/strong><br \/>\n17:00 Ora\u0219ul C\u00e2inilor<br \/>\n19:00 Dheepan<\/p>\n\n","protected":false},"excerpt":{"rendered":"","protected":false},"author":4,"featured_media":0,"parent":24,"menu_order":3,"comment_status":"open","ping_status":"closed","template":"side-navigation.php","meta":[],"_links":{"self":[{"href":"https:\/\/cinemascop.eu\/2015\/wp-json\/wp\/v2\/pages\/1193"}],"collection":[{"href":"https:\/\/cinemascop.eu\/2015\/wp-json\/wp\/v2\/pages"}],"about":[{"href":"https:\/\/cinemascop.eu\/2015\/wp-json\/wp\/v2\/types\/page"}],"author":[{"embeddable":true,"href":"https:\/\/cinemascop.eu\/2015\/wp-json\/wp\/v2\/users\/4"}],"replies":[{"embeddable":true,"href":"https:\/\/cinemascop.eu\/2015\/wp-json\/wp\/v2\/comments?post=1193"}],"version-history":[{"count":5,"href":"https:\/\/cinemascop.eu\/2015\/wp-json\/wp\/v2\/pages\/1193\/revisions"}],"predecessor-version":[{"id":1641,"href":"https:\/\/cinemascop.eu\/2015\/wp-json\/wp\/v2\/pages\/1193\/revisions\/1641"}],"up":[{"embeddable":true,"href":"https:\/\/cinemascop.eu\/2015\/wp-json\/wp\/v2\/pages\/24"}],"wp:attachment":[{"href":"https:\/\/cinemascop.eu\/2015\/wp-json\/wp\/v2\/media?parent=1193"}],"curies":[{"name":"wp","href":"https:\/\/api.w.org\/{rel}","templated":true}]}}