{"id":22,"date":"2013-03-16T19:20:09","date_gmt":"2013-03-16T19:20:09","guid":{"rendered":"https:\/\/cinemascop.eu\/2015\/?page_id=22"},"modified":"2017-09-12T16:13:07","modified_gmt":"2017-09-12T14:13:07","slug":"comoara","status":"publish","type":"page","link":"https:\/\/cinemascop.eu\/2015\/filme\/comoara\/","title":{"rendered":"Comoara"},"content":{"rendered":"<div class=\"fusion-title title fusion-title-size-one\"><h1 class=\"title-heading-left\">Comoara (2015)<\/h1><div class=\"title-sep-container\"><div class=\"title-sep sep-double sep-solid\" style=\"border-color:#7b002c;\"><\/div><\/div><\/div><p style=\"text-align: justify;\"><strong>Un Certain Talent, Cannes 2015<\/strong><\/p>\n<p style=\"text-align: justify;\">Regia: Corneliu Porumboiu<br \/>\n\u021aara: Rom\u00e2nia<br \/>\nDurata: 89 minute<br \/>\nDistribu\u021bia: Toma Cuzin, Adrian Purc\u0103rescu, Corneliu Cozmei, Cristina Toma<\/p>\n<div class=\"fusion-sep-clear\"><\/div><div class=\"fusion-separator fusion-full-width-sep sep-none\" style=\"border-color:#e0dede;margin-left: auto;margin-right: auto;margin-top:20px;\"><\/div><p style=\"text-align: justify;\">Costi lucreaz\u0103 la prim\u0103rie \u0219i duce o via\u021b\u0103 lini\u0219tit\u0103, cum \u00eei place lui s\u0103 spun\u0103. Seara obi\u0219nuie\u0219te s\u0103-i citeasc\u0103 pove\u0219ti fiului s\u0103u de 6 ani. Preferata lor e Robin Hood. \u00centr-o sear\u0103, un vecin \u00eei spune c\u0103 \u00een satul bunicilor s\u0103i exist\u0103 o legend\u0103: se zice c\u0103 str\u0103bunicul s\u0103u ar fi \u00eengropat o comoar\u0103 \u00een curtea casei, \u00eenainte de venirea comuni\u0219tilor la putere. \u00cen cazul \u00een care Costi va pl\u0103ti pe cineva cu un detector de metale \u0219i vor g\u0103si comoara, o vor \u00eemp\u0103r\u021bi jum\u0103tate \u2013 jum\u0103tate. Costi nu st\u0103 prea mult pe g\u00e2nduri.<\/p>\n<div class=\"fusion-sep-clear\"><\/div><div class=\"fusion-separator fusion-full-width-sep sep-none\" style=\"border-color:#e0dede;margin-left: auto;margin-right: auto;margin-top:10px;\"><\/div><div class=\"fusion-title title fusion-title-size-two\"><h2 class=\"title-heading-left\">Trailer<\/h2><div class=\"title-sep-container\"><div class=\"title-sep sep-single\" style=\"border-color:#7b002c;\"><\/div><\/div><\/div><div class=\"fusion-video fusion-youtube\" style=\"max-width:781pxpx;max-height:450pxpx;\"><div class=\"video-shortcode\"><iframe title=\"YouTube video player\" src=\"https:\/\/www.youtube.com\/embed\/Rw5Gs7-cAAk?wmode=transparent&autoplay=0\" width=\"781px\" height=\"450px\" frameborder=\"0\" allowfullscreen><\/iframe><\/div><\/div>\n","protected":false},"excerpt":{"rendered":"","protected":false},"author":4,"featured_media":0,"parent":730,"menu_order":2,"comment_status":"open","ping_status":"closed","template":"side-navigation.php","meta":[],"_links":{"self":[{"href":"https:\/\/cinemascop.eu\/2015\/wp-json\/wp\/v2\/pages\/22"}],"collection":[{"href":"https:\/\/cinemascop.eu\/2015\/wp-json\/wp\/v2\/pages"}],"about":[{"href":"https:\/\/cinemascop.eu\/2015\/wp-json\/wp\/v2\/types\/page"}],"author":[{"embeddable":true,"href":"https:\/\/cinemascop.eu\/2015\/wp-json\/wp\/v2\/users\/4"}],"replies":[{"embeddable":true,"href":"https:\/\/cinemascop.eu\/2015\/wp-json\/wp\/v2\/comments?post=22"}],"version-history":[{"count":5,"href":"https:\/\/cinemascop.eu\/2015\/wp-json\/wp\/v2\/pages\/22\/revisions"}],"predecessor-version":[{"id":1682,"href":"https:\/\/cinemascop.eu\/2015\/wp-json\/wp\/v2\/pages\/22\/revisions\/1682"}],"up":[{"embeddable":true,"href":"https:\/\/cinemascop.eu\/2015\/wp-json\/wp\/v2\/pages\/730"}],"wp:attachment":[{"href":"https:\/\/cinemascop.eu\/2015\/wp-json\/wp\/v2\/media?parent=22"}],"curies":[{"name":"wp","href":"https:\/\/api.w.org\/{rel}","templated":true}]}}