{"id":686,"date":"2013-08-30T11:08:41","date_gmt":"2013-08-30T11:08:41","guid":{"rendered":"https:\/\/cinemascop.eu\/2015\/?page_id=686"},"modified":"2017-09-12T16:13:30","modified_gmt":"2017-09-12T14:13:30","slug":"capital-uman","status":"publish","type":"page","link":"https:\/\/cinemascop.eu\/2015\/filme\/capital-uman\/","title":{"rendered":"Capital Uman"},"content":{"rendered":"<div class=\"fusion-title title fusion-title-size-one\"><h1 class=\"title-heading-left\">Capital Uman (2014)<\/h1><div class=\"title-sep-container\"><div class=\"title-sep sep-double sep-solid\" style=\"border-color:#7b002c;\"><\/div><\/div><\/div><p style=\"text-align: justify;\"><strong>Propunerea Italiei la Oscarul pentru Cel mai bun film str\u0103in<\/strong><\/p>\n<p style=\"text-align: justify;\">Regia: Paolo Virzi<br \/>\n\u021aara: Italia<br \/>\nDurata: 110 minute<br \/>\nDistribu\u021bia: Valeria Bruni-Tedeschi, Fabrizio Bentivoglio, Valeria Golino<\/p>\n<div class=\"fusion-sep-clear\"><\/div><div class=\"fusion-separator fusion-full-width-sep sep-none\" style=\"border-color:#e0dede;margin-left: auto;margin-right: auto;margin-top:20px;\"><\/div><p style=\"text-align: justify;\">Lacul Como, Italia. Un biciclist a fost lovit de un jeep cu o sear\u0103 \u00eenainte de Ajunul Cr\u0103ciunului. Ce s-a petrecut \u00een seara aceea? Cum va schimba acest accident soarta \u00eenst\u0103ritei familii Bernaschi \u0219i a familei Rovelli, aflat\u0103 \u00een pragul falimentului?<\/p>\n<p style=\"text-align: justify;\">O produc\u021bie Indiana Production, RAI Cinema. Co-produc\u021bie: Manny Films.<\/p>\n<p style=\"text-align: justify;\">Distribuit \u00een Rom\u00e2nia de Voodoo Films.<\/p>\n<div class=\"fusion-sep-clear\"><\/div><div class=\"fusion-separator fusion-full-width-sep sep-none\" style=\"border-color:#e0dede;margin-left: auto;margin-right: auto;margin-top:10px;\"><\/div><div class=\"fusion-title title fusion-title-size-two\"><h2 class=\"title-heading-left\">Trailer<\/h2><div class=\"title-sep-container\"><div class=\"title-sep sep-single sep-solid\" style=\"border-color:#7b002c;\"><\/div><\/div><\/div><div class=\"fusion-video fusion-youtube\" style=\"max-width:781pxpx;max-height:450pxpx;\"><div class=\"video-shortcode\"><iframe title=\"YouTube video player\" src=\"https:\/\/www.youtube.com\/embed\/7VnEFuYWND4?wmode=transparent&autoplay=0\" width=\"781px\" height=\"450px\" frameborder=\"0\" allowfullscreen><\/iframe><\/div><\/div>\n","protected":false},"excerpt":{"rendered":"","protected":false},"author":4,"featured_media":0,"parent":730,"menu_order":4,"comment_status":"open","ping_status":"closed","template":"side-navigation.php","meta":[],"_links":{"self":[{"href":"https:\/\/cinemascop.eu\/2015\/wp-json\/wp\/v2\/pages\/686"}],"collection":[{"href":"https:\/\/cinemascop.eu\/2015\/wp-json\/wp\/v2\/pages"}],"about":[{"href":"https:\/\/cinemascop.eu\/2015\/wp-json\/wp\/v2\/types\/page"}],"author":[{"embeddable":true,"href":"https:\/\/cinemascop.eu\/2015\/wp-json\/wp\/v2\/users\/4"}],"replies":[{"embeddable":true,"href":"https:\/\/cinemascop.eu\/2015\/wp-json\/wp\/v2\/comments?post=686"}],"version-history":[{"count":5,"href":"https:\/\/cinemascop.eu\/2015\/wp-json\/wp\/v2\/pages\/686\/revisions"}],"predecessor-version":[{"id":1684,"href":"https:\/\/cinemascop.eu\/2015\/wp-json\/wp\/v2\/pages\/686\/revisions\/1684"}],"up":[{"embeddable":true,"href":"https:\/\/cinemascop.eu\/2015\/wp-json\/wp\/v2\/pages\/730"}],"wp:attachment":[{"href":"https:\/\/cinemascop.eu\/2015\/wp-json\/wp\/v2\/media?parent=686"}],"curies":[{"name":"wp","href":"https:\/\/api.w.org\/{rel}","templated":true}]}}