{"id":688,"date":"2013-08-30T11:09:31","date_gmt":"2013-08-30T11:09:31","guid":{"rendered":"https:\/\/cinemascop.eu\/2015\/?page_id=688"},"modified":"2017-09-12T16:13:41","modified_gmt":"2017-09-12T14:13:41","slug":"white-god","status":"publish","type":"page","link":"https:\/\/cinemascop.eu\/2015\/filme\/white-god\/","title":{"rendered":"White God"},"content":{"rendered":"<div class=\"fusion-title title fusion-title-size-one\"><h1 class=\"title-heading-left\">White God (2015)<\/h1><div class=\"title-sep-container\"><div class=\"title-sep sep-double sep-solid\" style=\"border-color:#7b002c;\"><\/div><\/div><\/div><p style=\"text-align: justify;\"><strong>Premiul Un Certain Regard, Cannes 2014<\/strong><\/p>\n<p style=\"text-align: justify;\">Regia: Korn\u00e9l Mundrucz\u00f3<br \/>\n\u021aar\u0103: Ungaria<br \/>\nDurata: 119 minute<br \/>\nDistribu\u021bia: Zs\u00f3fia PSOTTA, S\u00e1ndor ZS\u00d3T\u00c9R, Lili MONORI, Lili HORV\u00c1TH<\/p>\n<div class=\"fusion-sep-clear\"><\/div><div class=\"fusion-separator fusion-full-width-sep sep-none\" style=\"border-color:#e0dede;margin-left: auto;margin-right: auto;margin-top:20px;\"><\/div><p style=\"text-align: justify;\">Al \u0219aselea \u0219i cel mai bun film al regizorului maghiar Korn\u00e9l Mundrucz\u00f3, potrivit \u201eVariety\u201d, White God a c\u00e2\u0219tigat Marele Premiu al sec\u021biunii Un Certain Regard la Cannes 2014 \u0219i este propunerea Ungariei la Oscar. C\u00e2inii din film (Body \u0219i Luke, care au jucat acela\u0219i personaj) au primit neoficialul Palm Dog, principalul lor rival fiind Roxy, c\u00e2inele lui Jean-Luc Godard din Adieu au langage.<\/p>\n<p style=\"text-align: justify;\">\u201eO fabul\u0103 despre o specie superioar\u0103 \u0219i inferiorii ei c\u0103zu\u021bi \u00een dizgra\u021bie\u2026\u201d, spune sinopsisul filmului, o alegorie impresionant\u0103 despre rasism \u0219i inegalitate social\u0103, \u00een care c\u00e2inii f\u0103r\u0103 st\u0103p\u00e2n se coalizeaz\u0103 ca s\u0103 se r\u0103zbune pe oameni.<\/p>\n<p style=\"text-align: justify;\">Filmul este inspirat de o \u0219tire real\u0103 din Ungaria: extrema dreapt\u0103 a \u00eencercat \u2013 f\u0103r\u0103 succes \u2013 s\u0103 voteze o lege prin care st\u0103p\u00e2nii de c\u00e2ini ar fi fost impozita\u021bi diferit: taxe mari pentru meti\u0219i, taxe mai mici pentru c\u00e2inii cu pedigree \u0219i scutire de plat\u0103 pentru rasele ungure\u0219ti.<\/p>\n<p style=\"text-align: justify;\">\u00cen White God, o feti\u021b\u0103 de 13 ani \u00ee\u0219i caut\u0103 cu disperare c\u00e2inele l\u0103sat pe strad\u0103 de tat\u0103l ei, dup\u0103 impunerea acestei legi. Pentru aceast\u0103 \u201eapocalips\u0103 a c\u00e2inilor\u201d \u00een Budapesta, Korn\u00e9l Mundrucz\u00f3 a lucrat cu circa 250 de c\u00e2ini dresa\u021bi timp de 6 luni \u00eenainte de film\u0103ri. Titlul este un clin d\u2019oeil la un film cult din 1982, White Dog, al lui Sam Fuller, despre un ciob\u0103nesc german dresat s\u0103 atace oameni cu pielea \u00eenchis\u0103 la culoare.<\/p>\n<div class=\"fusion-sep-clear\"><\/div><div class=\"fusion-separator fusion-full-width-sep sep-none\" style=\"border-color:#e0dede;margin-left: auto;margin-right: auto;margin-top:10px;\"><\/div><div class=\"fusion-title title fusion-title-size-two\"><h2 class=\"title-heading-left\">Trailer<\/h2><div class=\"title-sep-container\"><div class=\"title-sep sep-single sep-solid\" style=\"border-color:#7b002c;\"><\/div><\/div><\/div><div class=\"fusion-video fusion-youtube\" style=\"max-width:781pxpx;max-height:450pxpx;\"><div class=\"video-shortcode\"><iframe title=\"YouTube video player\" src=\"https:\/\/www.youtube.com\/embed\/kIGz2kyo26U?wmode=transparent&autoplay=0\" width=\"781px\" height=\"450px\" frameborder=\"0\" allowfullscreen><\/iframe><\/div><\/div>\n","protected":false},"excerpt":{"rendered":"","protected":false},"author":4,"featured_media":0,"parent":730,"menu_order":5,"comment_status":"open","ping_status":"closed","template":"side-navigation.php","meta":[],"_links":{"self":[{"href":"https:\/\/cinemascop.eu\/2015\/wp-json\/wp\/v2\/pages\/688"}],"collection":[{"href":"https:\/\/cinemascop.eu\/2015\/wp-json\/wp\/v2\/pages"}],"about":[{"href":"https:\/\/cinemascop.eu\/2015\/wp-json\/wp\/v2\/types\/page"}],"author":[{"embeddable":true,"href":"https:\/\/cinemascop.eu\/2015\/wp-json\/wp\/v2\/users\/4"}],"replies":[{"embeddable":true,"href":"https:\/\/cinemascop.eu\/2015\/wp-json\/wp\/v2\/comments?post=688"}],"version-history":[{"count":5,"href":"https:\/\/cinemascop.eu\/2015\/wp-json\/wp\/v2\/pages\/688\/revisions"}],"predecessor-version":[{"id":1368,"href":"https:\/\/cinemascop.eu\/2015\/wp-json\/wp\/v2\/pages\/688\/revisions\/1368"}],"up":[{"embeddable":true,"href":"https:\/\/cinemascop.eu\/2015\/wp-json\/wp\/v2\/pages\/730"}],"wp:attachment":[{"href":"https:\/\/cinemascop.eu\/2015\/wp-json\/wp\/v2\/media?parent=688"}],"curies":[{"name":"wp","href":"https:\/\/api.w.org\/{rel}","templated":true}]}}