{"id":695,"date":"2013-08-30T11:13:51","date_gmt":"2013-08-30T11:13:51","guid":{"rendered":"https:\/\/cinemascop.eu\/2015\/?page_id=695"},"modified":"2017-09-12T16:12:38","modified_gmt":"2017-09-12T14:12:38","slug":"dheepan","status":"publish","type":"page","link":"https:\/\/cinemascop.eu\/2015\/filme\/dheepan\/","title":{"rendered":"Dheepan"},"content":{"rendered":"<div class=\"fusion-title title fusion-title-size-one\"><h1 class=\"title-heading-left\">Dheepan (2015)<\/h1><div class=\"title-sep-container\"><div class=\"title-sep sep-double sep-solid\" style=\"border-color:#7b002c;\"><\/div><\/div><\/div><p style=\"text-align: justify;\"><strong>Palme d\u2019Or, Cannes 2015<\/strong><\/p>\n<p style=\"text-align: justify;\">Regizat de: Jacques AUDIARD<br \/>\n\u021aara: Fran\u021ba<br \/>\nAnul: 2015<br \/>\nDurata: 100 minute<br \/>\nDistribu\u021bia: Jesuthasan ANTONYTHASAN, Kalieaswari SRINIVASAN, Claudine VINASITHAMBY, Vincent ROTTIERS, Marc ZINGA<\/p>\n<div class=\"fusion-sep-clear\"><\/div><div class=\"fusion-separator fusion-full-width-sep sep-none\" style=\"border-color:#e0dede;margin-left: auto;margin-right: auto;margin-top:20px;\"><\/div><p style=\"text-align: justify;\">Fugind din calea r\u0103zboiului civil din Sri Lanka, un fost soldat, o femeie t\u00e2n\u0103r\u0103 \u0219i o feti\u021b\u0103 pretind c\u0103 sunt o familie pentru a trece grani\u021bele. Refugia\u021bi \u00een Fran\u021ba, \u00eentr-un ora\u0219 problematic, abia cunosc\u00e2ndu-se unii pe al\u021bii, ei \u00eencearc\u0103 s\u0103-\u0219i construiasc\u0103 un c\u0103min.<\/p>\n<p style=\"text-align: justify;\">Un film distribuit \u00een Rom\u00e2nia de Independen\u021ba\u00a0Film.<\/p>\n<div class=\"fusion-sep-clear\"><\/div><div class=\"fusion-separator fusion-full-width-sep sep-none\" style=\"border-color:#e0dede;margin-left: auto;margin-right: auto;margin-top:10px;\"><\/div><div class=\"fusion-title title fusion-title-size-two\"><h2 class=\"title-heading-left\">Trailer<\/h2><div class=\"title-sep-container\"><div class=\"title-sep sep-single sep-solid\" style=\"border-color:#7b002c;\"><\/div><\/div><\/div><div class=\"fusion-video fusion-youtube\" style=\"max-width:781pxpx;max-height:450pxpx;\"><div class=\"video-shortcode\"><iframe title=\"YouTube video player\" src=\"https:\/\/www.youtube.com\/embed\/ekJf6YipKRM?wmode=transparent&autoplay=0\" width=\"781px\" height=\"450px\" frameborder=\"0\" allowfullscreen><\/iframe><\/div><\/div>\n","protected":false},"excerpt":{"rendered":"","protected":false},"author":4,"featured_media":0,"parent":730,"menu_order":6,"comment_status":"open","ping_status":"closed","template":"side-navigation.php","meta":[],"_links":{"self":[{"href":"https:\/\/cinemascop.eu\/2015\/wp-json\/wp\/v2\/pages\/695"}],"collection":[{"href":"https:\/\/cinemascop.eu\/2015\/wp-json\/wp\/v2\/pages"}],"about":[{"href":"https:\/\/cinemascop.eu\/2015\/wp-json\/wp\/v2\/types\/page"}],"author":[{"embeddable":true,"href":"https:\/\/cinemascop.eu\/2015\/wp-json\/wp\/v2\/users\/4"}],"replies":[{"embeddable":true,"href":"https:\/\/cinemascop.eu\/2015\/wp-json\/wp\/v2\/comments?post=695"}],"version-history":[{"count":5,"href":"https:\/\/cinemascop.eu\/2015\/wp-json\/wp\/v2\/pages\/695\/revisions"}],"predecessor-version":[{"id":1680,"href":"https:\/\/cinemascop.eu\/2015\/wp-json\/wp\/v2\/pages\/695\/revisions\/1680"}],"up":[{"embeddable":true,"href":"https:\/\/cinemascop.eu\/2015\/wp-json\/wp\/v2\/pages\/730"}],"wp:attachment":[{"href":"https:\/\/cinemascop.eu\/2015\/wp-json\/wp\/v2\/media?parent=695"}],"curies":[{"name":"wp","href":"https:\/\/api.w.org\/{rel}","templated":true}]}}