{"id":699,"date":"2013-08-30T11:16:16","date_gmt":"2013-08-30T11:16:16","guid":{"rendered":"https:\/\/cinemascop.eu\/2015\/?page_id=699"},"modified":"2017-09-12T16:12:56","modified_gmt":"2017-09-12T14:12:56","slug":"amy","status":"publish","type":"page","link":"https:\/\/cinemascop.eu\/2015\/filme\/amy\/","title":{"rendered":"Amy"},"content":{"rendered":"<div class=\"fusion-title title fusion-title-size-one\"><h1 class=\"title-heading-left\">Amy (2015)<\/h1><div class=\"title-sep-container\"><div class=\"title-sep sep-double sep-solid\" style=\"border-color:#7b002c;\"><\/div><\/div><\/div><p style=\"text-align: justify;\"><strong>\u00cen afara competi\u021biei, Cannes 2015<\/strong><\/p>\n<p style=\"text-align: justify;\">Regia: Asif KAPADIA<br \/>\n\u021aara: Marea Britanie<br \/>\nDurata: 127 minute<br \/>\nDistribu\u021bia: Amy Winehouse<\/p>\n<div class=\"fusion-sep-clear\"><\/div><div class=\"fusion-separator fusion-full-width-sep sep-none\" style=\"border-color:#e0dede;margin-left: auto;margin-right: auto;margin-top:20px;\"><\/div><p style=\"text-align: justify;\">Un talent unic \u00eentr-o genera\u021bie, Amy Winehouse a fost o c\u00e2nt\u0103rea\u021b\u0103 ce a captat aten\u021bia \u00eentregii lumi. Un artist de jazz \u00een cel mai autentic sens al cuv\u00e2ntului \u2013 a scris \u0219i a c\u00e2ntat din suflet, folosindu-se de harul s\u0103u muzical pentru a-\u0219i analiza propriile probleme. Combina\u021bia dintre sinceritatea ei pur\u0103 \u0219i talentul s\u0103u excep\u021bional a creat unele dintre cele mai adorate melodii ale epocii moderne.<\/p>\n<p style=\"text-align: justify;\">Succesul ei imens a venit la pachet cu o invazie a reprezentan\u021bilor mass media, care, \u00eempreun\u0103 cu rela\u021biile ei defectuoase \u0219i stilul de via\u021b\u0103 precar au marcat \u00eenceputul declinului ei tragic. Amy Winehouse a decedat \u00een urma unei intoxica\u021bii cu alcool, \u00een iulie 2011, la v\u00e2rsta de 27 de ani.<\/p>\n<div class=\"fusion-sep-clear\"><\/div><div class=\"fusion-separator fusion-full-width-sep sep-none\" style=\"border-color:#e0dede;margin-left: auto;margin-right: auto;margin-top:10px;\"><\/div><div class=\"fusion-title title fusion-title-size-two\"><h2 class=\"title-heading-left\">Trailer<\/h2><div class=\"title-sep-container\"><div class=\"title-sep sep-single sep-solid\" style=\"border-color:#7b002c;\"><\/div><\/div><\/div><div class=\"fusion-video fusion-youtube\" style=\"max-width:781pxpx;max-height:450pxpx;\"><div class=\"video-shortcode\"><iframe title=\"YouTube video player\" src=\"https:\/\/www.youtube.com\/embed\/_2yCIwmNuLE?wmode=transparent&autoplay=0\" width=\"781px\" height=\"450px\" frameborder=\"0\" allowfullscreen><\/iframe><\/div><\/div>\n","protected":false},"excerpt":{"rendered":"","protected":false},"author":4,"featured_media":0,"parent":730,"menu_order":1,"comment_status":"open","ping_status":"closed","template":"side-navigation.php","meta":[],"_links":{"self":[{"href":"https:\/\/cinemascop.eu\/2015\/wp-json\/wp\/v2\/pages\/699"}],"collection":[{"href":"https:\/\/cinemascop.eu\/2015\/wp-json\/wp\/v2\/pages"}],"about":[{"href":"https:\/\/cinemascop.eu\/2015\/wp-json\/wp\/v2\/types\/page"}],"author":[{"embeddable":true,"href":"https:\/\/cinemascop.eu\/2015\/wp-json\/wp\/v2\/users\/4"}],"replies":[{"embeddable":true,"href":"https:\/\/cinemascop.eu\/2015\/wp-json\/wp\/v2\/comments?post=699"}],"version-history":[{"count":5,"href":"https:\/\/cinemascop.eu\/2015\/wp-json\/wp\/v2\/pages\/699\/revisions"}],"predecessor-version":[{"id":1681,"href":"https:\/\/cinemascop.eu\/2015\/wp-json\/wp\/v2\/pages\/699\/revisions\/1681"}],"up":[{"embeddable":true,"href":"https:\/\/cinemascop.eu\/2015\/wp-json\/wp\/v2\/pages\/730"}],"wp:attachment":[{"href":"https:\/\/cinemascop.eu\/2015\/wp-json\/wp\/v2\/media?parent=699"}],"curies":[{"name":"wp","href":"https:\/\/api.w.org\/{rel}","templated":true}]}}